{"id":6199,"date":"2019-11-15T20:23:06","date_gmt":"2019-11-15T18:23:06","guid":{"rendered":"http:\/\/pc-direkthandel.de\/wordpress\/?post_type=product&#038;p=6199"},"modified":"2019-11-15T20:25:01","modified_gmt":"2019-11-15T18:25:01","slug":"motorola-startac-s1201-rot","status":"publish","type":"product","link":"http:\/\/pc-direkthandel.de\/wordpress\/product\/motorola-startac-s1201-rot\/","title":{"rendered":"Motorola StarTac S1201"},"content":{"rendered":"<p>Das digitale Schnurlostelefon <b>Motorola STARTAC S1201<\/b> ist ideal f\u00fcr preisbewu\u00dfte Vieltelefonierer mit Design-Anspruch. Das S1201 \u00fcberzeugt trotz niedrigem Preis durch eine komfortable Ausstattung.<\/p>\n<p><b>Kurzmerkmale:<\/b><\/p>\n<ul>\n<li>Hintergrundbeleuchtetes Monochrom-Display mit hohem Kontrast<\/li>\n<li>DECT-GAP Technologie &#8211; Anschluss von bis zu 5 GAP-f\u00e4higen Mobilteilen<\/li>\n<li>ECO-Modus zur Reduzierung von Sendeleistung und Energieverbrauch<\/li>\n<li>Komfortfunktionen: Anruferkennung (CLIP), Telefonbuch mit bis zu 50 Eintr\u00e4gen, Interkomfunktion, polyphone Klingelt\u00f6ne, Stummschaltung, Freisprechen<\/li>\n<\/ul>\n<p>Neben der DECT-GAP Technologie f\u00fcr den Anschluss von bis zu 5 GAP-f\u00e4higen Mobilteilen an der Basisstation verf\u00fcgt das S1201 \u00fcber einen ECO-Modus zur Reduzierung von Sendeleistung und des Energieverbrauchs. Dadurch kann STARTAC S1201 bis zu 200 Stunden in Bereitschaft bleiben oder bis zu 10 Stunden lange Marathongespr\u00e4che. Mit polyphonen Klingelt\u00f6nen und einstellbarer Ruftonlautst\u00e4rke ist gew\u00e4hrleistet, dass kein Anruf verpasst wird. Ansonsten tauchen Anrufe in Abwesenheit auf der Anruferliste auf. STARTAC S1201 unterst\u00fctzt zus\u00e4tzlich Interngespr\u00e4che (erfordert zweites Mobilteil). Ein komplettes Schnurlostelefon f\u00fcr den kleinen Geldbeutel &#8211; Motorola STARTAC S1201.<\/p>\n","protected":false},"excerpt":{"rendered":"<p>Das digitale Schnurlostelefon Motorola STARTAC S1201 ist ideal f\u00fcr preisbewu\u00dfte Vieltelefonierer mit Design-Anspruch. Das S1201 \u00fcberzeugt trotz niedrigem Preis durch eine komfortable Ausstattung. Kurzmerkmale: Hintergrundbeleuchtetes Monochrom-Display mit hohem Kontrast DECT-GAP Technologie &#8211; Anschluss von bis zu 5 GAP-f\u00e4higen Mobilteilen ECO-Modus zur Reduzierung von Sendeleistung und Energieverbrauch Komfortfunktionen: Anruferkennung (CLIP), Telefonbuch mit bis zu 50 Eintr\u00e4gen, [&hellip;]<\/p>\n","protected":false},"featured_media":6201,"comment_status":"open","ping_status":"closed","template":"","meta":{"_acf_changed":false},"product_cat":[376],"product_tag":[],"acf":[],"jetpack_sharing_enabled":true,"_links":{"self":[{"href":"http:\/\/pc-direkthandel.de\/wordpress\/wp-json\/wp\/v2\/product\/6199"}],"collection":[{"href":"http:\/\/pc-direkthandel.de\/wordpress\/wp-json\/wp\/v2\/product"}],"about":[{"href":"http:\/\/pc-direkthandel.de\/wordpress\/wp-json\/wp\/v2\/types\/product"}],"replies":[{"embeddable":true,"href":"http:\/\/pc-direkthandel.de\/wordpress\/wp-json\/wp\/v2\/comments?post=6199"}],"wp:featuredmedia":[{"embeddable":true,"href":"http:\/\/pc-direkthandel.de\/wordpress\/wp-json\/wp\/v2\/media\/6201"}],"wp:attachment":[{"href":"http:\/\/pc-direkthandel.de\/wordpress\/wp-json\/wp\/v2\/media?parent=6199"}],"wp:term":[{"taxonomy":"product_cat","embeddable":true,"href":"http:\/\/pc-direkthandel.de\/wordpress\/wp-json\/wp\/v2\/product_cat?post=6199"},{"taxonomy":"product_tag","embeddable":true,"href":"http:\/\/pc-direkthandel.de\/wordpress\/wp-json\/wp\/v2\/product_tag?post=6199"}],"curies":[{"name":"wp","href":"https:\/\/api.w.org\/{rel}","templated":true}]}}