{"id":6184,"date":"2019-11-14T22:42:43","date_gmt":"2019-11-14T20:42:43","guid":{"rendered":"http:\/\/pc-direkthandel.de\/wordpress\/?post_type=product&#038;p=6184"},"modified":"2019-11-14T22:44:09","modified_gmt":"2019-11-14T20:44:09","slug":"amplicomms-bigtel-1280","status":"publish","type":"product","link":"http:\/\/pc-direkthandel.de\/wordpress\/product\/amplicomms-bigtel-1280\/","title":{"rendered":"amplicomms BigTel 1280"},"content":{"rendered":"<p><b>AMPLICOMMS BigTel 1280<\/b> schnurloses, analoges Grosstastentelefon inkl. Anrufbeantworter, h\u00f6rger\u00e4tekompatibel, H\u00f6rverst\u00e4rkung<\/p>\n","protected":false},"excerpt":{"rendered":"<p>AMPLICOMMS BigTel 1280 schnurloses, analoges Grosstastentelefon inkl. Anrufbeantworter, h\u00f6rger\u00e4tekompatibel, H\u00f6rverst\u00e4rkung<\/p>\n","protected":false},"featured_media":6185,"comment_status":"open","ping_status":"closed","template":"","meta":{"_acf_changed":false},"product_cat":[374],"product_tag":[],"acf":[],"jetpack_sharing_enabled":true,"_links":{"self":[{"href":"http:\/\/pc-direkthandel.de\/wordpress\/wp-json\/wp\/v2\/product\/6184"}],"collection":[{"href":"http:\/\/pc-direkthandel.de\/wordpress\/wp-json\/wp\/v2\/product"}],"about":[{"href":"http:\/\/pc-direkthandel.de\/wordpress\/wp-json\/wp\/v2\/types\/product"}],"replies":[{"embeddable":true,"href":"http:\/\/pc-direkthandel.de\/wordpress\/wp-json\/wp\/v2\/comments?post=6184"}],"wp:featuredmedia":[{"embeddable":true,"href":"http:\/\/pc-direkthandel.de\/wordpress\/wp-json\/wp\/v2\/media\/6185"}],"wp:attachment":[{"href":"http:\/\/pc-direkthandel.de\/wordpress\/wp-json\/wp\/v2\/media?parent=6184"}],"wp:term":[{"taxonomy":"product_cat","embeddable":true,"href":"http:\/\/pc-direkthandel.de\/wordpress\/wp-json\/wp\/v2\/product_cat?post=6184"},{"taxonomy":"product_tag","embeddable":true,"href":"http:\/\/pc-direkthandel.de\/wordpress\/wp-json\/wp\/v2\/product_tag?post=6184"}],"curies":[{"name":"wp","href":"https:\/\/api.w.org\/{rel}","templated":true}]}}