{"id":6147,"date":"2019-10-31T19:37:03","date_gmt":"2019-10-31T17:37:03","guid":{"rendered":"http:\/\/pc-direkthandel.de\/wordpress\/?post_type=product&#038;p=6147"},"modified":"2019-10-31T19:38:15","modified_gmt":"2019-10-31T17:38:15","slug":"swisstone-sd-510","status":"publish","type":"product","link":"http:\/\/pc-direkthandel.de\/wordpress\/product\/swisstone-sd-510\/","title":{"rendered":"swisstone SD 510"},"content":{"rendered":"<p>Das Smartphone SD 510 von swisstone gl\u00e4nzt mit einem gro\u00dfen 12,7 cm (5 Zoll) Touchdisplay und der Dual-SIM Funktion, mit der zwei SIM-Karten gleichzeitig genutzt werden k\u00f6nnen. Mit der 5 Megapixel Kamera kannst du ab jetzt alle Momente deines Lebens blitzschnell auf Bilder festhalten.<\/p>\n","protected":false},"excerpt":{"rendered":"<p>Das Smartphone SD 510 von swisstone gl\u00e4nzt mit einem gro\u00dfen 12,7 cm (5 Zoll) Touchdisplay und der Dual-SIM Funktion, mit der zwei SIM-Karten gleichzeitig genutzt werden k\u00f6nnen. Mit der 5 Megapixel Kamera kannst du ab jetzt alle Momente deines Lebens blitzschnell auf Bilder festhalten.<\/p>\n","protected":false},"featured_media":6148,"comment_status":"open","ping_status":"closed","template":"","meta":{"_acf_changed":false},"product_cat":[364],"product_tag":[],"acf":[],"jetpack_sharing_enabled":true,"_links":{"self":[{"href":"http:\/\/pc-direkthandel.de\/wordpress\/wp-json\/wp\/v2\/product\/6147"}],"collection":[{"href":"http:\/\/pc-direkthandel.de\/wordpress\/wp-json\/wp\/v2\/product"}],"about":[{"href":"http:\/\/pc-direkthandel.de\/wordpress\/wp-json\/wp\/v2\/types\/product"}],"replies":[{"embeddable":true,"href":"http:\/\/pc-direkthandel.de\/wordpress\/wp-json\/wp\/v2\/comments?post=6147"}],"wp:featuredmedia":[{"embeddable":true,"href":"http:\/\/pc-direkthandel.de\/wordpress\/wp-json\/wp\/v2\/media\/6148"}],"wp:attachment":[{"href":"http:\/\/pc-direkthandel.de\/wordpress\/wp-json\/wp\/v2\/media?parent=6147"}],"wp:term":[{"taxonomy":"product_cat","embeddable":true,"href":"http:\/\/pc-direkthandel.de\/wordpress\/wp-json\/wp\/v2\/product_cat?post=6147"},{"taxonomy":"product_tag","embeddable":true,"href":"http:\/\/pc-direkthandel.de\/wordpress\/wp-json\/wp\/v2\/product_tag?post=6147"}],"curies":[{"name":"wp","href":"https:\/\/api.w.org\/{rel}","templated":true}]}}