{"id":6143,"date":"2019-10-31T19:34:35","date_gmt":"2019-10-31T17:34:35","guid":{"rendered":"http:\/\/pc-direkthandel.de\/wordpress\/?post_type=product&#038;p=6143"},"modified":"2019-10-31T19:35:35","modified_gmt":"2019-10-31T17:35:35","slug":"swisstone-sc-710","status":"publish","type":"product","link":"http:\/\/pc-direkthandel.de\/wordpress\/product\/swisstone-sc-710\/","title":{"rendered":"swisstone SC 710"},"content":{"rendered":"<p>Das GSM-Mobiltelefon in super schlankem, modernen Design mit gro\u00dfem Farbdisplay und beleuchteten Tasten.<\/p>\n<p>Die Dual-SIM Funktion erm\u00f6glicht Ihnen die gleichzeitige Benutzung von 2 verschiedenen SIM Karten. Vibrationsalarm und die Freisprechfunktion geh\u00f6ren ebenso zur Ausstattung dieses schicken Telefons, wie das Telefonbuch f\u00fcr bis zu 500 Eintr\u00e4ge, die Alarmfunktion, Taschenrechner und die Unterst\u00fctzung f\u00fcr drahtlose Freisprechsysteme. Weiterhin geh\u00f6rt eine 3 Megapixel Kamera, sowie eine praktische LED Au\u00dfenanzeige f\u00fcr verpasset Anrufe, SMS und den Akku-Status zur Ausstattung.<\/p>\n","protected":false},"excerpt":{"rendered":"<p>Das GSM-Mobiltelefon in super schlankem, modernen Design mit gro\u00dfem Farbdisplay und beleuchteten Tasten. Die Dual-SIM Funktion erm\u00f6glicht Ihnen die gleichzeitige Benutzung von 2 verschiedenen SIM Karten. Vibrationsalarm und die Freisprechfunktion geh\u00f6ren ebenso zur Ausstattung dieses schicken Telefons, wie das Telefonbuch f\u00fcr bis zu 500 Eintr\u00e4ge, die Alarmfunktion, Taschenrechner und die Unterst\u00fctzung f\u00fcr drahtlose Freisprechsysteme. Weiterhin [&hellip;]<\/p>\n","protected":false},"featured_media":6144,"comment_status":"open","ping_status":"closed","template":"","meta":{"_acf_changed":false},"product_cat":[364],"product_tag":[],"acf":[],"jetpack_sharing_enabled":true,"_links":{"self":[{"href":"http:\/\/pc-direkthandel.de\/wordpress\/wp-json\/wp\/v2\/product\/6143"}],"collection":[{"href":"http:\/\/pc-direkthandel.de\/wordpress\/wp-json\/wp\/v2\/product"}],"about":[{"href":"http:\/\/pc-direkthandel.de\/wordpress\/wp-json\/wp\/v2\/types\/product"}],"replies":[{"embeddable":true,"href":"http:\/\/pc-direkthandel.de\/wordpress\/wp-json\/wp\/v2\/comments?post=6143"}],"wp:featuredmedia":[{"embeddable":true,"href":"http:\/\/pc-direkthandel.de\/wordpress\/wp-json\/wp\/v2\/media\/6144"}],"wp:attachment":[{"href":"http:\/\/pc-direkthandel.de\/wordpress\/wp-json\/wp\/v2\/media?parent=6143"}],"wp:term":[{"taxonomy":"product_cat","embeddable":true,"href":"http:\/\/pc-direkthandel.de\/wordpress\/wp-json\/wp\/v2\/product_cat?post=6143"},{"taxonomy":"product_tag","embeddable":true,"href":"http:\/\/pc-direkthandel.de\/wordpress\/wp-json\/wp\/v2\/product_tag?post=6143"}],"curies":[{"name":"wp","href":"https:\/\/api.w.org\/{rel}","templated":true}]}}