{"id":6135,"date":"2019-10-31T19:29:10","date_gmt":"2019-10-31T17:29:10","guid":{"rendered":"http:\/\/pc-direkthandel.de\/wordpress\/?post_type=product&#038;p=6135"},"modified":"2019-10-31T19:30:16","modified_gmt":"2019-10-31T17:30:16","slug":"swisstone-sc-230-weiss","status":"publish","type":"product","link":"http:\/\/pc-direkthandel.de\/wordpress\/product\/swisstone-sc-230-weiss\/","title":{"rendered":"swisstone SC 230"},"content":{"rendered":"<p>GSM-Mobiltelefon in super schlankem, modernen Design. Die DUAL-SIM Funktion erm\u00f6glicht Ihnen die gleichzeitige Benutzung von 2 verschiedenen SIM Karten. Mit beleuchtetem Farbdisplay, beleuchteten Tasten und einer VGA Kamera f\u00fcr einfache Fotos und Schnappsch\u00fcsse. Taschenlampe, Vibrationsalarm und die Freisprechfunktion geh\u00f6ren ebenso zur Ausstattung dieses schicken Telefons, wie das Telefonbuch f\u00fcr bis zu 150 Eintr\u00e4ge, die Alarmfunktion, Taschenrechner und die Unterst\u00fctzung f\u00fcr drahtlose Freisprechsysteme.<\/p>\n","protected":false},"excerpt":{"rendered":"<p>GSM-Mobiltelefon in super schlankem, modernen Design. Die DUAL-SIM Funktion erm\u00f6glicht Ihnen die gleichzeitige Benutzung von 2 verschiedenen SIM Karten. Mit beleuchtetem Farbdisplay, beleuchteten Tasten und einer VGA Kamera f\u00fcr einfache Fotos und Schnappsch\u00fcsse. Taschenlampe, Vibrationsalarm und die Freisprechfunktion geh\u00f6ren ebenso zur Ausstattung dieses schicken Telefons, wie das Telefonbuch f\u00fcr bis zu 150 Eintr\u00e4ge, die Alarmfunktion, [&hellip;]<\/p>\n","protected":false},"featured_media":6136,"comment_status":"open","ping_status":"closed","template":"","meta":{"_acf_changed":false},"product_cat":[364],"product_tag":[],"acf":[],"jetpack_sharing_enabled":true,"_links":{"self":[{"href":"http:\/\/pc-direkthandel.de\/wordpress\/wp-json\/wp\/v2\/product\/6135"}],"collection":[{"href":"http:\/\/pc-direkthandel.de\/wordpress\/wp-json\/wp\/v2\/product"}],"about":[{"href":"http:\/\/pc-direkthandel.de\/wordpress\/wp-json\/wp\/v2\/types\/product"}],"replies":[{"embeddable":true,"href":"http:\/\/pc-direkthandel.de\/wordpress\/wp-json\/wp\/v2\/comments?post=6135"}],"wp:featuredmedia":[{"embeddable":true,"href":"http:\/\/pc-direkthandel.de\/wordpress\/wp-json\/wp\/v2\/media\/6136"}],"wp:attachment":[{"href":"http:\/\/pc-direkthandel.de\/wordpress\/wp-json\/wp\/v2\/media?parent=6135"}],"wp:term":[{"taxonomy":"product_cat","embeddable":true,"href":"http:\/\/pc-direkthandel.de\/wordpress\/wp-json\/wp\/v2\/product_cat?post=6135"},{"taxonomy":"product_tag","embeddable":true,"href":"http:\/\/pc-direkthandel.de\/wordpress\/wp-json\/wp\/v2\/product_tag?post=6135"}],"curies":[{"name":"wp","href":"https:\/\/api.w.org\/{rel}","templated":true}]}}