{"id":6129,"date":"2019-10-31T19:20:44","date_gmt":"2019-10-31T17:20:44","guid":{"rendered":"http:\/\/pc-direkthandel.de\/wordpress\/?post_type=product&#038;p=6129"},"modified":"2019-10-31T19:21:50","modified_gmt":"2019-10-31T17:21:50","slug":"swisstone-sx-567-rot","status":"publish","type":"product","link":"http:\/\/pc-direkthandel.de\/wordpress\/product\/swisstone-sx-567-rot\/","title":{"rendered":"swisstone SX 567"},"content":{"rendered":"<p>Outdoorhandy mit einem robusten und spritzwassergesch\u00fctzten Geh\u00e4use &#8211; extra gro\u00dfen Tasten und gut lesbares Display!<\/p>\n","protected":false},"excerpt":{"rendered":"<p>Outdoorhandy mit einem robusten und spritzwassergesch\u00fctzten Geh\u00e4use &#8211; extra gro\u00dfen Tasten und gut lesbares Display!<\/p>\n","protected":false},"featured_media":6130,"comment_status":"open","ping_status":"closed","template":"","meta":{"_acf_changed":false},"product_cat":[364],"product_tag":[],"acf":[],"jetpack_sharing_enabled":true,"_links":{"self":[{"href":"http:\/\/pc-direkthandel.de\/wordpress\/wp-json\/wp\/v2\/product\/6129"}],"collection":[{"href":"http:\/\/pc-direkthandel.de\/wordpress\/wp-json\/wp\/v2\/product"}],"about":[{"href":"http:\/\/pc-direkthandel.de\/wordpress\/wp-json\/wp\/v2\/types\/product"}],"replies":[{"embeddable":true,"href":"http:\/\/pc-direkthandel.de\/wordpress\/wp-json\/wp\/v2\/comments?post=6129"}],"wp:featuredmedia":[{"embeddable":true,"href":"http:\/\/pc-direkthandel.de\/wordpress\/wp-json\/wp\/v2\/media\/6130"}],"wp:attachment":[{"href":"http:\/\/pc-direkthandel.de\/wordpress\/wp-json\/wp\/v2\/media?parent=6129"}],"wp:term":[{"taxonomy":"product_cat","embeddable":true,"href":"http:\/\/pc-direkthandel.de\/wordpress\/wp-json\/wp\/v2\/product_cat?post=6129"},{"taxonomy":"product_tag","embeddable":true,"href":"http:\/\/pc-direkthandel.de\/wordpress\/wp-json\/wp\/v2\/product_tag?post=6129"}],"curies":[{"name":"wp","href":"https:\/\/api.w.org\/{rel}","templated":true}]}}