{"id":6104,"date":"2019-10-31T18:57:41","date_gmt":"2019-10-31T16:57:41","guid":{"rendered":"http:\/\/pc-direkthandel.de\/wordpress\/?post_type=product&#038;p=6104"},"modified":"2019-10-31T18:59:03","modified_gmt":"2019-10-31T16:59:03","slug":"huawei-p20-pro-purple","status":"publish","type":"product","link":"http:\/\/pc-direkthandel.de\/wordpress\/product\/huawei-p20-pro-purple\/","title":{"rendered":"Huawei P20 Pro"},"content":{"rendered":"<p><b>Kreativit\u00e4t mal 3<\/b><\/p>\n<p>Das in Kooperation mit Leica entwickelte Kamerasystem des HUAWEI P20 Pro verf\u00fcgt \u00fcber drei Objektive und wird durch KI-Technologie unterst\u00fctzt. So wird gew\u00e4hrleistet, dass aus jeder Aufnahme das perfekte Foto wird.<br \/>\n40MP-Light-Fusion-Sensor f\u00fcr exzellente Belichtung und Aufl\u00f6sung.<br \/>\n20MP-Schwarz-Wei\u00df-Objektiv f\u00fcr unerreichte Tiefensch\u00e4rfe.<br \/>\n5X Hybrid-Zoom f\u00fcr Details in der Ferne.<\/p>\n<p><b>Aus der Ferne zum Detail<\/b><\/p>\n<p>Der 5X Hybrid Zoom des HUAWEI P20 Pro zoomt dich fast ohne Qualit\u00e4tsverlust n\u00e4her ans Geschehen. Bringe dein Motiv n\u00e4her heran, ohne Details zu verlieren.<\/p>\n<p><b>Die Nacht wird zum Tag<\/b><\/p>\n<p>Das 40-Megapixel-Objektiv mit Light-Fusion-Technolgie liefert atemberaubende Bilder bei schwachen Lichtverh\u00e4ltnissen. Weniger Bildrauschen, weniger K\u00f6rnigkeit, mehr Details und h\u00f6herer Kontrast.<\/p>\n<p><b>Nimm perfekte Fotos auch bei Nacht auf<\/b><\/p>\n<p>Jetzt kannst du perfekte Fotos in der Nacht ohne Stativ fotografieren. Das HUAWEI P20 Pro verwendet KI, um das Bild zu stabilisieren und au\u00dfergew\u00f6hnliche Details und Klarheit zu erfassen.<\/p>\n<p><b>Fotografieren in Perfektion<\/b><\/p>\n<p>Das HUAWEI P20 Pro nutzt die Power von KI, um das Motiv deines Fotos in Echtzeit zu verstehen und die Kameraeinstellungen automatisch anzupassen, um die perfekte Aufnahme zu erzielen.<\/p>\n<p><b>Dein Kamera-Assistent<\/b><\/p>\n<p>Du musst kein Experte sein, um Expertenergebnisse zu erzielen. Die integrierte KI versteht dich und das Bild, das du erstellen m\u00f6chtest und unterst\u00fctzt deine Kreativit\u00e4t mit Tipps und Empfehlungen.<\/p>\n<p><b>Unglaubliche Portr\u00e4ts<\/b><\/p>\n<p>Dank besserer Gesichtserkennung und Gesichtsmodellierung kannst du dank der KI-unterst\u00fctzten Kamera des HUAWEI P20 Pro pixelgenaue Bokeh-Effekte und professionelle Studio-Lichteffekte erzielen.<\/p>\n<p><b>Eine Aktion wird zum Augenblick<\/b><\/p>\n<p>Lass das Leben nicht verschwommen an dir vorbeiziehen. Dank direktem Ausl\u00f6ser und unglaublicher Bewegungserkennung erwischt du jedes Motiv, egal wie schnell es an dir vorbeizischt.<\/p>\n<p><b>Lass dir keinen Moment entgehen<\/b><\/p>\n<p>Nutze jede Gelegenheit f\u00fcr das perfekte Foto. Dank einer ultraschnellen Ausl\u00f6segeschwindigkeit von 0,3 Sekunden entgeht dir kein Motiv mehr.<\/p>\n<p><b>Agiler Fokus. Immer und \u00fcberall.<\/b><\/p>\n<p>Das HUAWEI P20 Pro plant den Fokus deines Fotos. Der vorausschauende Fokus verfolgt Objekte in Bewegung \u00fcber 5 Zonen des Bildbereichs und h\u00e4lt sich bereit, bis du abdr\u00fcckst.<\/p>\n<p><b>Nimm dir Zeit<\/b><\/p>\n<p>Enth\u00fclle unsichtbare Bewegungen, 32x langsamer und genauso knackig. Mit 960 fps Videoaufnahme auf dem HUAWEI P20 Pro kannst du jeden Bruchteil einer Sekunde in seiner ganzen Pracht erleben.<\/p>\n<p><b>Auf die Pl\u00e4tze. Fertig. Foto.<\/b><\/p>\n<p>Der KI Kamera-Assistent stabilisiert dein Filmmaterial und gleicht Kameraverwacklungen aus. Freue dich auf wundersch\u00f6ne unverwackelte Aufnahmen.<\/p>\n<p><b>Die besten Fotos zum Teilen bereit<\/b><\/p>\n<p>Smart Galerie erleichtert das Sortieren, Ausw\u00e4hlen und Teilen deiner Fotos. Geschult von Fotoexperten beurteilt der KI-Assistent deine Aufnahmen und hilft dir, deine besten Bilder auszuw\u00e4hlen, damit du diese mit Familie und Freunden teilen kannst.<\/p>\n<p><b>Vom Selfie zum Selbstportr\u00e4t<\/b><\/p>\n<p>Das HUAWEI P20 Pro nimmt Selfies ernst. Nie war es einfacher, professionelle Ergebnisse in so scharfer und perfekt ausgeleuchteter Qualit\u00e4t zu erzielen.<\/p>\n<p><b>24 Millionen Light-Fusion-Pixel<\/b><\/p>\n<p>Sch\u00e4rfere Konturen und feinere Details heben deine Selbstportr\u00e4ts auf eine neue Ebene.<\/p>\n<p><b>Gr\u00f6\u00dferer Dynamikbereich<\/b><\/p>\n<p>Erwecke den Hintergrund deines Selfies zum Leben<\/p>\n<hr \/>\n<p><b>Immer voll im Bild<\/b><\/p>\n<p>Auf dem 6.1\u201d Huawei FullView FHD+ Display erlebst du Bilder von brillanter Farbqualit\u00e4t und mit hohen Kontrasten.<\/p>\n<p><b>F\u00fchlt sich noch besser an<\/b><\/p>\n<p>Der kr\u00e4ftige Metallrahmen mit ausgeh\u00e4rtetem Glasgeh\u00e4use liegt wunderbar in deiner Hand. Erh\u00e4ltlich in vielen unwiderstehlichen Farben.<\/p>\n<p><b>Design<\/b><\/p>\n<p>Der stabile Metallrahmen mit geh\u00e4rtetem Glas liegt gro\u00dfartig in der Hand und ist in einer Reihe kultiger Farben erh\u00e4ltlich.<\/p>\n<hr \/>\n<p><b>Lang lebe die Kreativit\u00e4t<\/b><\/p>\n<p>Mit dem HUAWEI P20 Pro wird die Akkulaufzeit dich nie wieder einschr\u00e4nken. Denn es enth\u00e4lt ein KI-verbessertes Power-Management f\u00fcr maximale Effizienz und verf\u00fcgt \u00fcber HUAWEI SuperCharge f\u00fcr extra schnelles Laden.<\/p>\n<p><b>L\u00e4nger schnell und smart<\/b><\/p>\n<p>Erlebe die Power von KI mit dem Kirin 970 Prozessor. Der herausragend langlebige Akku und die au\u00dferordentliche Geschwindigkeit bedeuten einen gro\u00dfen Schritt nach vorne f\u00fcr die P-Serie.<\/p>\n<p><b>Sound, wie er sein sollte<\/b><\/p>\n<p>In Partnerschaft mit Dolby nutzt das HUAWEI P20 Pro die KI, um festzustellen, welche Art Audio du gerade h\u00f6rst, und justiert dein optimales H\u00f6rerlebnis.<\/p>\n<p><b>Verschaffe dir Geh\u00f6r<\/b><\/p>\n<p>Die KI-Verbesserung im HUAWEI P20 unterscheidet zwischen deiner Stimme und Hintergrundger\u00e4uschen und d\u00e4mpft unwichtigen L\u00e4rm auf deiner und der anderen Seite des Telefonats.<\/p>\n<p><b>Erweitere deinen Horizont<\/b><\/p>\n<p>Mache dein Smartphone mit nur einem Kabel zum Desktop-PC. Spiegle dein Display oder arbeite im Dual-Screen-Modus ohne Ladestation, indem du das HUAWEI P20 Pro als Trackpad oder Keypad nutzen.<\/p>\n<p><b>Ger\u00fcstet f\u00fcr die reale Welt<\/b><\/p>\n<p>Lass deine Kreativit\u00e4t nicht durch geografische oder klimatische Bedingungen einschr\u00e4nken. Mit dem vollst\u00e4ndig staubgesch\u00fctzten und bis 1 m wasserfesten HUAWEI P20 Pro mit IP67-Zertifizierung sind deiner Fotografie keine Grenzen gesetzt.<\/p>\n","protected":false},"excerpt":{"rendered":"<p>Kreativit\u00e4t mal 3 Das in Kooperation mit Leica entwickelte Kamerasystem des HUAWEI P20 Pro verf\u00fcgt \u00fcber drei Objektive und wird durch KI-Technologie unterst\u00fctzt. So wird gew\u00e4hrleistet, dass aus jeder Aufnahme das perfekte Foto wird. 40MP-Light-Fusion-Sensor f\u00fcr exzellente Belichtung und Aufl\u00f6sung. 20MP-Schwarz-Wei\u00df-Objektiv f\u00fcr unerreichte Tiefensch\u00e4rfe. 5X Hybrid-Zoom f\u00fcr Details in der Ferne. Aus der Ferne zum [&hellip;]<\/p>\n","protected":false},"featured_media":6105,"comment_status":"open","ping_status":"closed","template":"","meta":{"_acf_changed":false},"product_cat":[363],"product_tag":[],"acf":[],"jetpack_sharing_enabled":true,"_links":{"self":[{"href":"http:\/\/pc-direkthandel.de\/wordpress\/wp-json\/wp\/v2\/product\/6104"}],"collection":[{"href":"http:\/\/pc-direkthandel.de\/wordpress\/wp-json\/wp\/v2\/product"}],"about":[{"href":"http:\/\/pc-direkthandel.de\/wordpress\/wp-json\/wp\/v2\/types\/product"}],"replies":[{"embeddable":true,"href":"http:\/\/pc-direkthandel.de\/wordpress\/wp-json\/wp\/v2\/comments?post=6104"}],"wp:featuredmedia":[{"embeddable":true,"href":"http:\/\/pc-direkthandel.de\/wordpress\/wp-json\/wp\/v2\/media\/6105"}],"wp:attachment":[{"href":"http:\/\/pc-direkthandel.de\/wordpress\/wp-json\/wp\/v2\/media?parent=6104"}],"wp:term":[{"taxonomy":"product_cat","embeddable":true,"href":"http:\/\/pc-direkthandel.de\/wordpress\/wp-json\/wp\/v2\/product_cat?post=6104"},{"taxonomy":"product_tag","embeddable":true,"href":"http:\/\/pc-direkthandel.de\/wordpress\/wp-json\/wp\/v2\/product_tag?post=6104"}],"curies":[{"name":"wp","href":"https:\/\/api.w.org\/{rel}","templated":true}]}}