{"id":6095,"date":"2019-10-31T18:04:16","date_gmt":"2019-10-31T16:04:16","guid":{"rendered":"http:\/\/pc-direkthandel.de\/wordpress\/?post_type=product&#038;p=6095"},"modified":"2019-10-31T18:42:27","modified_gmt":"2019-10-31T16:42:27","slug":"huawei-p20-lite","status":"publish","type":"product","link":"http:\/\/pc-direkthandel.de\/wordpress\/product\/huawei-p20-lite\/","title":{"rendered":"Huawei P20 lite"},"content":{"rendered":"<p><b>Die Renaissance der Fotografie ist da<\/b><\/p>\n<p>Bilder, die begeistern. 16MP Dual-Kamera, unglaubliches Glasdesign und lebendiges FHD+ Display.<\/p>\n<p><b>Bilder, die begeistern<\/b><\/p>\n<p>Bringe deine Smartphone-Fotografie mit dem HUAWEI P20 lite auf ein neues Level. Die 16-Megapixel Dual-Kamera mit speziellem Bokeh-Objektiv und Weitwinkel-Modus bringt atemberaubende Ergebnisse in Reichweite.<\/p>\n<p><b>Vom Selfie zum Selbstportr\u00e4t<\/b><\/p>\n<p>Das HUAWEI P20 lite nimmt Selfies ernst. Die neue Selfie-Kamera mit integrierter Light-Fusion-Technologie f\u00fcr brillante und klare Selfies bei allen Bedingungen.<\/p>\n<p><b>Immer voll im Bild<\/b><\/p>\n<p>Auf dem 5.84\u201d HUAWEI FullView FHD+ Display erlebst du Bilder von brillanter Farbqualit\u00e4t und mit hohen Kontrasten \u2013 auf einem Ger\u00e4t mit einem formsch\u00f6nen Glas-Metallgeh\u00e4use, das ein angenehmes haptisches Erlebnis bietet.<\/p>\n<p><b>Design<\/b><\/p>\n<p>Das elegante Glasgeh\u00e4use f\u00fchlt sich so gut an, wie es aussieht. Erh\u00e4ltlich in einer Auswahl an stilvollen Farben.<\/p>\n","protected":false},"excerpt":{"rendered":"<p>Die Renaissance der Fotografie ist da Bilder, die begeistern. 16MP Dual-Kamera, unglaubliches Glasdesign und lebendiges FHD+ Display. Bilder, die begeistern Bringe deine Smartphone-Fotografie mit dem HUAWEI P20 lite auf ein neues Level. Die 16-Megapixel Dual-Kamera mit speziellem Bokeh-Objektiv und Weitwinkel-Modus bringt atemberaubende Ergebnisse in Reichweite. Vom Selfie zum Selbstportr\u00e4t Das HUAWEI P20 lite nimmt Selfies [&hellip;]<\/p>\n","protected":false},"featured_media":6096,"comment_status":"open","ping_status":"closed","template":"","meta":{"_acf_changed":false},"product_cat":[363],"product_tag":[],"acf":[],"jetpack_sharing_enabled":true,"_links":{"self":[{"href":"http:\/\/pc-direkthandel.de\/wordpress\/wp-json\/wp\/v2\/product\/6095"}],"collection":[{"href":"http:\/\/pc-direkthandel.de\/wordpress\/wp-json\/wp\/v2\/product"}],"about":[{"href":"http:\/\/pc-direkthandel.de\/wordpress\/wp-json\/wp\/v2\/types\/product"}],"replies":[{"embeddable":true,"href":"http:\/\/pc-direkthandel.de\/wordpress\/wp-json\/wp\/v2\/comments?post=6095"}],"wp:featuredmedia":[{"embeddable":true,"href":"http:\/\/pc-direkthandel.de\/wordpress\/wp-json\/wp\/v2\/media\/6096"}],"wp:attachment":[{"href":"http:\/\/pc-direkthandel.de\/wordpress\/wp-json\/wp\/v2\/media?parent=6095"}],"wp:term":[{"taxonomy":"product_cat","embeddable":true,"href":"http:\/\/pc-direkthandel.de\/wordpress\/wp-json\/wp\/v2\/product_cat?post=6095"},{"taxonomy":"product_tag","embeddable":true,"href":"http:\/\/pc-direkthandel.de\/wordpress\/wp-json\/wp\/v2\/product_tag?post=6095"}],"curies":[{"name":"wp","href":"https:\/\/api.w.org\/{rel}","templated":true}]}}