{"id":6087,"date":"2019-10-31T17:52:55","date_gmt":"2019-10-31T15:52:55","guid":{"rendered":"http:\/\/pc-direkthandel.de\/wordpress\/?post_type=product&#038;p=6087"},"modified":"2019-10-31T17:56:15","modified_gmt":"2019-10-31T15:56:15","slug":"huawei-mate-20-pro","status":"publish","type":"product","link":"http:\/\/pc-direkthandel.de\/wordpress\/product\/huawei-mate-20-pro\/","title":{"rendered":"Huawei Mate 20 Pro"},"content":{"rendered":"<p><b>Zeit f\u00fcr #DoppeltePower<\/b><\/p>\n<p>Grenzenlose Vorstellungskraft \u2013 das ist die Inspiration f\u00fcr das HUAWEI Mate20 Pro. Die technologischen Durchbr\u00fcche werden die Grenzen zwischen Tr\u00e4umen und Realit\u00e4t verwischen.<\/p>\n<p><b>Umrahme die Welt<\/b><\/p>\n<p>Die Leica Triple-Kamera und der Blitz, vereint in einem charakteristischen Quadrat. Das zentrale und einfache Kameradesignkonzept der Mate Serie schafft ein \u00e4sthetisches Merkmal. Schau durch das Fenster und entdecke die Welt.<\/p>\n<p><b>Ein atemberaubendes Meisterwerk<\/b><\/p>\n<p>Ein Meisterwerk: 3-D-Glas mit weichen Kurven und N\u00e4hten, die perfekt in das Design einflie\u00dfen. Eine stromlinienf\u00f6rmige Sinfonie in der Handfl\u00e4che.<\/p>\n<p><b>Fang das Licht ein<\/b><\/p>\n<p>Eine Hommage an die Farben der Natur: Das HUAWEI Mate20 Pro ist in vier kr\u00e4ftigen Farben erh\u00e4ltlich. Von Twilight und Midnight Blue \u00fcber Black bis hin zu Emerald Green \u2013 das Licht wird eindrucksvoll reflektiert und l\u00e4sst die einzigartigen Hyper-Optical-Muster erstrahlen. Au\u00dferdem: kein Abrutschen und keine Fingerabdr\u00fccke durch die spezielle Glasstruktur.<\/p>\n<p><b>Die Kunst des Gleichgewichts<\/b><\/p>\n<p>Das HUAWEI Mate20 Pro ist ein Kunstwerk aus symmetrisch harmonischen Linien und Details. Ein schlankes Design macht das Betrachten und Ber\u00fchren des gro\u00dffl\u00e4chigen Telefons zum einzigartigen Vergn\u00fcgen.<\/p>\n<p><b>Die Welt ist dein Spielplatz<\/b><\/p>\n<p>Das Leben ist ein Abenteuer \u2013 und dein HUAWEI Mate20 Pro macht jeden Spa\u00df mit. Ob durch den Regen oder am Strand: Mit der wasser- und staubgesch\u00fctzten IP68-Einstufung musst du dir keine Sorgen um versch\u00fcttete Fl\u00fcssigkeiten, Spritzer oder dunkle Flecken machen.<\/p>\n<p><b>Der weltweit erste 7-nm-Mobile-KI-Chipsatz<\/b><\/p>\n<p>Die branchenf\u00fchrende 7-nm-Prozesstechnologie von Kirin 980 erm\u00f6glicht eine direkte Leistungsverbesserung hinsichtlich Geschwindigkeitssteigerung und Energieeffizienz.<\/p>\n<p>Durch die Verwendung der fortschrittlichen und flexiblen CPU- und GPU-Multi-Core-Architektur wurde die Aufgaben- und Betriebsgeschwindigkeit des Ger\u00e4ts stark erh\u00f6ht. Einer der DUAL-NPU bietet umfangreiche KI-Datenverarbeitung, und der andere konzentriert sich auf bestimmte Aufgaben, um massive Effizienz und eine drastisch verbesserte Benutzererfahrung zu schaffen.<\/p>\n<p><b>Ultimative Geschwindigkeit<\/b><\/p>\n<p>Das HUAWEI Mate20 Pro ist das weltweit erste 1,4-Gbps-LTE-Cat.21-Smartphone, das WLAN-Downloadgeschwindigkeiten von bis zu 1.733 Gbit\/s unterst\u00fctzt. Genie\u00dfe jederzeit und \u00fcberall eine schnelle und nahtlose Verbindung.<\/p>\n<p><b>Pr\u00e4zises GPS<\/b><\/p>\n<p>Mehr Genauigkeit durch die simultane Nutzung von L5 und L1-Dual-Frequenz. Das HUAWEI Mate20 Pro f\u00fchrt dich sicher ans Ziel, sogar in Stadtzentren mit Wolkenkratzern oder Autobahnen.<\/p>\n<p><b>Massive Kapazit\u00e4t<\/b><\/p>\n<p>Die Mate Serie wird ausgezeichnet durch dauerhafte Kraft. Eine gr\u00f6\u00dfere Batterie mit 4.200 mAh4 und intelligentem KI-Energiemanagement versorgt Ihre t\u00e4glichen Arbeits- und Unterhaltungsbed\u00fcrfnisse.<\/p>\n<p><b>Power, der man vertrauen kann<\/b><\/p>\n<p>Die T\u00dcV-zertifizierte HUAWEI 40-W-SuperCharge Technologie macht das HUAWEI Mate20 Pro zu deinem starkem Partner. In 30 Minuten l\u00e4dt der Akku bis zu 70 %.<\/p>\n<p><b>Kabellos und ungebunden<\/b><\/p>\n<p>Mit dem T\u00dcV-gesicherten Wireless-15-W-Schnellladeger\u00e4t genie\u00dft du ein schnelles, problemloses und sicheres Ladeerlebnis. Keine Modeerscheinung mehr, sondern die Zukunft.<\/p>\n<p><b>Wireless Reverse Charging<\/b><\/p>\n<p>Werde zum Retter in der Not f\u00fcr deine Freunde. Dank des erstaunlichen Akku und Wireless-Reverse-Charge im HUAWEI Mate20 Pro, kannst du andere Ger\u00e4te wieder aufladen, deren Akku leer ist.<\/p>\n<p><b>Neue Leica Triple-Kamera<\/b><\/p>\n<p>Die neue Leica Triple-Kamera, die von KI angetrieben wird, bringt Emotionen, Strukturen, Farben in jedem Foto zur Geltung.<\/p>\n<p>Das 40-Megapixel-RGB-Hauptobjektiv eignet sich f\u00fcr verschiedene Szenerien und bietet gro\u00dfartige Funktionen f\u00fcr allt\u00e4gliche Fotos. Das 8-Megapixel-Teleobjektiv ist f\u00fcr Aufnahmen geeignet, die in der Ferne liegende Objekte einfangen. Das neue 20-Megapixel-Weitwinkelobjektiv eignet sich perfekt f\u00fcr Landschaftsaufnahmen und Makroaufnahmen.<\/p>\n<p><b>Erweitere deinen Horizont<\/b><\/p>\n<p>Durch die Kamera zu blicken, hei\u00dft nicht, dass die Sicht beschr\u00e4nkt ist. Mit dem Leica-Ultraweitwinkelobjektiv kannst du selbst in engen R\u00e4umen eine eindrucksvolle Perspektive schaffen.<\/p>\n<p><b>Komm n\u00e4her<\/b><\/p>\n<p>So nah wie nie zuvor: Das Leica-Ultraweitwinkelobjektiv erm\u00f6glicht extreme Nahaufnahmen ab 2,5 cm. Entdecke die Welt aus neuen Perspektiven.<\/p>\n<p><b>Malerische Fotos mithilfe von KI<\/b><\/p>\n<p>Die verbesserte KI-Fotografie kann nun verschiedene Objekte und Szenen eines Fotos in 1.500 Szenarien und 25 Kategorien segmentieren. Farben, Helligkeit und Kontrast werden automatisch angepasst und perfekt ausbalanciert.<\/p>\n<p><b>Faszination der Nacht<\/b><\/p>\n<p>Der Nachtmodus wird durch den fortschrittlichen HUAWEI KI-Stabilisierungsmodus unterst\u00fctzt und erm\u00f6glicht scharfe und fokussierte Fotos bei schwachem Licht. Er kann auch kontrastreiche Szenen ausgleichen, um fantastische Bilder in jeder Einstellung zu pr\u00e4sentieren.<\/p>\n<p><b>3-D-Gesichtsentriegelung<\/b><\/p>\n<p>Fortschritt in puncto Genauigkeit und Sicherheit: Dank der 3-D-Depth-Sensing-Kamera, die \u00fcber 30.000 Punkte projizieren kann, erkennt dich das HUAWEI Mate20 Pro und entsperrt innerhalb k\u00fcrzester Zeit dein Telefon. So kannst du mit der Gesichtserkennungs-ID auch sicher auf einen privaten Bildschirm mit gesperrten Apps und pers\u00f6nlichen Daten zugreifen.<\/p>\n<p><b>Spielzeuge zum Leben erwecken<\/b><\/p>\n<p>Ein einfaches Foto oder ein Tanz auf dem Schreibtisch: Scanne ein Spielzeug mit der 3-D-Depth-Sensing-Kamera, um ein KI-Livemodell zu erstellen. Genie\u00dfe den interaktiven Spa\u00df und teile ihn mit Freunden.<\/p>\n<p><b>Zeig deine lustige Seite<\/b><\/p>\n<p>Zeig deine Emotionen mit am\u00fcsanten 3-D-Live-Emojis. Manchmal sind es die kleinen Dinge, die das gr\u00f6\u00dfte L\u00e4cheln zaubern.<\/p>\n<p><b>Fingerabdruck im Bildschirm<\/b><\/p>\n<p>Einfach den Finger heben und den Bildschirm ber\u00fchren: Dank des ergonomischen Designs und der Dynamic-Pressure-Sensing-Technologie wird dein Telefon sofort und sicher entsperrt.<\/p>\n<p><b>Alles ganz real<\/b><\/p>\n<p>Harmonisch, klar und aufger\u00e4umt: Die neue Benutzeroberfl\u00e4che EMUI 9.0 sorgt f\u00fcr vereinfachte Interaktion und bietet ein erweitertes und reibungsloses mobiles Erlebnis.<\/p>\n<p><b>\u00dcbertragung ohne Kabel<\/b><\/p>\n<p>Kabellos durch die Welt: Mit dem HUAWEI Mate20 Pro kannst du Pr\u00e4sentationen, Spiele oder Videos sofort auf einen gr\u00f6\u00dferen Bildschirm projizieren und Unterhaltung oder Arbeit mit anderen Menschen teilen. Im PC-Modus kannst du weiterhin sicher und privat Nachrichten senden oder selbstst\u00e4ndig telefonieren.<\/p>\n<p><b>Entdecke die Unterwasserwelt<\/b><\/p>\n<p>F\u00fcr die Taucher unter den Fotografen: Mit der ma\u00dfgeschneiderten Schnorchelh\u00fclle (NICHT IM LIEFERUMFANG ENTHALTEN!) und dem einfach zu bedienenden Unterwasserkameramodus kannst du dein HUAWEI Mate20 Pro bis zu f\u00fcnf Meter tief ins Wasser tauchen. Farbenfrohen Unterwasseraufnahmen oder dramatischen Portr\u00e4ts steht nichts mehr im Weg.<\/p>\n","protected":false},"excerpt":{"rendered":"<p>Zeit f\u00fcr #DoppeltePower Grenzenlose Vorstellungskraft \u2013 das ist die Inspiration f\u00fcr das HUAWEI Mate20 Pro. Die technologischen Durchbr\u00fcche werden die Grenzen zwischen Tr\u00e4umen und Realit\u00e4t verwischen. Umrahme die Welt Die Leica Triple-Kamera und der Blitz, vereint in einem charakteristischen Quadrat. Das zentrale und einfache Kameradesignkonzept der Mate Serie schafft ein \u00e4sthetisches Merkmal. Schau durch das [&hellip;]<\/p>\n","protected":false},"featured_media":6088,"comment_status":"open","ping_status":"closed","template":"","meta":{"_acf_changed":false},"product_cat":[363],"product_tag":[],"acf":[],"jetpack_sharing_enabled":true,"_links":{"self":[{"href":"http:\/\/pc-direkthandel.de\/wordpress\/wp-json\/wp\/v2\/product\/6087"}],"collection":[{"href":"http:\/\/pc-direkthandel.de\/wordpress\/wp-json\/wp\/v2\/product"}],"about":[{"href":"http:\/\/pc-direkthandel.de\/wordpress\/wp-json\/wp\/v2\/types\/product"}],"replies":[{"embeddable":true,"href":"http:\/\/pc-direkthandel.de\/wordpress\/wp-json\/wp\/v2\/comments?post=6087"}],"wp:featuredmedia":[{"embeddable":true,"href":"http:\/\/pc-direkthandel.de\/wordpress\/wp-json\/wp\/v2\/media\/6088"}],"wp:attachment":[{"href":"http:\/\/pc-direkthandel.de\/wordpress\/wp-json\/wp\/v2\/media?parent=6087"}],"wp:term":[{"taxonomy":"product_cat","embeddable":true,"href":"http:\/\/pc-direkthandel.de\/wordpress\/wp-json\/wp\/v2\/product_cat?post=6087"},{"taxonomy":"product_tag","embeddable":true,"href":"http:\/\/pc-direkthandel.de\/wordpress\/wp-json\/wp\/v2\/product_tag?post=6087"}],"curies":[{"name":"wp","href":"https:\/\/api.w.org\/{rel}","templated":true}]}}