{"id":6081,"date":"2019-10-31T17:41:34","date_gmt":"2019-10-31T15:41:34","guid":{"rendered":"http:\/\/pc-direkthandel.de\/wordpress\/?post_type=product&#038;p=6081"},"modified":"2019-10-31T17:45:20","modified_gmt":"2019-10-31T15:45:20","slug":"huawei-mate-20-lite","status":"publish","type":"product","link":"http:\/\/pc-direkthandel.de\/wordpress\/product\/huawei-mate-20-lite\/","title":{"rendered":"Huawei Mate 20 Lite"},"content":{"rendered":"<p><b>Ihr zuverl\u00e4ssiger Partner f\u00fcr jede Situation<\/b><\/p>\n<p>Erleben Sie magische Momente: Das brillante 6,3&#8243;-FHD+-FullView-Display (2.340 x 1.080) erweitert Ihre Perspektive auf die Welt \u2013 w\u00e4hrend der ultraschlanke und symmetrische Rahmen daf\u00fcr sorgt, dass das HUAWEI Mate20 lite in jeder Situation bestens in Ihrer Hand liegt.<\/p>\n<p><b>Intelligenter Selfie-Meister<\/b><\/p>\n<p>Perfekte Selfies wie von Zauberhand. Der hohe Detailgrad der Dual-Frontkamera (24 MP + 2 MP) und der nat\u00fcrliche Bokeh-Effekt verleihen Ihren Selfies einen einzigartigen Charakter. Die KI-gest\u00fctzte Kamerasoftware mit automatischer Szenenerkennung sorgt dabei stets f\u00fcr das optimale Aufnahmeergebnis.<\/p>\n<p><b>Brillant ausgeleuchtet mit HDR Pro<\/b><\/p>\n<p>Pr\u00e4ziser Fokus trotz Gegenlicht:die innovative HDR-Pro-Technologie* des HUAWEI Mate20 lite erm\u00f6glicht gestochen scharfe Bildaufl\u00f6sungen inklusive Echtzeitvorschau Ihrer Fotos und Videos. <small>* Die HDR-Pro-Funktion ist nur bei den Frontkameras verf\u00fcgbar.<\/small><\/p>\n<p><b>Zeigen Sie Ihre lustige Seite<\/b><\/p>\n<p>Die unterhaltsamste Art, Gef\u00fchle auszudr\u00fccken:Die 3-D-Qmojis lernen und imitieren Ihre Mimik, Bewegung und Stimmlage und animieren daraus ganz pers\u00f6nliche GIFs und Videos. F\u00fcr noch mehr Spa\u00df beim Nachrichtenschreiben.<\/p>\n<p><b>L\u00e4sst Ihre Fotos erstrahlen<\/b><\/p>\n<p>Die 20 MP + 2 MP Dual-R\u00fcckkamera des HUAWEI Mate20 lite verleiht Ihren Fotos dank f\/1.8-Blende und nat\u00fcrlichem Bokeh-Effekt einen professionellen Ausdruck. Die KI-gest\u00fctzte Kamerasoftware erkennt bis zu 500 Szenen aus 22 unterschiedlichen Kategorien und liefert f\u00fcr jede Situation das passende Aufnahmeergebnis.<\/p>\n<p><b>Die Faszination des Details<\/b><\/p>\n<p>Mit der 16-fachen Zeitlupe halten Sie in spektakul\u00e4ren 480 Bildern pro Sekunde jeden Moment und jedes Detail fest. Erleben Sie mit dem HUAWEI Mate20 lite die sch\u00f6nsten Momente ab sofort in all ihren Facetten.<\/p>\n<p><b>Zuverl\u00e4ssiger Akku<\/b><\/p>\n<p>Der extrem ausdauernde 3.750-mAh-Akku des HUAWEI Mate20 lite sorgt in Verbindung mit dem leistungsstarken HUAWEI Quick Charger daf\u00fcr, dass Ihr Smartphone immer bereit ist, wenn Sie es brauchen \u2013 ob bei Tage oder in der Nacht.<\/p>\n<p><b>Exzellente Rechenleistung<\/b><\/p>\n<p>Der 12-nm-Prozessor Kirin 710 bietet eine extrem schnelle Systemleistung, hohe Spiel-Performance und eine ausgezeichnete Energieeffizienz. Die jeweils unabh\u00e4ngig arbeitenden ISP und DSP sorgen gleichzeitig f\u00fcr ein optimales Fotografie-Erlebnis und eine exzellente Bildqualit\u00e4t.<\/p>\n<p><b>Gaming auf h\u00f6chstem Niveau<\/b><\/p>\n<p>High-Performance-Gaming mit dem HUAWEI Mate20 lite: die KI optimiert die Spielleistung durch intelligente und dynamische Ressourcennutzung. Das smarte Benachrichtigssystem h\u00e4lt Sie dabei stets auf dem Laufenden \u2013 ohne Ihr Spiel unn\u00f6tig zu unterbrechen.<\/p>\n<p><b>Shopping-Assistent immer dabei<\/b><\/p>\n<p>KI macht Shopping noch bequemer: Einfach ein Foto machen oder einscannen \u2013 die KI des HUAWEI Mate20 lite findet Ihr Wunschprodukt im Handumdrehen und leitet Sie direkt zum entsprechenden Amazon-Listing weiter.<\/p>\n<p><b>Intelligentes Fotoalbum<\/b><\/p>\n<p>Mit dem HUAWEI Mate20 lite suchen Sie nicht lange nach Ihren letzten Urlaubsbildern:die KI-gest\u00fctzte Verwaltungssoftware ordnet Ihre Fotos nach Datum, Ort, Person oder dem abgelichteten Thema. So finden Sie Ihre sch\u00f6nsten Momente auf Anhieb wieder.<\/p>\n<p><b>Immer bestens verbunden<\/b><\/p>\n<p>Mit dem HUAWEI Mate20 lite sind Sie bestens verbunden. Die KI des Smartphones passt die Verbindung jeweils an die Umgebung an:Der Fahrstuhlmodus stellt das 4G-Signal schnell wieder her und optimiert die Netzwerkleistung dynamisch, HUAWEI GEO sorgt auch in Tunneln f\u00fcr guten Empfang. In lauter oder windiger Umgebung reduziert KI die Hintergrundger\u00e4usche und erm\u00f6glicht so klare und deutliche Gespr\u00e4che.<\/p>\n","protected":false},"excerpt":{"rendered":"<p>Ihr zuverl\u00e4ssiger Partner f\u00fcr jede Situation Erleben Sie magische Momente: Das brillante 6,3&#8243;-FHD+-FullView-Display (2.340 x 1.080) erweitert Ihre Perspektive auf die Welt \u2013 w\u00e4hrend der ultraschlanke und symmetrische Rahmen daf\u00fcr sorgt, dass das HUAWEI Mate20 lite in jeder Situation bestens in Ihrer Hand liegt. Intelligenter Selfie-Meister Perfekte Selfies wie von Zauberhand. Der hohe Detailgrad der [&hellip;]<\/p>\n","protected":false},"featured_media":6082,"comment_status":"open","ping_status":"closed","template":"","meta":{"_acf_changed":false},"product_cat":[363],"product_tag":[],"acf":[],"jetpack_sharing_enabled":true,"_links":{"self":[{"href":"http:\/\/pc-direkthandel.de\/wordpress\/wp-json\/wp\/v2\/product\/6081"}],"collection":[{"href":"http:\/\/pc-direkthandel.de\/wordpress\/wp-json\/wp\/v2\/product"}],"about":[{"href":"http:\/\/pc-direkthandel.de\/wordpress\/wp-json\/wp\/v2\/types\/product"}],"replies":[{"embeddable":true,"href":"http:\/\/pc-direkthandel.de\/wordpress\/wp-json\/wp\/v2\/comments?post=6081"}],"wp:featuredmedia":[{"embeddable":true,"href":"http:\/\/pc-direkthandel.de\/wordpress\/wp-json\/wp\/v2\/media\/6082"}],"wp:attachment":[{"href":"http:\/\/pc-direkthandel.de\/wordpress\/wp-json\/wp\/v2\/media?parent=6081"}],"wp:term":[{"taxonomy":"product_cat","embeddable":true,"href":"http:\/\/pc-direkthandel.de\/wordpress\/wp-json\/wp\/v2\/product_cat?post=6081"},{"taxonomy":"product_tag","embeddable":true,"href":"http:\/\/pc-direkthandel.de\/wordpress\/wp-json\/wp\/v2\/product_tag?post=6081"}],"curies":[{"name":"wp","href":"https:\/\/api.w.org\/{rel}","templated":true}]}}