{"id":6075,"date":"2019-10-31T17:33:18","date_gmt":"2019-10-31T15:33:18","guid":{"rendered":"http:\/\/pc-direkthandel.de\/wordpress\/?post_type=product&#038;p=6075"},"modified":"2019-10-31T17:37:04","modified_gmt":"2019-10-31T15:37:04","slug":"huawei-mate-20","status":"publish","type":"product","link":"http:\/\/pc-direkthandel.de\/wordpress\/product\/huawei-mate-20\/","title":{"rendered":"Huawei Mate 20"},"content":{"rendered":"<p><b>Zeit f\u00fcr #DoppeltePower<\/b><\/p>\n<p>Kunst, Technologie und Handwerk:Das HUAWEI Mate20 besitzt ein gestochen scharfes und klares Display, damit du die Welt ganz deutlich erkennst. Die Technologie im Inneren erm\u00f6glicht intelligente Prozesse. Einzigartig innovativ.<\/p>\n<p><b>Umrahme die Welt<\/b><\/p>\n<p>Die Leica Triple-Kamera und der Blitz, vereint in einem charakteristischen Quadrat. Das zentrale und einfache Kameradesignkonzept der Mate Serie schafft ein \u00e4sthetisches Merkmal.<\/p>\n<p><b>Vollbild, undendliche M\u00f6glichkeiten<\/b><\/p>\n<p>Erkunde die Welt:Das Display bietet ein passendes Verh\u00e4ltnis von Bildschirm zu K\u00f6rper und einen gestochen scharfen Bildschirm.<\/p>\n<p><b>Fang das Licht ein<\/b><\/p>\n<p>Eine Hommage an die Farben der Natur:Das HUAWEI Mate20 ist in drei kr\u00e4ftigen Farben erh\u00e4ltlich. Von Twilight bis Schwarz \u2013 das Licht wird eindrucksvoll reflektiert und l\u00e4sst die einzigartigen Hyper-Optical-Muster erstrahlen. Au\u00dferdem:kein Abrutschen und keine Fingerabdr\u00fccke durch die spezielle Glasstruktur.<\/p>\n<p><b>Einzigartige Haptik<\/b><\/p>\n<p>Bequemer und sicherer Halt:Die raffinierte Verarbeitung schafft einen passenden Kontrast zur eleganten R\u00fcckseite aus Glas.<\/p>\n<p><b>Der weltweit erste 7-nm-Mobile-KI-Chipsatz<\/b><\/p>\n<p>Die branchenf\u00fchrende 7-nm-Prozesstechnologie von Kirin 980 erm\u00f6glicht eine direkte Leistungsverbesserung hinsichtlich Geschwindigkeitssteigerung und Energieeffizienz.<\/p>\n<p>Durch die Verwendung der fortschrittlichen und flexiblen CPU- und GPU-Multi-Core-Architektur wurde die Aufgaben- und Betriebsgeschwindigkeit des Ger\u00e4ts stark erh\u00f6ht. Einer der DUAL-NPU bietet umfangreiche KI-Datenverarbeitung, und der andere konzentriert sich auf bestimmte Aufgaben, um massive Effizienz und eine drastisch verbesserte Benutzererfahrung zu schaffen.<\/p>\n<p><b>Beeindruckende Kapazit\u00e4t<\/b><\/p>\n<p>Die Mate Serie zeichnet sich durch dauerhafte Power aus. Ausgestattet mit einem beeindruckenden 4.000-mAh2 -Akku mit intelligenter KI-Energieverwaltung. Egal, ob Arbeit oder Unterhaltung \u2013 du kommst immer auf deine Kosten.<\/p>\n<p><b>Power, der man vertrauen kann<\/b><\/p>\n<p>HUAWEI SuperCharge mit T\u00dcV-Sicherheitszertifizierung l\u00e4dt das Ger\u00e4t innerhalb von 30 Minuten auf 58% auf. Schnell, sicher und sorgenfrei.<\/p>\n<p><b>Neue Leica Triple-Kamera<\/b><\/p>\n<p>Die neue Leica Triple-Kamera, die von KI angetrieben wird, bringt Emotionen, Strukturen, Farben in jedem Foto zur Geltung.<\/p>\n<p>Das 12-Megapixel-RGB-Hauptobjektiv eignet sich f\u00fcr verschiedene Szenerien und bietet gro\u00dfartige Funktionen f\u00fcr allt\u00e4gliche Fotos. Das 8-Megapixel-Teleobjektiv ist f\u00fcr Aufnahmen geeignet, die in der Ferne liegende Objekte einfangen. Das neue 16-Megapixel-Weitwinkelobjektiv eignet sich perfekt f\u00fcr Landschaftsaufnahmen und Makroaufnahmen.<\/p>\n<p><b>Erweitere deinen Horizont<\/b><\/p>\n<p>Durch die Kamera zu blicken hei\u00dft nicht, dass die Sicht beschr\u00e4nkt ist. Mit dem Ultraweitwinkelobjektiv kannst du selbst in engen R\u00e4umen eine eindrucksvolle Perspektive schaffen.<\/p>\n<p><b>Komm n\u00e4her<\/b><\/p>\n<p>So nah wie nie zuvor:Das Ultraweitwinkelobjektiv erm\u00f6glicht extreme Nahaufnahmen ab 2,5 cm. Entdecke die Welt aus neuen Perspektiven.<\/p>\n<p><b>Malerische Fotos mithilfe von KI<\/b><\/p>\n<p>Die verbesserte KI-Fotografie kann nun verschiedene Objekte und Szenen eines Fotos in 1.500 Szenarien und 25 Kategorien segmentieren. Farben, Helligkeit und Kontrast werden automatisch angepasst und perfekt ausbalanciert.<\/p>\n<p><b>Faszination der Nacht<\/b><\/p>\n<p>Der Nachtmodus wird durch den fortschrittlichen HUAWEI KI-Stabilisierungsmodus unterst\u00fctzt und erm\u00f6glicht scharfe und fokussierte Fotos bei schwachem Licht. Er gleicht auch kontrastreiche Szenen aus, um unglaubliche Bilder in jeder Einstellung zu pr\u00e4sentieren.<\/p>\n<p><b>Alles ganz real<\/b><\/p>\n<p>Harmonisch, klar und aufger\u00e4umt:Die neue Benutzeroberfl\u00e4che EMUI 9.0 sorgt f\u00fcr vereinfachte Interaktion und bietet ein erweitertes und reibungsloses mobiles Erlebnis.<\/p>\n<p><b>\u00dcbertragung ohne Kabel<\/b><\/p>\n<p>Kabellos durch die Welt:Mit dem HUAWEI Mate20 kannst du Pr\u00e4sentationen, Spiele oder Videos sofort auf einen gr\u00f6\u00dferen Bildschirm, projizieren und Unterhaltung oder Arbeit mit anderen Menschen teilen. Im PC-Modus kannst du weiterhin sicher und privat Nachrichten senden oder selbstst\u00e4ndig telefonieren.<\/p>\n","protected":false},"excerpt":{"rendered":"<p>Zeit f\u00fcr #DoppeltePower Kunst, Technologie und Handwerk:Das HUAWEI Mate20 besitzt ein gestochen scharfes und klares Display, damit du die Welt ganz deutlich erkennst. Die Technologie im Inneren erm\u00f6glicht intelligente Prozesse. Einzigartig innovativ. Umrahme die Welt Die Leica Triple-Kamera und der Blitz, vereint in einem charakteristischen Quadrat. Das zentrale und einfache Kameradesignkonzept der Mate Serie schafft [&hellip;]<\/p>\n","protected":false},"featured_media":6076,"comment_status":"open","ping_status":"closed","template":"","meta":{"_acf_changed":false},"product_cat":[363],"product_tag":[],"acf":[],"jetpack_sharing_enabled":true,"_links":{"self":[{"href":"http:\/\/pc-direkthandel.de\/wordpress\/wp-json\/wp\/v2\/product\/6075"}],"collection":[{"href":"http:\/\/pc-direkthandel.de\/wordpress\/wp-json\/wp\/v2\/product"}],"about":[{"href":"http:\/\/pc-direkthandel.de\/wordpress\/wp-json\/wp\/v2\/types\/product"}],"replies":[{"embeddable":true,"href":"http:\/\/pc-direkthandel.de\/wordpress\/wp-json\/wp\/v2\/comments?post=6075"}],"wp:featuredmedia":[{"embeddable":true,"href":"http:\/\/pc-direkthandel.de\/wordpress\/wp-json\/wp\/v2\/media\/6076"}],"wp:attachment":[{"href":"http:\/\/pc-direkthandel.de\/wordpress\/wp-json\/wp\/v2\/media?parent=6075"}],"wp:term":[{"taxonomy":"product_cat","embeddable":true,"href":"http:\/\/pc-direkthandel.de\/wordpress\/wp-json\/wp\/v2\/product_cat?post=6075"},{"taxonomy":"product_tag","embeddable":true,"href":"http:\/\/pc-direkthandel.de\/wordpress\/wp-json\/wp\/v2\/product_tag?post=6075"}],"curies":[{"name":"wp","href":"https:\/\/api.w.org\/{rel}","templated":true}]}}