{"id":6032,"date":"2019-10-30T22:35:23","date_gmt":"2019-10-30T20:35:23","guid":{"rendered":"http:\/\/pc-direkthandel.de\/wordpress\/?post_type=product&#038;p=6032"},"modified":"2019-10-30T22:40:15","modified_gmt":"2019-10-30T20:40:15","slug":"nokia-8-1","status":"publish","type":"product","link":"http:\/\/pc-direkthandel.de\/wordpress\/product\/nokia-8-1\/","title":{"rendered":"NOKIA 8.1"},"content":{"rendered":"<p><b>Umwerfende Selfies bei Tag und Nacht<\/b><\/p>\n<p>Mit ihrer verbesserten Lichtaufnahme macht die 20-MP-Frontkamera auch bei schwachem Licht wundersch\u00f6ne Selfies. Und mit Google Lens\u2122 und Motion Photos als Teil der Kamera-App kannst du geniale Videos aufnehmen und die Welt entdecken, indem du mehr \u00fcber die Orte, Objekte und Tiere erf\u00e4hrst, die du durch deine Kamera siehst.<\/p>\n<p><b>Pr\u00e4zise Lichtaufnahme und optische Bildstabilisierung<\/b><\/p>\n<p>Beste Bildqualit\u00e4t mit ZEISS-Optik, optischer Bildstabilisierung und einem hochempfindlichen Sensor.<\/p>\n<p><b>20 MP Selfie-Kamera<\/b><\/p>\n<p>Die Selfie-Kamera macht auch bei schw\u00e4cherem Licht umwerfende Fotos, indem sie vier Pixel in einem kombiniert und so das Licht besser einf\u00e4ngt.<\/p>\n<p><b>KI-gest\u00fctzte Bildverarbeitung<\/b><\/p>\n<p>Mache umwerfende Fotos mit Beleuchtung wie aus dem Fotostudio und benutze bei der Aufnahme oder zur Nachbearbeitung die \u201eLive Bokeh\u201c-Funktion.<\/p>\n<p><b>Kreativerer Dual-Sight-Modus<\/b><\/p>\n<p>Teile deinen Dual-Sight-Livestream und benutze 3D-Personas, Filter und Masken.<\/p>\n<p><b>Ausgezeichnetes Video- und Bilderlebnis<\/b><\/p>\n<p>Das adaptive 6.18&#8243; Full-HD+-PureDisplay sorgt f\u00fcr authentische Farben und perfekt sichtbare Inhalte \u2013 auch bei hellem Sonnenlicht. Und dank des HDR10-Supports kannst du Videos mit sch\u00e4rferen Details und satteren Farben genie\u00dfen. Au\u00dferdem lernt die neue Funktion von Android 9 Pie f\u00fcr adaptive Helligkeit deine bevorzugten Helligkeitseinstellungen f\u00fcr den Bildschirm kennen und passt sie automatisch an.<\/p>\n<p><b>Anspruchsvolles Design<\/b><\/p>\n<p>Der zweifarbig eloxierte Metallrahmen des Nokia 8.1 erf\u00fcllt die strengsten Pr\u00fcfkriterien, um im Alltag garantierte Langlebigkeit zu bieten. Das nahtlose Design und die hochpr\u00e4zise Fertigung sorgen f\u00fcr vollendete Eleganz \u2013 einen Premium-Look, der auff\u00e4llt.<\/p>\n<p><b>Hardware<\/b><\/p>\n<p>Der leistungsstarke und KI-gest\u00fctzte Qualcomm\u2122 Snapdragon\u00ae 710 Prozessor liefert die Geschwindigkeit, die du brauchst, w\u00e4hrend mithilfe der neuen adaptiven Akkufunktion von Android 9 Pie eine Akkulaufzeit von 2 Tagen erm\u00f6glicht wird.<\/p>\n<p><b>Spare Zeit und schone deinen Akku mit Android 9 Pie<\/b><\/p>\n<p>Android 9 Pie entfesselt das Potenzial der k\u00fcnstlichen Intelligenz, damit dein Nokia 8.1 dir noch mehr bieten kann. Es passt sich an dich und die Art und Weise an, wie du dein Smartphone nutzt, lernt deine Vorlieben kennen und verbessert sich im Laufe der Zeit, so dass alles l\u00e4nger reibungslos l\u00e4uft.<\/p>\n<p><b>Das Beste von Android, die neueste Innovation von Google<\/b><\/p>\n<p>Android One stattet das Nokia 8.1 mit einem von Google entwickelten Software-Erlebnis aus. Hole dir alles, was du willst, und nichts, was du nicht willst \u2013 mit einer schlanken, benutzerfreundlichen Oberfl\u00e4che und sorgf\u00e4ltig ausgew\u00e4hlten, vorinstallierten Apps sowie einem kostenlosen unbegrenzten Speicher f\u00fcr hochwertige Fotos mit Google Fotos. Regelm\u00e4\u00dfige Sicherheitsupdates und zwei Jahre kostenlose Software-Aktualisierungen gew\u00e4hrleisten, dass das Nokia 8.1 mit Android One sicher und mit den neuesten Innovationen von Google ausgestattet ist, wie der Optimierung mit Google Assistant.<\/p>\n","protected":false},"excerpt":{"rendered":"<p>Umwerfende Selfies bei Tag und Nacht Mit ihrer verbesserten Lichtaufnahme macht die 20-MP-Frontkamera auch bei schwachem Licht wundersch\u00f6ne Selfies. Und mit Google Lens\u2122 und Motion Photos als Teil der Kamera-App kannst du geniale Videos aufnehmen und die Welt entdecken, indem du mehr \u00fcber die Orte, Objekte und Tiere erf\u00e4hrst, die du durch deine Kamera siehst. [&hellip;]<\/p>\n","protected":false},"featured_media":6033,"comment_status":"open","ping_status":"closed","template":"","meta":{"_acf_changed":false},"product_cat":[361],"product_tag":[],"acf":[],"jetpack_sharing_enabled":true,"_links":{"self":[{"href":"http:\/\/pc-direkthandel.de\/wordpress\/wp-json\/wp\/v2\/product\/6032"}],"collection":[{"href":"http:\/\/pc-direkthandel.de\/wordpress\/wp-json\/wp\/v2\/product"}],"about":[{"href":"http:\/\/pc-direkthandel.de\/wordpress\/wp-json\/wp\/v2\/types\/product"}],"replies":[{"embeddable":true,"href":"http:\/\/pc-direkthandel.de\/wordpress\/wp-json\/wp\/v2\/comments?post=6032"}],"wp:featuredmedia":[{"embeddable":true,"href":"http:\/\/pc-direkthandel.de\/wordpress\/wp-json\/wp\/v2\/media\/6033"}],"wp:attachment":[{"href":"http:\/\/pc-direkthandel.de\/wordpress\/wp-json\/wp\/v2\/media?parent=6032"}],"wp:term":[{"taxonomy":"product_cat","embeddable":true,"href":"http:\/\/pc-direkthandel.de\/wordpress\/wp-json\/wp\/v2\/product_cat?post=6032"},{"taxonomy":"product_tag","embeddable":true,"href":"http:\/\/pc-direkthandel.de\/wordpress\/wp-json\/wp\/v2\/product_tag?post=6032"}],"curies":[{"name":"wp","href":"https:\/\/api.w.org\/{rel}","templated":true}]}}