{"id":6018,"date":"2019-10-30T22:19:48","date_gmt":"2019-10-30T20:19:48","guid":{"rendered":"http:\/\/pc-direkthandel.de\/wordpress\/?post_type=product&#038;p=6018"},"modified":"2019-10-30T22:21:09","modified_gmt":"2019-10-30T20:21:09","slug":"nokia-3310-yellow","status":"publish","type":"product","link":"http:\/\/pc-direkthandel.de\/wordpress\/product\/nokia-3310-yellow\/","title":{"rendered":"NOKIA 3310"},"content":{"rendered":"<p><strong>Legend\u00e4re abgerundete Form, modernisiert<br \/>\n<\/strong>Das neue Nokia 3310 hat die unverwechselbare Silhouette des Originals, die f\u00fcr das Jahr 2017 neu aufgelegt wurde. Die ma\u00dfgeschneiderte Bedienoberfl\u00e4che wertet den Klassiker mit einer frischen Optik auf, w\u00e4hrend das polarisierte und gebogene 2,4&#8243;-Display f\u00fcr eine bessere Lesbarkeit bei Sonneneinstrahlung sorgt. Das Handy ist schlanker und leichter als das Original und dennoch am klassischen Nokia-Klingelton sofort erkennbar.<\/p>\n<p><strong>Schier grenzenloser Akku<br \/>\n<\/strong>Erinnern Sie sich noch an die Zeit, als Sie das Haus ohne Ladeger\u00e4t verlassen konnten? Tja, mit dem neuen Nokia 3310 k\u00f6nnen Sie das wieder. Das Handy verf\u00fcgt \u00fcber einen langlebigen Akku, damit Sie den ganzen Tag lang telefonieren k\u00f6nnen.* Im Standby-Modus h\u00e4lt der Akku bis zu einen Monat lang.** Bei Bedarf kann das Handy \u00fcber den Micro-USB-Anschluss problemlos wieder aufgeladen werden.<\/p>\n<p><strong>Schl\u00e4ngeln ohne Ende!<br \/>\n<\/strong>Spielen Sie das legend\u00e4re Snake-Spiel. Das auf den neuesten Stand gebrachte Snake ist wieder da! Jetzt macht es noch mehr Spa\u00df, Snake auf dem Farbdisplay zu spielen. Kennen Sie noch Ihren h\u00f6chsten Punktestand? Werden Sie ihn \u00fcbertreffen k\u00f6nnen?<\/p>\n<p><strong>Vier attraktive Farbt\u00f6ne zur Auswahl<br \/>\n<\/strong>Das Nokia 3310 kann an Ihren Stil angepasst werden: Es wird in vier verschiedenen Farben angeboten: In warmem Rot und Gelb, beide mit gl\u00e4nzender Oberfl\u00e4che, sowie in Dunkelblau und Grau, jeweils mit matter Oberfl\u00e4che. Damit diese sch\u00f6ne Optik von Dauer ist, besteht nicht nur die Oberfl\u00e4che, sondern das gesamte Material aus der gew\u00e4hlten Farbe.<\/p>\n","protected":false},"excerpt":{"rendered":"<p>Legend\u00e4re abgerundete Form, modernisiert Das neue Nokia 3310 hat die unverwechselbare Silhouette des Originals, die f\u00fcr das Jahr 2017 neu aufgelegt wurde. Die ma\u00dfgeschneiderte Bedienoberfl\u00e4che wertet den Klassiker mit einer frischen Optik auf, w\u00e4hrend das polarisierte und gebogene 2,4&#8243;-Display f\u00fcr eine bessere Lesbarkeit bei Sonneneinstrahlung sorgt. Das Handy ist schlanker und leichter als das Original [&hellip;]<\/p>\n","protected":false},"featured_media":6019,"comment_status":"open","ping_status":"closed","template":"","meta":{"_acf_changed":false},"product_cat":[361],"product_tag":[],"acf":[],"jetpack_sharing_enabled":true,"_links":{"self":[{"href":"http:\/\/pc-direkthandel.de\/wordpress\/wp-json\/wp\/v2\/product\/6018"}],"collection":[{"href":"http:\/\/pc-direkthandel.de\/wordpress\/wp-json\/wp\/v2\/product"}],"about":[{"href":"http:\/\/pc-direkthandel.de\/wordpress\/wp-json\/wp\/v2\/types\/product"}],"replies":[{"embeddable":true,"href":"http:\/\/pc-direkthandel.de\/wordpress\/wp-json\/wp\/v2\/comments?post=6018"}],"wp:featuredmedia":[{"embeddable":true,"href":"http:\/\/pc-direkthandel.de\/wordpress\/wp-json\/wp\/v2\/media\/6019"}],"wp:attachment":[{"href":"http:\/\/pc-direkthandel.de\/wordpress\/wp-json\/wp\/v2\/media?parent=6018"}],"wp:term":[{"taxonomy":"product_cat","embeddable":true,"href":"http:\/\/pc-direkthandel.de\/wordpress\/wp-json\/wp\/v2\/product_cat?post=6018"},{"taxonomy":"product_tag","embeddable":true,"href":"http:\/\/pc-direkthandel.de\/wordpress\/wp-json\/wp\/v2\/product_tag?post=6018"}],"curies":[{"name":"wp","href":"https:\/\/api.w.org\/{rel}","templated":true}]}}