{"id":6007,"date":"2019-10-30T21:53:42","date_gmt":"2019-10-30T19:53:42","guid":{"rendered":"http:\/\/pc-direkthandel.de\/wordpress\/?post_type=product&#038;p=6007"},"modified":"2019-10-30T21:56:00","modified_gmt":"2019-10-30T19:56:00","slug":"sony-xperia-l2-ssim","status":"publish","type":"product","link":"http:\/\/pc-direkthandel.de\/wordpress\/product\/sony-xperia-l2-ssim\/","title":{"rendered":"SONY Xperia L2 SSIM"},"content":{"rendered":"<p>Mit dem Xperia L2 erweitert Sony das Produktportfolio um ein neues Einsteigermodell. Das Smartphone \u00fcberzeugt mit einem 5,5 Zoll gro\u00dfen Display und attraktivem Preis-Leistungs-Verh\u00e4ltnis.<\/p>\n<p>Die 13 Megapixel-Hauptkamera des Xperia L2 nimmt Bilder auf, die auf dem gro\u00dfen Display ihre volle Strahlkraft entfalten k\u00f6nnen. F\u00fcr Selfies ist es ebenso gut ger\u00fcstet: Mit der 8 Megapixel-Frontkamera mit 120 Grad Weitwinkel-Objektiv passen auch noch viele Freunde mit aufs Bild.<\/p>\n","protected":false},"excerpt":{"rendered":"<p>Mit dem Xperia L2 erweitert Sony das Produktportfolio um ein neues Einsteigermodell. Das Smartphone \u00fcberzeugt mit einem 5,5 Zoll gro\u00dfen Display und attraktivem Preis-Leistungs-Verh\u00e4ltnis. Die 13 Megapixel-Hauptkamera des Xperia L2 nimmt Bilder auf, die auf dem gro\u00dfen Display ihre volle Strahlkraft entfalten k\u00f6nnen. F\u00fcr Selfies ist es ebenso gut ger\u00fcstet: Mit der 8 Megapixel-Frontkamera mit [&hellip;]<\/p>\n","protected":false},"featured_media":6008,"comment_status":"open","ping_status":"closed","template":"","meta":{"_acf_changed":false},"product_cat":[360],"product_tag":[],"acf":[],"jetpack_sharing_enabled":true,"_links":{"self":[{"href":"http:\/\/pc-direkthandel.de\/wordpress\/wp-json\/wp\/v2\/product\/6007"}],"collection":[{"href":"http:\/\/pc-direkthandel.de\/wordpress\/wp-json\/wp\/v2\/product"}],"about":[{"href":"http:\/\/pc-direkthandel.de\/wordpress\/wp-json\/wp\/v2\/types\/product"}],"replies":[{"embeddable":true,"href":"http:\/\/pc-direkthandel.de\/wordpress\/wp-json\/wp\/v2\/comments?post=6007"}],"wp:featuredmedia":[{"embeddable":true,"href":"http:\/\/pc-direkthandel.de\/wordpress\/wp-json\/wp\/v2\/media\/6008"}],"wp:attachment":[{"href":"http:\/\/pc-direkthandel.de\/wordpress\/wp-json\/wp\/v2\/media?parent=6007"}],"wp:term":[{"taxonomy":"product_cat","embeddable":true,"href":"http:\/\/pc-direkthandel.de\/wordpress\/wp-json\/wp\/v2\/product_cat?post=6007"},{"taxonomy":"product_tag","embeddable":true,"href":"http:\/\/pc-direkthandel.de\/wordpress\/wp-json\/wp\/v2\/product_tag?post=6007"}],"curies":[{"name":"wp","href":"https:\/\/api.w.org\/{rel}","templated":true}]}}