{"id":6001,"date":"2019-10-30T21:41:59","date_gmt":"2019-10-30T19:41:59","guid":{"rendered":"http:\/\/pc-direkthandel.de\/wordpress\/?post_type=product&#038;p=6001"},"modified":"2019-10-30T21:46:08","modified_gmt":"2019-10-30T19:46:08","slug":"sony-xperia-xz2-compact","status":"publish","type":"product","link":"http:\/\/pc-direkthandel.de\/wordpress\/product\/sony-xperia-xz2-compact\/","title":{"rendered":"SONY Xperia XZ2 Compact"},"content":{"rendered":"<p>Das neue Xperia XZ2 Compact l\u00e4utet eine neue Generation von Kompakt-Smartphones ein. Die bahnbrechende 19 Megapixel Motion Eye-Kamera bietet in jeder Situation die perfekte Funktion, um die sch\u00f6nsten Momente zu unvergesslichen Erinnerungen werden zu lassen. Im Handumdrehen k\u00f6nnen so gestochen scharfe Fotos mit unglaublichen Farben, Videos in atemberaubender 4K HDR Qualit\u00e4t oder auch detailreiche 3D-Scans erstellt werden.<\/p>\n","protected":false},"excerpt":{"rendered":"<p>Das neue Xperia XZ2 Compact l\u00e4utet eine neue Generation von Kompakt-Smartphones ein. Die bahnbrechende 19 Megapixel Motion Eye-Kamera bietet in jeder Situation die perfekte Funktion, um die sch\u00f6nsten Momente zu unvergesslichen Erinnerungen werden zu lassen. Im Handumdrehen k\u00f6nnen so gestochen scharfe Fotos mit unglaublichen Farben, Videos in atemberaubender 4K HDR Qualit\u00e4t oder auch detailreiche 3D-Scans [&hellip;]<\/p>\n","protected":false},"featured_media":6002,"comment_status":"open","ping_status":"closed","template":"","meta":{"_acf_changed":false},"product_cat":[360],"product_tag":[],"acf":[],"jetpack_sharing_enabled":true,"_links":{"self":[{"href":"http:\/\/pc-direkthandel.de\/wordpress\/wp-json\/wp\/v2\/product\/6001"}],"collection":[{"href":"http:\/\/pc-direkthandel.de\/wordpress\/wp-json\/wp\/v2\/product"}],"about":[{"href":"http:\/\/pc-direkthandel.de\/wordpress\/wp-json\/wp\/v2\/types\/product"}],"replies":[{"embeddable":true,"href":"http:\/\/pc-direkthandel.de\/wordpress\/wp-json\/wp\/v2\/comments?post=6001"}],"wp:featuredmedia":[{"embeddable":true,"href":"http:\/\/pc-direkthandel.de\/wordpress\/wp-json\/wp\/v2\/media\/6002"}],"wp:attachment":[{"href":"http:\/\/pc-direkthandel.de\/wordpress\/wp-json\/wp\/v2\/media?parent=6001"}],"wp:term":[{"taxonomy":"product_cat","embeddable":true,"href":"http:\/\/pc-direkthandel.de\/wordpress\/wp-json\/wp\/v2\/product_cat?post=6001"},{"taxonomy":"product_tag","embeddable":true,"href":"http:\/\/pc-direkthandel.de\/wordpress\/wp-json\/wp\/v2\/product_tag?post=6001"}],"curies":[{"name":"wp","href":"https:\/\/api.w.org\/{rel}","templated":true}]}}