{"id":5997,"date":"2019-10-30T21:40:03","date_gmt":"2019-10-30T19:40:03","guid":{"rendered":"http:\/\/pc-direkthandel.de\/wordpress\/?post_type=product&#038;p=5997"},"modified":"2019-10-30T21:41:32","modified_gmt":"2019-10-30T19:41:32","slug":"sony-xperia-x-black","status":"publish","type":"product","link":"http:\/\/pc-direkthandel.de\/wordpress\/product\/sony-xperia-x-black\/","title":{"rendered":"SONY Xperia X"},"content":{"rendered":"<p><b>F\u00fcr unerwartet sch\u00f6ne Momente<\/b><\/p>\n<p>Die besten Momente lassen sich nur schwer einfangen. Damit alle deine Aufnahmen gelingen, haben wir unsere bislang innovativste Kamera entwickelt \u2013 mit noch schnelleren Reaktionszeiten und intelligenterem Autofokus.<\/p>\n<p><b>Unsere intelligenteste Kamera verfolgt Bewegungen automatisch &#8211; f\u00fcr gestochen scharfe Fotos.<\/b><\/p>\n<p>Mit der Smart Capture-Technologie geh\u00f6ren verwackelte Bilder endlich der Vergangenheit an. Der neue pr\u00e4diktive Autofokus von Sony mit Smart Capture macht dein Smartphone zum Meister der Bewegung. Du kannst ein sich bewegendes Objekt ausw\u00e4hlen \u2013 dein Smartphone beh\u00e4lt es im Fokus. Dadurch werden auch unvorhersehbare Szenen gestochen scharf bis ins letzte Detail festgehalten.<\/p>\n<p><b>Die 23 Megapixel-Kamera f\u00fcr die fl\u00fcchtigsten Augenblicke<\/b><\/p>\n<p>Unsere bislang schnellste Kamera wechselt vom Standby-Modus in den Aufnahmemodus in weniger als 0,6 Sekunden. Mit dem Schnellstart, dem blitzschnellen hybriden Autofokus und der schnelleren Bildverarbeitung kannst du selbst spontane Momente perfekt festhalten.<\/p>\n<p><b>Verst\u00e4ndlicherweise unverzichtbar<\/b><\/p>\n<p>Mit der nahtlosen R\u00fcckseite aus Metall \u00fcberzeugt das Xperia X auf ganzer Linie. Durch das geschwungene Display und einer idealen Gr\u00f6\u00dfe von 5&#8243; (12,7 cm) liegt es nicht nur angenehm in der Hand, sondern sieht auch noch extrem gut aus.<\/p>\n<p><b>Mit jedem Aufladen mehr Energie f\u00fcr dein Smartphone<\/b><\/p>\n<p>W\u00e4hrend die meisten Smartphone-Akkus schnell an Ausdauer verlieren, bietet der Akku des Xperia X die bislang l\u00e4ngste Laufzeit. Durch das bahnbrechende Qnovo Adaptive Charging wird der Akku beim Aufladen geschont.<\/p>\n","protected":false},"excerpt":{"rendered":"<p>F\u00fcr unerwartet sch\u00f6ne Momente Die besten Momente lassen sich nur schwer einfangen. Damit alle deine Aufnahmen gelingen, haben wir unsere bislang innovativste Kamera entwickelt \u2013 mit noch schnelleren Reaktionszeiten und intelligenterem Autofokus. Unsere intelligenteste Kamera verfolgt Bewegungen automatisch &#8211; f\u00fcr gestochen scharfe Fotos. Mit der Smart Capture-Technologie geh\u00f6ren verwackelte Bilder endlich der Vergangenheit an. Der [&hellip;]<\/p>\n","protected":false},"featured_media":5998,"comment_status":"open","ping_status":"closed","template":"","meta":{"_acf_changed":false},"product_cat":[360],"product_tag":[],"acf":[],"jetpack_sharing_enabled":true,"_links":{"self":[{"href":"http:\/\/pc-direkthandel.de\/wordpress\/wp-json\/wp\/v2\/product\/5997"}],"collection":[{"href":"http:\/\/pc-direkthandel.de\/wordpress\/wp-json\/wp\/v2\/product"}],"about":[{"href":"http:\/\/pc-direkthandel.de\/wordpress\/wp-json\/wp\/v2\/types\/product"}],"replies":[{"embeddable":true,"href":"http:\/\/pc-direkthandel.de\/wordpress\/wp-json\/wp\/v2\/comments?post=5997"}],"wp:featuredmedia":[{"embeddable":true,"href":"http:\/\/pc-direkthandel.de\/wordpress\/wp-json\/wp\/v2\/media\/5998"}],"wp:attachment":[{"href":"http:\/\/pc-direkthandel.de\/wordpress\/wp-json\/wp\/v2\/media?parent=5997"}],"wp:term":[{"taxonomy":"product_cat","embeddable":true,"href":"http:\/\/pc-direkthandel.de\/wordpress\/wp-json\/wp\/v2\/product_cat?post=5997"},{"taxonomy":"product_tag","embeddable":true,"href":"http:\/\/pc-direkthandel.de\/wordpress\/wp-json\/wp\/v2\/product_tag?post=5997"}],"curies":[{"name":"wp","href":"https:\/\/api.w.org\/{rel}","templated":true}]}}