{"id":5680,"date":"2019-10-24T22:06:26","date_gmt":"2019-10-24T20:06:26","guid":{"rendered":"http:\/\/pc-direkthandel.de\/wordpress\/?post_type=product&#038;p=5680"},"modified":"2019-10-24T22:10:12","modified_gmt":"2019-10-24T20:10:12","slug":"cat-caterpillar-s31-dual-sim","status":"publish","type":"product","link":"http:\/\/pc-direkthandel.de\/wordpress\/product\/cat-caterpillar-s31-dual-sim\/","title":{"rendered":"CAT Caterpillar S31 Dual-SIM"},"content":{"rendered":"<p>Mit dem CAT S31 erhalten Sie ein robustes und zuverl\u00e4ssiges Outdoor Smartphone. Es ist wasserdicht nach IP68 und entspricht dem MIL-SPEC 810 G Standard. Der Akku hat eine Kapazit\u00e4t von 4.000 mAh und bietet eine hohe Leistung. Der interne Speicher ist erweiterbar und ein spezielles Display sorgt daf\u00fcr, dass es auch bei extremer Sonneneinstrahlung als auch bei Regen und N\u00e4sse gut abgelesen werden kann.<\/p>\n","protected":false},"excerpt":{"rendered":"<p>Mit dem CAT S31 erhalten Sie ein robustes und zuverl\u00e4ssiges Outdoor Smartphone. Es ist wasserdicht nach IP68 und entspricht dem MIL-SPEC 810 G Standard. Der Akku hat eine Kapazit\u00e4t von 4.000 mAh und bietet eine hohe Leistung. Der interne Speicher ist erweiterbar und ein spezielles Display sorgt daf\u00fcr, dass es auch bei extremer Sonneneinstrahlung als [&hellip;]<\/p>\n","protected":false},"featured_media":5681,"comment_status":"open","ping_status":"closed","template":"","meta":{"_acf_changed":false},"product_cat":[200],"product_tag":[],"acf":[],"jetpack_sharing_enabled":true,"_links":{"self":[{"href":"http:\/\/pc-direkthandel.de\/wordpress\/wp-json\/wp\/v2\/product\/5680"}],"collection":[{"href":"http:\/\/pc-direkthandel.de\/wordpress\/wp-json\/wp\/v2\/product"}],"about":[{"href":"http:\/\/pc-direkthandel.de\/wordpress\/wp-json\/wp\/v2\/types\/product"}],"replies":[{"embeddable":true,"href":"http:\/\/pc-direkthandel.de\/wordpress\/wp-json\/wp\/v2\/comments?post=5680"}],"wp:featuredmedia":[{"embeddable":true,"href":"http:\/\/pc-direkthandel.de\/wordpress\/wp-json\/wp\/v2\/media\/5681"}],"wp:attachment":[{"href":"http:\/\/pc-direkthandel.de\/wordpress\/wp-json\/wp\/v2\/media?parent=5680"}],"wp:term":[{"taxonomy":"product_cat","embeddable":true,"href":"http:\/\/pc-direkthandel.de\/wordpress\/wp-json\/wp\/v2\/product_cat?post=5680"},{"taxonomy":"product_tag","embeddable":true,"href":"http:\/\/pc-direkthandel.de\/wordpress\/wp-json\/wp\/v2\/product_tag?post=5680"}],"curies":[{"name":"wp","href":"https:\/\/api.w.org\/{rel}","templated":true}]}}