{"id":5676,"date":"2019-10-24T22:02:19","date_gmt":"2019-10-24T20:02:19","guid":{"rendered":"http:\/\/pc-direkthandel.de\/wordpress\/?post_type=product&#038;p=5676"},"modified":"2019-10-24T22:03:55","modified_gmt":"2019-10-24T20:03:55","slug":"panasonic-kx-tu456","status":"publish","type":"product","link":"http:\/\/pc-direkthandel.de\/wordpress\/product\/panasonic-kx-tu456\/","title":{"rendered":"Panasonic KX-TU456"},"content":{"rendered":"<p><b>Praktisch, robust und benutzerfreundlich<\/b><\/p>\n<p>Das Mobiltelefon KX-TU456 speziell f\u00fcr Senioren, \u00fcberzeugt mit praktischem Klappdesign, integrierter Kamera und einer sehr robusten Konstruktion. Besonders die gro\u00dfen Tasten und das gut lesbare Display sind f\u00fcr \u00e4ltere Nutzer geeignet. Somit ist es der ideale Begleiter sowohl im Alltag, als auch auf Reisen.<\/p>\n<p><b>Notfallanrufe mit Freisprechen<\/b><\/p>\n<p>Versendet SMS und t\u00e4tigt automatisch Anrufe an bis zu f\u00fcnf vorher festgelegte Telefonnummern. Telefongespr\u00e4ch per Freisprechen wird automatisch aktiviert.<\/p>\n<p><b>Gro\u00dfe, sprechende Tasten<\/b><\/p>\n<p>Die gro\u00dfen Tasten k\u00f6nnen einfacher gedr\u00fcckt werden und sind leichter erkennbar. Zudem wird mithilfe der &#8222;sprechenden Tasten&#8220; die gedr\u00fcckte Tastennummer per Sprachausgabe best\u00e4tigt und gibt dem Nutzer mehr Sicherheit.<\/p>\n<p><b>Leicht ablesbares 6,1 cm (2,4 Zoll) Display<\/b><\/p>\n<p>Das gro\u00dfe Display ist dank des hohen Kontrasts sehr gut lesbar. Men\u00fcansicht, Uhrzeit und Anruferinformationen werden \u00fcbersichtlich angezeigt.<\/p>\n<p><b>Sto\u00dffest<\/b><\/p>\n<p>Dank seiner robusten Konstruktion ist das Mobiltelefon sogar bei versehentlichem Herunterfallen bestens gesch\u00fctzt. Das sto\u00dffeste Ger\u00e4t h\u00e4lt sogar St\u00fcrzen aus bis zu 1,5 Meter H\u00f6he stand.* Das Mobiltelefon wurde gem\u00e4\u00df des Teststandards MIL-STD-810G.516.7 f\u00fcr Ger\u00e4te, die vom US-Verteidigungsministerium verwendet werden, auf Robustheit getestet und zertifiziert.<\/p>\n<p><small>* Kann je nach Situation unterschiedlich ausfallen.<\/small><\/p>\n<p><b>Individuelle Klangverst\u00e4rkung<\/b><\/p>\n<p>Der Nutzer kann, je nach pers\u00f6nlichem Bedarf, tiefe oder hohe Frequenzbereiche verst\u00e4rken und so den anderen Gespr\u00e4chspartner einfacher verstehen. Das Mobiltelefon bietet somit bei H\u00f6rschwierigkeiten eine zus\u00e4tzliche Hilfestellung.<\/p>\n<p><b>Kompatibel mit H\u00f6rger\u00e4ten<\/b><\/p>\n<p>Auch beim Tragen von H\u00f6rger\u00e4ten sind kristallklare Gespr\u00e4che m\u00f6glich &#8211; eine unangenehme Ger\u00e4uschentwicklung bleibt aus.<\/p>\n","protected":false},"excerpt":{"rendered":"<p>Praktisch, robust und benutzerfreundlich Das Mobiltelefon KX-TU456 speziell f\u00fcr Senioren, \u00fcberzeugt mit praktischem Klappdesign, integrierter Kamera und einer sehr robusten Konstruktion. Besonders die gro\u00dfen Tasten und das gut lesbare Display sind f\u00fcr \u00e4ltere Nutzer geeignet. Somit ist es der ideale Begleiter sowohl im Alltag, als auch auf Reisen. Notfallanrufe mit Freisprechen Versendet SMS und t\u00e4tigt [&hellip;]<\/p>\n","protected":false},"featured_media":5677,"comment_status":"open","ping_status":"closed","template":"","meta":{"_acf_changed":false},"product_cat":[358],"product_tag":[],"acf":[],"jetpack_sharing_enabled":true,"_links":{"self":[{"href":"http:\/\/pc-direkthandel.de\/wordpress\/wp-json\/wp\/v2\/product\/5676"}],"collection":[{"href":"http:\/\/pc-direkthandel.de\/wordpress\/wp-json\/wp\/v2\/product"}],"about":[{"href":"http:\/\/pc-direkthandel.de\/wordpress\/wp-json\/wp\/v2\/types\/product"}],"replies":[{"embeddable":true,"href":"http:\/\/pc-direkthandel.de\/wordpress\/wp-json\/wp\/v2\/comments?post=5676"}],"wp:featuredmedia":[{"embeddable":true,"href":"http:\/\/pc-direkthandel.de\/wordpress\/wp-json\/wp\/v2\/media\/5677"}],"wp:attachment":[{"href":"http:\/\/pc-direkthandel.de\/wordpress\/wp-json\/wp\/v2\/media?parent=5676"}],"wp:term":[{"taxonomy":"product_cat","embeddable":true,"href":"http:\/\/pc-direkthandel.de\/wordpress\/wp-json\/wp\/v2\/product_cat?post=5676"},{"taxonomy":"product_tag","embeddable":true,"href":"http:\/\/pc-direkthandel.de\/wordpress\/wp-json\/wp\/v2\/product_tag?post=5676"}],"curies":[{"name":"wp","href":"https:\/\/api.w.org\/{rel}","templated":true}]}}