{"id":5674,"date":"2019-10-24T22:00:51","date_gmt":"2019-10-24T20:00:51","guid":{"rendered":"http:\/\/pc-direkthandel.de\/wordpress\/?post_type=product&#038;p=5674"},"modified":"2019-10-24T22:02:03","modified_gmt":"2019-10-24T20:02:03","slug":"panasonic-kx-tu110-schwarz","status":"publish","type":"product","link":"http:\/\/pc-direkthandel.de\/wordpress\/product\/panasonic-kx-tu110-schwarz\/","title":{"rendered":"Panasonic KX-TU110"},"content":{"rendered":"<p>Das KX-TU110 ist ein einfaches Handy mit einem gut lesbarem Display und sehr gro\u00dfen Tasten. So l\u00e4sst es sich leicht bedienen. Zus\u00e4tzlich ist es sto\u00dffest, bietet eine SOS Taste sowie eine Taschenlampenfunktion. Beleuchtete Tasten und eine H\u00f6rger\u00e4tekompatibilit\u00e4t (M3\/T4) sorgen daf\u00fcr, dass auch \u00e4ltere Menschen ein Mobiltelefon nutzen k\u00f6nnen.<\/p>\n<p><b>Highlights:<\/b><\/p>\n<ul>\n<li>Gut lesbares 1,8 Zoll (4,6 cm) Farb-Display<\/li>\n<li>SOS Taste und Taschenlampenfunktion<\/li>\n<li>Gro\u00dfe, beleuchtete Tasten<\/li>\n<li>Sto\u00dffest und h\u00f6rger\u00e4tekompatibel<\/li>\n<li>Dual-SIM f\u00e4hig<\/li>\n<li>microSD Karte bis zu 32 GB als max. zus\u00e4tzlicher Speicher m\u00f6glich (nicht enthalten)<\/li>\n<\/ul>\n","protected":false},"excerpt":{"rendered":"<p>Das KX-TU110 ist ein einfaches Handy mit einem gut lesbarem Display und sehr gro\u00dfen Tasten. So l\u00e4sst es sich leicht bedienen. Zus\u00e4tzlich ist es sto\u00dffest, bietet eine SOS Taste sowie eine Taschenlampenfunktion. Beleuchtete Tasten und eine H\u00f6rger\u00e4tekompatibilit\u00e4t (M3\/T4) sorgen daf\u00fcr, dass auch \u00e4ltere Menschen ein Mobiltelefon nutzen k\u00f6nnen. Highlights: Gut lesbares 1,8 Zoll (4,6 cm) [&hellip;]<\/p>\n","protected":false},"featured_media":5675,"comment_status":"open","ping_status":"closed","template":"","meta":{"_acf_changed":false},"product_cat":[358],"product_tag":[],"acf":[],"jetpack_sharing_enabled":true,"_links":{"self":[{"href":"http:\/\/pc-direkthandel.de\/wordpress\/wp-json\/wp\/v2\/product\/5674"}],"collection":[{"href":"http:\/\/pc-direkthandel.de\/wordpress\/wp-json\/wp\/v2\/product"}],"about":[{"href":"http:\/\/pc-direkthandel.de\/wordpress\/wp-json\/wp\/v2\/types\/product"}],"replies":[{"embeddable":true,"href":"http:\/\/pc-direkthandel.de\/wordpress\/wp-json\/wp\/v2\/comments?post=5674"}],"wp:featuredmedia":[{"embeddable":true,"href":"http:\/\/pc-direkthandel.de\/wordpress\/wp-json\/wp\/v2\/media\/5675"}],"wp:attachment":[{"href":"http:\/\/pc-direkthandel.de\/wordpress\/wp-json\/wp\/v2\/media?parent=5674"}],"wp:term":[{"taxonomy":"product_cat","embeddable":true,"href":"http:\/\/pc-direkthandel.de\/wordpress\/wp-json\/wp\/v2\/product_cat?post=5674"},{"taxonomy":"product_tag","embeddable":true,"href":"http:\/\/pc-direkthandel.de\/wordpress\/wp-json\/wp\/v2\/product_tag?post=5674"}],"curies":[{"name":"wp","href":"https:\/\/api.w.org\/{rel}","templated":true}]}}