{"id":5668,"date":"2019-10-24T21:54:57","date_gmt":"2019-10-24T19:54:57","guid":{"rendered":"http:\/\/pc-direkthandel.de\/wordpress\/?post_type=product&#038;p=5668"},"modified":"2019-10-24T21:57:07","modified_gmt":"2019-10-24T19:57:07","slug":"panasonic-kx-tu150","status":"publish","type":"product","link":"http:\/\/pc-direkthandel.de\/wordpress\/product\/panasonic-kx-tu150\/","title":{"rendered":"Panasonic KX-TU150"},"content":{"rendered":"<p>Das Easy Use Mobiltelefon KX-TU150 bietet praktische Funktionen wie Notfallanrufe, ein gro\u00dfes Farbdisplay, gro\u00dfe kontrastreiche Tasten, sowie ein ergonomisches Design.<\/p>\n<p><b>Gut lesbares 2,4 Zoll-Display<\/b><\/p>\n<p>Das gro\u00dfe Display des KX-TU150 ist dank des hohen Kontrasts besonders gut lesbar. Men\u00fcansicht, Zeitanzeige und Anruferinformationen werden klar und deutlich angezeigt.<\/p>\n<p><b>Gro\u00dfe beleuchtete Tasten<\/b><\/p>\n<p>Die gro\u00dfen beleuchteten Tasten des Easy Use Mobiltelefons KX-TU150 sind selbst bei dunklen Lichtverh\u00e4ltnissen leicht erkennbar und erm\u00f6glichen so ein einfaches W\u00e4hlen.<\/p>\n<p><b>Notfallanrufe mit Freisprecheinrichtung<\/b><\/p>\n<p>\u00dcber die Notfallanruf-Funktion k\u00f6nnen Sie in einem Notfall \u00fcber die Freisprecheinrichtung mit Ihren wichtigsten Kontakten sprechen. \u00dcber einen einfachen Tastendruck l\u00e4sst Sie das Easy Use Mobiltelefon KX-TU150 vorab festgelegte Kontakte anrufen. Ist ein Kontakt nicht erreichbar, ruft das Mobiltelefon einfach die n\u00e4chste Person auf der Liste an. Insgesamt k\u00f6nnen Sie bis zu f\u00fcnf Kontakte festlegen.<\/p>\n<p><b>Kompatibel mit H\u00f6rger\u00e4ten<\/b><\/p>\n<p>Auch Tr\u00e4ger von H\u00f6rger\u00e4ten k\u00f6nnen sich mit dem Easy Use Mobilelefon KX-TU150 auf Gespr\u00e4che in ausgezeichneter Klangqualit\u00e4t freuen, da eine unangenehme Ger\u00e4uschentwicklung ausbleibt.<\/p>\n<p><b>Praktische Lautst\u00e4rkeregulierung<\/b><\/p>\n<p>Die Lautst\u00e4rke des Easy Use Mobiltelefons KX-TU150 l\u00e4sst sich ganz einfach \u00fcber einen Regler an der Oberseite des Ger\u00e4tes anpassen. Somit l\u00e4sst sich die Gespr\u00e4chslautst\u00e4rke f\u00fcr ein optimales H\u00f6rerlebnis ganz individuell einstellen.<\/p>\n<p><b>Helle LED-Leuchte<\/b><\/p>\n<p>Die in die Oberseite des Easy Use Mobiltelefons KX-TU150 integrierte LED-Leuchte ist besonders praktisch. Als kompakte Taschenlampe ist sie jederzeit griffbereit &#8211; egal ob Sie abends nach Hause kommen oder im Dunkeln nach Ihrer Brille suchen.<\/p>\n","protected":false},"excerpt":{"rendered":"<p>Das Easy Use Mobiltelefon KX-TU150 bietet praktische Funktionen wie Notfallanrufe, ein gro\u00dfes Farbdisplay, gro\u00dfe kontrastreiche Tasten, sowie ein ergonomisches Design. Gut lesbares 2,4 Zoll-Display Das gro\u00dfe Display des KX-TU150 ist dank des hohen Kontrasts besonders gut lesbar. Men\u00fcansicht, Zeitanzeige und Anruferinformationen werden klar und deutlich angezeigt. Gro\u00dfe beleuchtete Tasten Die gro\u00dfen beleuchteten Tasten des Easy [&hellip;]<\/p>\n","protected":false},"featured_media":5669,"comment_status":"open","ping_status":"closed","template":"","meta":{"_acf_changed":false},"product_cat":[358],"product_tag":[],"acf":[],"jetpack_sharing_enabled":true,"_links":{"self":[{"href":"http:\/\/pc-direkthandel.de\/wordpress\/wp-json\/wp\/v2\/product\/5668"}],"collection":[{"href":"http:\/\/pc-direkthandel.de\/wordpress\/wp-json\/wp\/v2\/product"}],"about":[{"href":"http:\/\/pc-direkthandel.de\/wordpress\/wp-json\/wp\/v2\/types\/product"}],"replies":[{"embeddable":true,"href":"http:\/\/pc-direkthandel.de\/wordpress\/wp-json\/wp\/v2\/comments?post=5668"}],"wp:featuredmedia":[{"embeddable":true,"href":"http:\/\/pc-direkthandel.de\/wordpress\/wp-json\/wp\/v2\/media\/5669"}],"wp:attachment":[{"href":"http:\/\/pc-direkthandel.de\/wordpress\/wp-json\/wp\/v2\/media?parent=5668"}],"wp:term":[{"taxonomy":"product_cat","embeddable":true,"href":"http:\/\/pc-direkthandel.de\/wordpress\/wp-json\/wp\/v2\/product_cat?post=5668"},{"taxonomy":"product_tag","embeddable":true,"href":"http:\/\/pc-direkthandel.de\/wordpress\/wp-json\/wp\/v2\/product_tag?post=5668"}],"curies":[{"name":"wp","href":"https:\/\/api.w.org\/{rel}","templated":true}]}}