{"id":5577,"date":"2019-10-23T16:11:51","date_gmt":"2019-10-23T14:11:51","guid":{"rendered":"http:\/\/pc-direkthandel.de\/wordpress\/?post_type=product&#038;p=5577"},"modified":"2019-10-23T16:13:07","modified_gmt":"2019-10-23T14:13:07","slug":"aomei-partition-assistant-technician-8-2-lifetime-upgrade","status":"publish","type":"product","link":"http:\/\/pc-direkthandel.de\/wordpress\/product\/aomei-partition-assistant-technician-8-2-lifetime-upgrade\/","title":{"rendered":"AOMEI Partition Assistant Technician 8.2 + Lifetime Upgrade"},"content":{"rendered":"<p>AOMEI Partition Assistant ist der beste Partition Manager, um die Partition zu verkleinern, zu vergr\u00f6\u00dfern, zu erweitern, wiederherzustellen, aufzuteilen, zusammenzuf\u00fchren, zu formatieren, zu kopieren und Festplatten zu kopieren. Neben der grundlegenden Partitionsfunktionen k\u00f6nnen Sie das Betriebssystem auf SSD migrieren, Datentr\u00e4nger- oder Partitionstyp konvertieren, Windows To Go erstellen oder Parttion \u00fcberpr\u00fcfen unsw. Der AOMEI Partition Assistant Tech umfasst mehrere erweiterte Einstellungen und Sprachen und erm\u00f6glicht jeden Benutzer als Techniker zu sein.<\/p>\n<p>Es erm\u00f6glicht es Ihnen, es in allen Computern innerhalb eines Unternehmens zu installieren und profitablen technischen Service f\u00fcr andere Personen und Unternehmen anzubieten.<\/p>\n","protected":false},"excerpt":{"rendered":"<p>AOMEI Partition Assistant ist der beste Partition Manager, um die Partition zu verkleinern, zu vergr\u00f6\u00dfern, zu erweitern, wiederherzustellen, aufzuteilen, zusammenzuf\u00fchren, zu formatieren, zu kopieren und Festplatten zu kopieren. Neben der grundlegenden Partitionsfunktionen k\u00f6nnen Sie das Betriebssystem auf SSD migrieren, Datentr\u00e4nger- oder Partitionstyp konvertieren, Windows To Go erstellen oder Parttion \u00fcberpr\u00fcfen unsw. Der AOMEI Partition Assistant [&hellip;]<\/p>\n","protected":false},"featured_media":5578,"comment_status":"open","ping_status":"closed","template":"","meta":{"_acf_changed":false},"product_cat":[319],"product_tag":[],"acf":[],"jetpack_sharing_enabled":true,"_links":{"self":[{"href":"http:\/\/pc-direkthandel.de\/wordpress\/wp-json\/wp\/v2\/product\/5577"}],"collection":[{"href":"http:\/\/pc-direkthandel.de\/wordpress\/wp-json\/wp\/v2\/product"}],"about":[{"href":"http:\/\/pc-direkthandel.de\/wordpress\/wp-json\/wp\/v2\/types\/product"}],"replies":[{"embeddable":true,"href":"http:\/\/pc-direkthandel.de\/wordpress\/wp-json\/wp\/v2\/comments?post=5577"}],"wp:featuredmedia":[{"embeddable":true,"href":"http:\/\/pc-direkthandel.de\/wordpress\/wp-json\/wp\/v2\/media\/5578"}],"wp:attachment":[{"href":"http:\/\/pc-direkthandel.de\/wordpress\/wp-json\/wp\/v2\/media?parent=5577"}],"wp:term":[{"taxonomy":"product_cat","embeddable":true,"href":"http:\/\/pc-direkthandel.de\/wordpress\/wp-json\/wp\/v2\/product_cat?post=5577"},{"taxonomy":"product_tag","embeddable":true,"href":"http:\/\/pc-direkthandel.de\/wordpress\/wp-json\/wp\/v2\/product_tag?post=5577"}],"curies":[{"name":"wp","href":"https:\/\/api.w.org\/{rel}","templated":true}]}}