{"id":5573,"date":"2019-10-23T16:09:03","date_gmt":"2019-10-23T14:09:03","guid":{"rendered":"http:\/\/pc-direkthandel.de\/wordpress\/?post_type=product&#038;p=5573"},"modified":"2019-10-23T16:10:01","modified_gmt":"2019-10-23T14:10:01","slug":"aomei-partition-assistant-unlimited-edition-8-2","status":"publish","type":"product","link":"http:\/\/pc-direkthandel.de\/wordpress\/product\/aomei-partition-assistant-unlimited-edition-8-2\/","title":{"rendered":"AOMEI Partition Assistant Unlimited Edition 8.2"},"content":{"rendered":"<p>AOMEI Partition Assitant Unlimited ist eine zuverl\u00e4ssige Partitionierungssoftware zum Erstellen, \u00c4ndern, Formatieren, Entfernen von Partitionen und zum Verwalten von Datentr\u00e4gern f\u00fcr Unternehmen. Dar\u00fcber hinaus k\u00f6nnen Sie mit dieser Software das Betriebssystem auf SSD oder HDD migrieren, NTFS in FAT32 konvertieren und bootf\u00e4hige Medien erstellen usw. Es kann auf unbegrenzten PCs und Servern installiert werden und mit dieser Software k\u00f6nnen Sie einen kostenpflichtigen technischen Support f\u00fcr Ihren Kunden bieten.<\/p>\n","protected":false},"excerpt":{"rendered":"<p>AOMEI Partition Assitant Unlimited ist eine zuverl\u00e4ssige Partitionierungssoftware zum Erstellen, \u00c4ndern, Formatieren, Entfernen von Partitionen und zum Verwalten von Datentr\u00e4gern f\u00fcr Unternehmen. Dar\u00fcber hinaus k\u00f6nnen Sie mit dieser Software das Betriebssystem auf SSD oder HDD migrieren, NTFS in FAT32 konvertieren und bootf\u00e4hige Medien erstellen usw. Es kann auf unbegrenzten PCs und Servern installiert werden und [&hellip;]<\/p>\n","protected":false},"featured_media":5575,"comment_status":"open","ping_status":"closed","template":"","meta":{"_acf_changed":false},"product_cat":[319],"product_tag":[],"acf":[],"jetpack_sharing_enabled":true,"_links":{"self":[{"href":"http:\/\/pc-direkthandel.de\/wordpress\/wp-json\/wp\/v2\/product\/5573"}],"collection":[{"href":"http:\/\/pc-direkthandel.de\/wordpress\/wp-json\/wp\/v2\/product"}],"about":[{"href":"http:\/\/pc-direkthandel.de\/wordpress\/wp-json\/wp\/v2\/types\/product"}],"replies":[{"embeddable":true,"href":"http:\/\/pc-direkthandel.de\/wordpress\/wp-json\/wp\/v2\/comments?post=5573"}],"wp:featuredmedia":[{"embeddable":true,"href":"http:\/\/pc-direkthandel.de\/wordpress\/wp-json\/wp\/v2\/media\/5575"}],"wp:attachment":[{"href":"http:\/\/pc-direkthandel.de\/wordpress\/wp-json\/wp\/v2\/media?parent=5573"}],"wp:term":[{"taxonomy":"product_cat","embeddable":true,"href":"http:\/\/pc-direkthandel.de\/wordpress\/wp-json\/wp\/v2\/product_cat?post=5573"},{"taxonomy":"product_tag","embeddable":true,"href":"http:\/\/pc-direkthandel.de\/wordpress\/wp-json\/wp\/v2\/product_tag?post=5573"}],"curies":[{"name":"wp","href":"https:\/\/api.w.org\/{rel}","templated":true}]}}