{"id":5569,"date":"2019-10-23T16:06:28","date_gmt":"2019-10-23T14:06:28","guid":{"rendered":"http:\/\/pc-direkthandel.de\/wordpress\/?post_type=product&#038;p=5569"},"modified":"2019-10-23T16:08:30","modified_gmt":"2019-10-23T14:08:30","slug":"aomei-partition-assistant-server-8-2-lifetime-upgrade","status":"publish","type":"product","link":"http:\/\/pc-direkthandel.de\/wordpress\/product\/aomei-partition-assistant-server-8-2-lifetime-upgrade\/","title":{"rendered":"AOMEI Partition Assistant Server 8.2 + Lifetime Upgrade"},"content":{"rendered":"<p>AOMEI Partition Assistant (PA) Server Edition ist f\u00fcr kleine und mittelst\u00e4ndische Unternehmen programmiert. Es kann nicht nur Partitionen und Festplatten in PCs verwalten, sondern auch Ihnen helfen, Partitiion zu erweitern, zu teilen, zu formatieren, zu erstellen, zu verschieben und OS auf SSD zu migrieren im Server-System.<\/p>\n<p>Server Edition enth\u00e4lt fast alle Funktionen von Partition Management Tools. Alle Funktionen zur Verwaltung der Festplatten und Partitionen sind auf der linken Registerkarte aufgef\u00fchrt und Sie k\u00f6nnen die spezifischen Informationen Ihrer Partitionen sehen. Mit einer pr\u00e4gnanten und visuellen Schnittstelle ist es f\u00fcr alle Benutzer sehr bequem, Server-Partitionen zu verwalten. Mit der neuesten Technologie unterst\u00fctzt es Windows Server 2012 R2, GPT \/ UEFI und dynamische Festplatte.<\/p>\n","protected":false},"excerpt":{"rendered":"<p>AOMEI Partition Assistant (PA) Server Edition ist f\u00fcr kleine und mittelst\u00e4ndische Unternehmen programmiert. Es kann nicht nur Partitionen und Festplatten in PCs verwalten, sondern auch Ihnen helfen, Partitiion zu erweitern, zu teilen, zu formatieren, zu erstellen, zu verschieben und OS auf SSD zu migrieren im Server-System. Server Edition enth\u00e4lt fast alle Funktionen von Partition Management [&hellip;]<\/p>\n","protected":false},"featured_media":5570,"comment_status":"open","ping_status":"closed","template":"","meta":{"_acf_changed":false},"product_cat":[319],"product_tag":[],"acf":[],"jetpack_sharing_enabled":true,"_links":{"self":[{"href":"http:\/\/pc-direkthandel.de\/wordpress\/wp-json\/wp\/v2\/product\/5569"}],"collection":[{"href":"http:\/\/pc-direkthandel.de\/wordpress\/wp-json\/wp\/v2\/product"}],"about":[{"href":"http:\/\/pc-direkthandel.de\/wordpress\/wp-json\/wp\/v2\/types\/product"}],"replies":[{"embeddable":true,"href":"http:\/\/pc-direkthandel.de\/wordpress\/wp-json\/wp\/v2\/comments?post=5569"}],"wp:featuredmedia":[{"embeddable":true,"href":"http:\/\/pc-direkthandel.de\/wordpress\/wp-json\/wp\/v2\/media\/5570"}],"wp:attachment":[{"href":"http:\/\/pc-direkthandel.de\/wordpress\/wp-json\/wp\/v2\/media?parent=5569"}],"wp:term":[{"taxonomy":"product_cat","embeddable":true,"href":"http:\/\/pc-direkthandel.de\/wordpress\/wp-json\/wp\/v2\/product_cat?post=5569"},{"taxonomy":"product_tag","embeddable":true,"href":"http:\/\/pc-direkthandel.de\/wordpress\/wp-json\/wp\/v2\/product_tag?post=5569"}],"curies":[{"name":"wp","href":"https:\/\/api.w.org\/{rel}","templated":true}]}}