{"id":5362,"date":"2019-10-22T17:42:48","date_gmt":"2019-10-22T15:42:48","guid":{"rendered":"http:\/\/pc-direkthandel.de\/wordpress\/?post_type=product&#038;p=5362"},"modified":"2019-10-22T17:44:28","modified_gmt":"2019-10-22T15:44:28","slug":"paragon-festplatten-manager-fuer-mac","status":"publish","type":"product","link":"http:\/\/pc-direkthandel.de\/wordpress\/product\/paragon-festplatten-manager-fuer-mac\/","title":{"rendered":"Paragon Festplatten Manager f\u00fcr Mac"},"content":{"rendered":"<p>Die erste Komplettl\u00f6sung zum Sch\u00fctzen, Pflegen und Verwalten Ihres Mac<\/p>\n","protected":false},"excerpt":{"rendered":"<p>Die erste Komplettl\u00f6sung zum Sch\u00fctzen, Pflegen und Verwalten Ihres Mac<\/p>\n","protected":false},"featured_media":5363,"comment_status":"open","ping_status":"closed","template":"","meta":{"_acf_changed":false},"product_cat":[156,355],"product_tag":[],"acf":[],"jetpack_sharing_enabled":true,"_links":{"self":[{"href":"http:\/\/pc-direkthandel.de\/wordpress\/wp-json\/wp\/v2\/product\/5362"}],"collection":[{"href":"http:\/\/pc-direkthandel.de\/wordpress\/wp-json\/wp\/v2\/product"}],"about":[{"href":"http:\/\/pc-direkthandel.de\/wordpress\/wp-json\/wp\/v2\/types\/product"}],"replies":[{"embeddable":true,"href":"http:\/\/pc-direkthandel.de\/wordpress\/wp-json\/wp\/v2\/comments?post=5362"}],"wp:featuredmedia":[{"embeddable":true,"href":"http:\/\/pc-direkthandel.de\/wordpress\/wp-json\/wp\/v2\/media\/5363"}],"wp:attachment":[{"href":"http:\/\/pc-direkthandel.de\/wordpress\/wp-json\/wp\/v2\/media?parent=5362"}],"wp:term":[{"taxonomy":"product_cat","embeddable":true,"href":"http:\/\/pc-direkthandel.de\/wordpress\/wp-json\/wp\/v2\/product_cat?post=5362"},{"taxonomy":"product_tag","embeddable":true,"href":"http:\/\/pc-direkthandel.de\/wordpress\/wp-json\/wp\/v2\/product_tag?post=5362"}],"curies":[{"name":"wp","href":"https:\/\/api.w.org\/{rel}","templated":true}]}}