{"id":5187,"date":"2019-10-21T21:49:45","date_gmt":"2019-10-21T19:49:45","guid":{"rendered":"http:\/\/pc-direkthandel.de\/wordpress\/?post_type=product&#038;p=5187"},"modified":"2019-10-21T21:51:23","modified_gmt":"2019-10-21T19:51:23","slug":"winavi-all-in-one-konverter","status":"publish","type":"product","link":"http:\/\/pc-direkthandel.de\/wordpress\/product\/winavi-all-in-one-konverter\/","title":{"rendered":"WinAVI All-In-One Konverter"},"content":{"rendered":"<p>Das ist der schnellste Video\/Audio Konverter, unterst\u00fctzt alle Videoformate sowie DVD als Ausgabe, einfach und schnell in alle g\u00e4ngigen Formaten umwandeln! Auch wenn Ihnen nicht klar w\u00e4re, welche Art das Video ist. Doppelte Geschwindigkeit und nur 10 Minuten f\u00fcr Konvertierung eines Film mit 4GB.<\/p>\n","protected":false},"excerpt":{"rendered":"<p>Das ist der schnellste Video\/Audio Konverter, unterst\u00fctzt alle Videoformate sowie DVD als Ausgabe, einfach und schnell in alle g\u00e4ngigen Formaten umwandeln! Auch wenn Ihnen nicht klar w\u00e4re, welche Art das Video ist. Doppelte Geschwindigkeit und nur 10 Minuten f\u00fcr Konvertierung eines Film mit 4GB.<\/p>\n","protected":false},"featured_media":5180,"comment_status":"open","ping_status":"closed","template":"","meta":{"_acf_changed":false},"product_cat":[353],"product_tag":[],"acf":[],"jetpack_sharing_enabled":true,"_links":{"self":[{"href":"http:\/\/pc-direkthandel.de\/wordpress\/wp-json\/wp\/v2\/product\/5187"}],"collection":[{"href":"http:\/\/pc-direkthandel.de\/wordpress\/wp-json\/wp\/v2\/product"}],"about":[{"href":"http:\/\/pc-direkthandel.de\/wordpress\/wp-json\/wp\/v2\/types\/product"}],"replies":[{"embeddable":true,"href":"http:\/\/pc-direkthandel.de\/wordpress\/wp-json\/wp\/v2\/comments?post=5187"}],"wp:featuredmedia":[{"embeddable":true,"href":"http:\/\/pc-direkthandel.de\/wordpress\/wp-json\/wp\/v2\/media\/5180"}],"wp:attachment":[{"href":"http:\/\/pc-direkthandel.de\/wordpress\/wp-json\/wp\/v2\/media?parent=5187"}],"wp:term":[{"taxonomy":"product_cat","embeddable":true,"href":"http:\/\/pc-direkthandel.de\/wordpress\/wp-json\/wp\/v2\/product_cat?post=5187"},{"taxonomy":"product_tag","embeddable":true,"href":"http:\/\/pc-direkthandel.de\/wordpress\/wp-json\/wp\/v2\/product_tag?post=5187"}],"curies":[{"name":"wp","href":"https:\/\/api.w.org\/{rel}","templated":true}]}}