{"id":4759,"date":"2019-10-17T11:27:52","date_gmt":"2019-10-17T09:27:52","guid":{"rendered":"http:\/\/pc-direkthandel.de\/wordpress\/?post_type=product&#038;p=4759"},"modified":"2019-10-17T11:29:52","modified_gmt":"2019-10-17T09:29:52","slug":"microsoft-office-2019-professional-plus-oem-key","status":"publish","type":"product","link":"http:\/\/pc-direkthandel.de\/wordpress\/product\/microsoft-office-2019-professional-plus-oem-key\/","title":{"rendered":"Microsoft Office 2019 Professional Plus (OEM Key)"},"content":{"rendered":"<p><strong>Das Programmpaket f\u00fcr Profis: Office 2019 Professional Plus<\/strong><\/p>\n<p>Anwender, welche die volle Bandbreite von Microsoft Office zu Hause oder im B\u00fcro nutzen, sind mit der Professional Plus-Edition hervorragend beraten. Enthalten sind alle wichtigen Programme: Word, Excel, Outlook, PowerPoint, Publisher und Access. Gleichzeitig steht OneNote ab jetzt \u00fcber den Windows Store zum Download bereit, um Notizen schnell anzufertigen und via Cloud auf allen Ger\u00e4ten zur Verf\u00fcgung zu stellen. Durch die hohe Bandbreite aus verschiedenen Programmen richtet sich die Variante Professional Plus vor allem an Menschen, die zu Hause im Home-Office arbeiten oder in einem B\u00fcro eine leistungsf\u00e4hige, verl\u00e4ssliche L\u00f6sung suchen, um Dokumente, Tabellen &amp; Co. zu organisieren.<\/p>\n<p>Word 2019 ist das leistungsf\u00e4higste Tool f\u00fcr die Erstellung von Dokumenten. Von allt\u00e4glichem &#8222;Papierkram&#8220; bis zu offiziellen Firmendokumenten erstreckt sich die Funktionalit\u00e4t von Word \u00fcber die gesamte Bandbreite der Texterstellung. Neu in dieser Edition ist au\u00dferdem eine verbesserte Erkennung von virtueller Tinte, sodass das Schreiben mit einem Stift direkt auf dem Display nun besser in gedruckte Maschinenschrift umgesetzt wird. Au\u00dferdem wurde die Spracheingabe verbessert. Microsoft hat dar\u00fcber hinaus zahlreiche Detailverbesserungen vorgenommen: SVG-Grafiken etwa erlauben die Integration auch komplexer Bilddokumente, ohne dass daraus ein hoher Speicherbedarf entsteht. Auch die Skalierung und andere Ma\u00dfnahmen f\u00fcr die Bildbearbeitung gelingen dadurch besser.<\/p>\n<p>In Unternehmen sorgt hingegen Access 2019 f\u00fcr eine leistungsstarke L\u00f6sung f\u00fcr das Erstellen und die Verwaltung von Datenbanken jeglicher Art. Die neue Version unterst\u00fctzt die Generierung von Datenbankanwendungen, die direkt im Browser arbeiten und damit besonders schlank sind. Gespeicherte Daten landen anschlie\u00dfend etwa in SQL-Datenbanken, wo ein sicherer Zugriff besteht. Publisher 2019 hingegen verbessert die M\u00f6glichkeiten f\u00fcr die Ver\u00f6ffentlichung von Grafiken jeglicher Art: f\u00fcr Pr\u00e4sentationen, f\u00fcr Werbung, f\u00fcr Flyer, Magazine &amp; Co. Im Detail hat Microsoft in Office 2019 Professional Plus beide Programme noch einmal deutlich verbessert, um etwa die Stifterkennung in Publisher auszuweiten und die Zusammenarbeit an Datenbanken in Access mit Kollegen zu beschleunigen.<\/p>\n<p>Bei der Arbeit mit Tabellen hat Excel 2019 weiterhin die besten Features zu bieten: Tabellen jeglicher Art von Finanzen \u00fcber Produktdatenbanken bis hin zu Erfassungen f\u00fcr Steuererkl\u00e4rung &amp; Co. bietet Excel in dieser Version in noch einmal verbesserter Art. Unter anderem sind neue Darstellungen von visuellen Informationen hinzugekommen, au\u00dferdem sind mehr mathematische Funktionen von Haus aus integriert. Geblieben ist die hervorragende Kompatibilit\u00e4t mit CSV-Dateien. Analog dazu bietet PowerPoint 2019 nun die Option, Aufnahmen in Ultra-HD direkt in Pr\u00e4sentationen einzubinden sowie Grafiken frei zu skalieren und in Bilder hinein und heraus zu zoomen. Der Verzicht auf externe Bildbearbeitung ist damit besser m\u00f6glich.<\/p>\n<p>Outlook 2019 gew\u00e4hrt weiterhin den Zugriff auf alle gespeicherten Kontakte sowie E-Mail-Adressen. Vor allem in B\u00fcros in Verbindung mit einem Exchange-Server entsteht dadurch eine gute M\u00f6glichkeit, Informationen \u00fcber Kunden und Partner immer auf einem aktuellen Stand zu halten. Zus\u00e4tzlich unterst\u00fctzt die Anwendung das Anlegen einer beliebigen Anzahl aus E-Mail-Konten, was Anwendern mit einer Vielzahl von Accounts entgegenkommt. \u00dcber alle Programme hinweg bietet Office 2019 Professional Plus das bew\u00e4hrte Interface, das nun seit mehr als einem Jahrzehnt in jede Applikation integriert ist. Der Arbeitsfluss erstreckt sich damit \u00fcber jede Anwendung hinweg und f\u00e4llt \u00fcberall sehr \u00e4hnlich aus &#8211; egal ob in Word, Excel, Outlook oder PowerPoint.<\/p>\n<p>Office 2019 Professional Plus ist von Microsoft auf die Verwendung mit Windows 10 beschr\u00e4nkt. Das hei\u00dft, dass keines der enthaltenen Programme mit einer \u00e4lteren Edition von Windows kompatibel ist. Weiterhin handelt es sich bei dieser Programmsammlung um einen Produktschl\u00fcssel, die vollst\u00e4ndig dem K\u00e4ufer geh\u00f6rt. Die Nutzung ist nach dem Kauf auf unbestimmte Zeit m\u00f6glich, ohne weitere Abonnements abzuschlie\u00dfen. Microsoft garantiert f\u00fcr alle Editionen von Office 2019 einen Supportzeitraum von mindestens f\u00fcnf Jahren auf allen Ger\u00e4tetypen.<\/p>\n<p>Den Key k\u00f6nnen Sie einfach <a href=\"https:\/\/setup.office.com\/\"><strong>hier<\/strong><\/a> auf der Herstellerwebseite aktivieren um die Software herunterzuladen.<\/p>\n","protected":false},"excerpt":{"rendered":"<p>Das Programmpaket f\u00fcr Profis: Office 2019 Professional Plus Anwender, welche die volle Bandbreite von Microsoft Office zu Hause oder im B\u00fcro nutzen, sind mit der Professional Plus-Edition hervorragend beraten. Enthalten sind alle wichtigen Programme: Word, Excel, Outlook, PowerPoint, Publisher und Access. Gleichzeitig steht OneNote ab jetzt \u00fcber den Windows Store zum Download bereit, um Notizen [&hellip;]<\/p>\n","protected":false},"featured_media":1771,"comment_status":"open","ping_status":"closed","template":"","meta":{"_acf_changed":false},"product_cat":[155],"product_tag":[],"acf":[],"jetpack_sharing_enabled":true,"_links":{"self":[{"href":"http:\/\/pc-direkthandel.de\/wordpress\/wp-json\/wp\/v2\/product\/4759"}],"collection":[{"href":"http:\/\/pc-direkthandel.de\/wordpress\/wp-json\/wp\/v2\/product"}],"about":[{"href":"http:\/\/pc-direkthandel.de\/wordpress\/wp-json\/wp\/v2\/types\/product"}],"replies":[{"embeddable":true,"href":"http:\/\/pc-direkthandel.de\/wordpress\/wp-json\/wp\/v2\/comments?post=4759"}],"wp:featuredmedia":[{"embeddable":true,"href":"http:\/\/pc-direkthandel.de\/wordpress\/wp-json\/wp\/v2\/media\/1771"}],"wp:attachment":[{"href":"http:\/\/pc-direkthandel.de\/wordpress\/wp-json\/wp\/v2\/media?parent=4759"}],"wp:term":[{"taxonomy":"product_cat","embeddable":true,"href":"http:\/\/pc-direkthandel.de\/wordpress\/wp-json\/wp\/v2\/product_cat?post=4759"},{"taxonomy":"product_tag","embeddable":true,"href":"http:\/\/pc-direkthandel.de\/wordpress\/wp-json\/wp\/v2\/product_tag?post=4759"}],"curies":[{"name":"wp","href":"https:\/\/api.w.org\/{rel}","templated":true}]}}