{"id":4749,"date":"2019-10-15T14:29:13","date_gmt":"2019-10-15T12:29:13","guid":{"rendered":"http:\/\/pc-direkthandel.de\/wordpress\/?post_type=product&#038;p=4749"},"modified":"2019-10-15T14:30:40","modified_gmt":"2019-10-15T12:30:40","slug":"csl-unity-f24w-71687","status":"publish","type":"product","link":"http:\/\/pc-direkthandel.de\/wordpress\/product\/csl-unity-f24w-71687\/","title":{"rendered":"CSL Unity F24W 71687"},"content":{"rendered":"<p>Der CSL Unity F24W ist ein perfekter All-In-One-PC &#8211; f\u00fcr einen klar strukturierten, aufger\u00e4umten Arbeitsbereich!<\/p>\n<p>In seinem eleganten UltraSlim-Design mit hochaufl\u00f6sendem 23,8&#8243; Full HD IPS-Display ist ein komplettes, leistungsstarkes PC-System f\u00fcr den Home &amp; Office-Bereich integriert. Damit vereint er alle wichtigen Komponenten in einem Ger\u00e4t und arbeitet jederzeit absolut lautlos!<\/p>\n<p>Der gro\u00dfe Vorteil des CSL Unity ist sein All-In-One-Konzept, das die Anzahl der ben\u00f6tigten Anschlusskabel minimiert &#8211; ein einziges Stromkabel reicht aus, um den PC in Betrieb zu nehmen. Zubeh\u00f6r kann per Bluetooth\u00ae 4.2 angekoppelt werden und die Verbindung zu Ihrem Router k\u00f6nnen Sie per Dual Band AC WLAN im 2,4 &amp; 5 GHz-Frequenzbereich einrichten.<\/p>\n<p>Das 23,8&#8243; Display ist mit einem hochwertigen IPS-Panel ausgestattet, das durch farbgetreue, kontrastreiche Darstellungen in Full HD 1080p \u00fcberzeugt. Auf der 60,5 cm gro\u00dfen Bilddiagonale steht Ihnen ein angenehm gro\u00dfer Arbeitsbereich zur Verf\u00fcgung, auf dem Sie mehrere ge\u00f6ffnete Anwendungsfenster komfortabel organisieren k\u00f6nnen.<\/p>\n<p>Der CSL Unity basiert auf einem Intel\u00ae J3455 QuadCore-Prozessor und 4 GB RAM. Diese Konfiguration gew\u00e4hrleistet eine fl\u00fcssige Navigation im Netz, schnelle Arbeitsprozesse mit g\u00e4ngiger Office-Software und erm\u00f6glicht ein hochaufl\u00f6sendes Videostreaming. Als Festplatte ist eine 240 GB Kingston\u00ae SSD verbaut, die hohe Transferraten bereitstellt und die gesamte Systemleistung beschleunigt, Auf der SSD ist das Betriebssystem Windows 10 Home schon startfertig f\u00fcr Sie vorinstalliert.<\/p>\n<p>Zahlreiche Anschl\u00fcsse wie ein HDMI-Ausgang zur Nutzung eines zus\u00e4tzlichen Monitors\/TV, USB 3.1\/2.0-Ports, LAN und 3,5mm Audio bieten M\u00f6glichkeiten, zus\u00e4tzliche Peripherie mit dem Unity zu nutzen. Der All-In-One-PC verf\u00fcgt \u00fcber zwei integrierte Lautsprecher und wird inklusive eines kabellosen Tastatur\/Maus-Funksets geliefert.<\/p>\n","protected":false},"excerpt":{"rendered":"<p>Der CSL Unity F24W ist ein perfekter All-In-One-PC &#8211; f\u00fcr einen klar strukturierten, aufger\u00e4umten Arbeitsbereich! In seinem eleganten UltraSlim-Design mit hochaufl\u00f6sendem 23,8&#8243; Full HD IPS-Display ist ein komplettes, leistungsstarkes PC-System f\u00fcr den Home &amp; Office-Bereich integriert. Damit vereint er alle wichtigen Komponenten in einem Ger\u00e4t und arbeitet jederzeit absolut lautlos! Der gro\u00dfe Vorteil des CSL [&hellip;]<\/p>\n","protected":false},"featured_media":4750,"comment_status":"open","ping_status":"closed","template":"","meta":{"_acf_changed":false},"product_cat":[344],"product_tag":[],"acf":[],"jetpack_sharing_enabled":true,"_links":{"self":[{"href":"http:\/\/pc-direkthandel.de\/wordpress\/wp-json\/wp\/v2\/product\/4749"}],"collection":[{"href":"http:\/\/pc-direkthandel.de\/wordpress\/wp-json\/wp\/v2\/product"}],"about":[{"href":"http:\/\/pc-direkthandel.de\/wordpress\/wp-json\/wp\/v2\/types\/product"}],"replies":[{"embeddable":true,"href":"http:\/\/pc-direkthandel.de\/wordpress\/wp-json\/wp\/v2\/comments?post=4749"}],"wp:featuredmedia":[{"embeddable":true,"href":"http:\/\/pc-direkthandel.de\/wordpress\/wp-json\/wp\/v2\/media\/4750"}],"wp:attachment":[{"href":"http:\/\/pc-direkthandel.de\/wordpress\/wp-json\/wp\/v2\/media?parent=4749"}],"wp:term":[{"taxonomy":"product_cat","embeddable":true,"href":"http:\/\/pc-direkthandel.de\/wordpress\/wp-json\/wp\/v2\/product_cat?post=4749"},{"taxonomy":"product_tag","embeddable":true,"href":"http:\/\/pc-direkthandel.de\/wordpress\/wp-json\/wp\/v2\/product_tag?post=4749"}],"curies":[{"name":"wp","href":"https:\/\/api.w.org\/{rel}","templated":true}]}}