{"id":4739,"date":"2019-10-15T14:06:03","date_gmt":"2019-10-15T12:06:03","guid":{"rendered":"http:\/\/pc-direkthandel.de\/wordpress\/?post_type=product&#038;p=4739"},"modified":"2019-10-15T14:07:59","modified_gmt":"2019-10-15T12:07:59","slug":"csl-sprint-p60140","status":"publish","type":"product","link":"http:\/\/pc-direkthandel.de\/wordpress\/product\/csl-sprint-p60140\/","title":{"rendered":"CSL Sprint P60140"},"content":{"rendered":"<p>Der Sprint P60140 ist mit topaktueller Technik ausgestattet und optimal f\u00fcr intensives Gaming ger\u00fcstet!<\/p>\n<p>Mit seinem bis zu 4200 MHz schnellen AMD Ryzen\u2122 5 3600 Sechskern-Prozessor der neuesten Generation und der AMD Radeon\u2122 RX 5700 Grafikkarte pr\u00e4sentiert er sich als eindrucksvolle Referenz-Plattform f\u00fcr hohe Aufl\u00f6sungen bis zu WQHD 1440p.<\/p>\n<p>Bei der Arbeit mit Fotos und Videos profitieren Sie von reaktionsstarken 16 GB RAM und einer 480 GB SSD als Systemfestplatte. Der Gaming-PC bietet Ihnen schnelles Dual Band WLAN AC und ist schon startfertig mit Windows 10 Home vorinstalliert!<\/p>\n","protected":false},"excerpt":{"rendered":"<p>Der Sprint P60140 ist mit topaktueller Technik ausgestattet und optimal f\u00fcr intensives Gaming ger\u00fcstet! Mit seinem bis zu 4200 MHz schnellen AMD Ryzen\u2122 5 3600 Sechskern-Prozessor der neuesten Generation und der AMD Radeon\u2122 RX 5700 Grafikkarte pr\u00e4sentiert er sich als eindrucksvolle Referenz-Plattform f\u00fcr hohe Aufl\u00f6sungen bis zu WQHD 1440p. Bei der Arbeit mit Fotos und [&hellip;]<\/p>\n","protected":false},"featured_media":4730,"comment_status":"open","ping_status":"closed","template":"","meta":{"_acf_changed":false},"product_cat":[343],"product_tag":[],"acf":[],"jetpack_sharing_enabled":true,"_links":{"self":[{"href":"http:\/\/pc-direkthandel.de\/wordpress\/wp-json\/wp\/v2\/product\/4739"}],"collection":[{"href":"http:\/\/pc-direkthandel.de\/wordpress\/wp-json\/wp\/v2\/product"}],"about":[{"href":"http:\/\/pc-direkthandel.de\/wordpress\/wp-json\/wp\/v2\/types\/product"}],"replies":[{"embeddable":true,"href":"http:\/\/pc-direkthandel.de\/wordpress\/wp-json\/wp\/v2\/comments?post=4739"}],"wp:featuredmedia":[{"embeddable":true,"href":"http:\/\/pc-direkthandel.de\/wordpress\/wp-json\/wp\/v2\/media\/4730"}],"wp:attachment":[{"href":"http:\/\/pc-direkthandel.de\/wordpress\/wp-json\/wp\/v2\/media?parent=4739"}],"wp:term":[{"taxonomy":"product_cat","embeddable":true,"href":"http:\/\/pc-direkthandel.de\/wordpress\/wp-json\/wp\/v2\/product_cat?post=4739"},{"taxonomy":"product_tag","embeddable":true,"href":"http:\/\/pc-direkthandel.de\/wordpress\/wp-json\/wp\/v2\/product_tag?post=4739"}],"curies":[{"name":"wp","href":"https:\/\/api.w.org\/{rel}","templated":true}]}}