{"id":4738,"date":"2019-10-15T14:03:04","date_gmt":"2019-10-15T12:03:04","guid":{"rendered":"http:\/\/pc-direkthandel.de\/wordpress\/?post_type=product&#038;p=4738"},"modified":"2019-10-15T14:05:45","modified_gmt":"2019-10-15T12:05:45","slug":"csl-sprint-p80060","status":"publish","type":"product","link":"http:\/\/pc-direkthandel.de\/wordpress\/product\/csl-sprint-p80060\/","title":{"rendered":"CSL Sprint P80060"},"content":{"rendered":"<p>Der Sprint P80060 ist eine perfekte Wahl f\u00fcr ultradynamisches Gaming im Aufl\u00f6sungsbereich von WQHD bis Ultra HD 4K!<\/p>\n<p>Dieser Gaming-PC wird von einem 8\u00d7 3600 MHz schnellen AMD Ryzen\u2122 9 3900X Achtkern-Prozessor der neuesten Generation angetrieben. Zusammen mit der AMD Radeon\u2122 RX 5700 XT Grafik bildet er eine enorm leistungsstarke Plattform f\u00fcr aktuellste Spiele, VR-Welten und 4K-Streaming.<\/p>\n<p>16 GB RAM sowie eine gro\u00dfe 480 GB Kingston\u00ae SSD sorgen f\u00fcr blitzschnelle Reaktionszeiten und einen ausgezeichneten Anwenderkomfort.<\/p>\n<p>Der PC ist mit AC WLAN ausgestattet und kommt startfertig mit vorinstalliertem Windows 10 Home zu Ihnen.<\/p>\n","protected":false},"excerpt":{"rendered":"<p>Der Sprint P80060 ist eine perfekte Wahl f\u00fcr ultradynamisches Gaming im Aufl\u00f6sungsbereich von WQHD bis Ultra HD 4K! Dieser Gaming-PC wird von einem 8\u00d7 3600 MHz schnellen AMD Ryzen\u2122 9 3900X Achtkern-Prozessor der neuesten Generation angetrieben. Zusammen mit der AMD Radeon\u2122 RX 5700 XT Grafik bildet er eine enorm leistungsstarke Plattform f\u00fcr aktuellste Spiele, VR-Welten [&hellip;]<\/p>\n","protected":false},"featured_media":4730,"comment_status":"open","ping_status":"closed","template":"","meta":{"_acf_changed":false},"product_cat":[343],"product_tag":[],"acf":[],"jetpack_sharing_enabled":true,"_links":{"self":[{"href":"http:\/\/pc-direkthandel.de\/wordpress\/wp-json\/wp\/v2\/product\/4738"}],"collection":[{"href":"http:\/\/pc-direkthandel.de\/wordpress\/wp-json\/wp\/v2\/product"}],"about":[{"href":"http:\/\/pc-direkthandel.de\/wordpress\/wp-json\/wp\/v2\/types\/product"}],"replies":[{"embeddable":true,"href":"http:\/\/pc-direkthandel.de\/wordpress\/wp-json\/wp\/v2\/comments?post=4738"}],"wp:featuredmedia":[{"embeddable":true,"href":"http:\/\/pc-direkthandel.de\/wordpress\/wp-json\/wp\/v2\/media\/4730"}],"wp:attachment":[{"href":"http:\/\/pc-direkthandel.de\/wordpress\/wp-json\/wp\/v2\/media?parent=4738"}],"wp:term":[{"taxonomy":"product_cat","embeddable":true,"href":"http:\/\/pc-direkthandel.de\/wordpress\/wp-json\/wp\/v2\/product_cat?post=4738"},{"taxonomy":"product_tag","embeddable":true,"href":"http:\/\/pc-direkthandel.de\/wordpress\/wp-json\/wp\/v2\/product_tag?post=4738"}],"curies":[{"name":"wp","href":"https:\/\/api.w.org\/{rel}","templated":true}]}}