{"id":4729,"date":"2019-10-15T13:46:15","date_gmt":"2019-10-15T11:46:15","guid":{"rendered":"http:\/\/pc-direkthandel.de\/wordpress\/?post_type=product&#038;p=4729"},"modified":"2019-11-26T18:06:59","modified_gmt":"2019-11-26T16:06:59","slug":"csl-sprint-p60120","status":"publish","type":"product","link":"http:\/\/pc-direkthandel.de\/wordpress\/product\/csl-sprint-p60120\/","title":{"rendered":"CSL Sprint P60120"},"content":{"rendered":"<p>Machen Sie sich bereit f\u00fcr neueste Games!<\/p>\n<p>Der Sprint P60120 mit AMD Ryzen\u2122 5 3600 Sechskern-Prozessor und der MSI\u2122 GeForce\u00ae RTX 2060 OC-Grafik liefert Ihnen gro\u00dfartige Performance, um aktuelle Topspiele in hoher WQHD 1440p-Aufl\u00f6sung perfekt in Szene zu setzen.<\/p>\n<p>Dazu garantierten eine 480 GB gro\u00dfe SSD von Kingston\u00ae und schnelle, mit 3000 MHz getaktete 16 GB RAM eine exzellente Anwendungsperformance.<\/p>\n<p>Der Gaming-PC kommt einsatzbereit mit vorinstalliertem Windows 10 Home zu Ihnen und Sie k\u00f6nnen sofort loslegen!<\/p>\n","protected":false},"excerpt":{"rendered":"<p>Machen Sie sich bereit f\u00fcr neueste Games! Der Sprint P60120 mit AMD Ryzen\u2122 5 3600 Sechskern-Prozessor und der MSI\u2122 GeForce\u00ae RTX 2060 OC-Grafik liefert Ihnen gro\u00dfartige Performance, um aktuelle Topspiele in hoher WQHD 1440p-Aufl\u00f6sung perfekt in Szene zu setzen. Dazu garantierten eine 480 GB gro\u00dfe SSD von Kingston\u00ae und schnelle, mit 3000 MHz getaktete 16 [&hellip;]<\/p>\n","protected":false},"featured_media":4730,"comment_status":"open","ping_status":"closed","template":"","meta":{"_acf_changed":false},"product_cat":[343],"product_tag":[],"acf":[],"jetpack_sharing_enabled":true,"_links":{"self":[{"href":"http:\/\/pc-direkthandel.de\/wordpress\/wp-json\/wp\/v2\/product\/4729"}],"collection":[{"href":"http:\/\/pc-direkthandel.de\/wordpress\/wp-json\/wp\/v2\/product"}],"about":[{"href":"http:\/\/pc-direkthandel.de\/wordpress\/wp-json\/wp\/v2\/types\/product"}],"replies":[{"embeddable":true,"href":"http:\/\/pc-direkthandel.de\/wordpress\/wp-json\/wp\/v2\/comments?post=4729"}],"wp:featuredmedia":[{"embeddable":true,"href":"http:\/\/pc-direkthandel.de\/wordpress\/wp-json\/wp\/v2\/media\/4730"}],"wp:attachment":[{"href":"http:\/\/pc-direkthandel.de\/wordpress\/wp-json\/wp\/v2\/media?parent=4729"}],"wp:term":[{"taxonomy":"product_cat","embeddable":true,"href":"http:\/\/pc-direkthandel.de\/wordpress\/wp-json\/wp\/v2\/product_cat?post=4729"},{"taxonomy":"product_tag","embeddable":true,"href":"http:\/\/pc-direkthandel.de\/wordpress\/wp-json\/wp\/v2\/product_tag?post=4729"}],"curies":[{"name":"wp","href":"https:\/\/api.w.org\/{rel}","templated":true}]}}