{"id":4380,"date":"2019-10-12T16:11:43","date_gmt":"2019-10-12T14:11:43","guid":{"rendered":"http:\/\/pc-direkthandel.de\/wordpress\/?post_type=product&#038;p=4380"},"modified":"2019-10-23T15:55:41","modified_gmt":"2019-10-23T13:55:41","slug":"aomei-backupper-technician-plus-lifetime-upgrades","status":"publish","type":"product","link":"http:\/\/pc-direkthandel.de\/wordpress\/product\/aomei-backupper-technician-plus-lifetime-upgrades\/","title":{"rendered":"AOMEI Backupper Technician Plus + Lifetime Upgrades"},"content":{"rendered":"<p>AOMEI Backupper (AB) Technician Plus ist die h\u00f6chste Version der Sicherungs- und Wiederherstellungssoftware. Es beinhaltet alle Backup-, Wiederherstellungs-, Klon- und Werkzeuge-Funktionen wie Pro Version; unterst\u00fctzt sowohl PC- als auch Server-Systeme wie Server Edition und erm\u00f6glicht die Bereitstellung von kostenpflichtigen technischen Diensten f\u00fcr mehreren Computern wie Technician Version. Es wurde f\u00fcr Techniker spezialisiert entwickelt, um ihre Kunden zu dienen und Gewinne zu machen. Au\u00dferdem unterst\u00fctzt es unbegrenzte Nutzung innerhalb eines Unternehmens, egal sie die Filialen des Unternehmens sind.<\/p>\n","protected":false},"excerpt":{"rendered":"<p>AOMEI Backupper (AB) Technician Plus ist die h\u00f6chste Version der Sicherungs- und Wiederherstellungssoftware. Es beinhaltet alle Backup-, Wiederherstellungs-, Klon- und Werkzeuge-Funktionen wie Pro Version; unterst\u00fctzt sowohl PC- als auch Server-Systeme wie Server Edition und erm\u00f6glicht die Bereitstellung von kostenpflichtigen technischen Diensten f\u00fcr mehreren Computern wie Technician Version. Es wurde f\u00fcr Techniker spezialisiert entwickelt, um ihre [&hellip;]<\/p>\n","protected":false},"featured_media":4379,"comment_status":"open","ping_status":"closed","template":"","meta":{"_acf_changed":false},"product_cat":[319],"product_tag":[],"acf":[],"jetpack_sharing_enabled":true,"_links":{"self":[{"href":"http:\/\/pc-direkthandel.de\/wordpress\/wp-json\/wp\/v2\/product\/4380"}],"collection":[{"href":"http:\/\/pc-direkthandel.de\/wordpress\/wp-json\/wp\/v2\/product"}],"about":[{"href":"http:\/\/pc-direkthandel.de\/wordpress\/wp-json\/wp\/v2\/types\/product"}],"replies":[{"embeddable":true,"href":"http:\/\/pc-direkthandel.de\/wordpress\/wp-json\/wp\/v2\/comments?post=4380"}],"wp:featuredmedia":[{"embeddable":true,"href":"http:\/\/pc-direkthandel.de\/wordpress\/wp-json\/wp\/v2\/media\/4379"}],"wp:attachment":[{"href":"http:\/\/pc-direkthandel.de\/wordpress\/wp-json\/wp\/v2\/media?parent=4380"}],"wp:term":[{"taxonomy":"product_cat","embeddable":true,"href":"http:\/\/pc-direkthandel.de\/wordpress\/wp-json\/wp\/v2\/product_cat?post=4380"},{"taxonomy":"product_tag","embeddable":true,"href":"http:\/\/pc-direkthandel.de\/wordpress\/wp-json\/wp\/v2\/product_tag?post=4380"}],"curies":[{"name":"wp","href":"https:\/\/api.w.org\/{rel}","templated":true}]}}