{"id":4371,"date":"2019-10-12T15:59:31","date_gmt":"2019-10-12T13:59:31","guid":{"rendered":"http:\/\/pc-direkthandel.de\/wordpress\/?post_type=product&#038;p=4371"},"modified":"2019-10-23T15:51:23","modified_gmt":"2019-10-23T13:51:23","slug":"aomei-backupper-professional-lifetime-upgrades","status":"publish","type":"product","link":"http:\/\/pc-direkthandel.de\/wordpress\/product\/aomei-backupper-professional-lifetime-upgrades\/","title":{"rendered":"AOMEI Backupper Professional + Lifetime Upgrades"},"content":{"rendered":"<p>AOMEI Backupper Pro bietet die beliebteste Backup-Software &amp; Datenschutzl\u00f6sungen zum Sichern, Klonen, Wiederherstellen von System, Festplatten und Partitionen in Windows 10\/8.1\/8\/7\/Vista\/XP. Sie k\u00f6nnen auch inkrementelles Backup und differentielles Backup erstellen, um Ihre wichtigen Daten regelm\u00e4\u00dfig zu sch\u00fctzen. Sobald Ihr Computer abst\u00fcrtzt, k\u00f6nnen Sie Ihr System sofort wiederherstellen.<\/p>\n","protected":false},"excerpt":{"rendered":"<p>AOMEI Backupper Pro bietet die beliebteste Backup-Software &amp; Datenschutzl\u00f6sungen zum Sichern, Klonen, Wiederherstellen von System, Festplatten und Partitionen in Windows 10\/8.1\/8\/7\/Vista\/XP. Sie k\u00f6nnen auch inkrementelles Backup und differentielles Backup erstellen, um Ihre wichtigen Daten regelm\u00e4\u00dfig zu sch\u00fctzen. Sobald Ihr Computer abst\u00fcrtzt, k\u00f6nnen Sie Ihr System sofort wiederherstellen.<\/p>\n","protected":false},"featured_media":4372,"comment_status":"open","ping_status":"closed","template":"","meta":{"_acf_changed":false},"product_cat":[319],"product_tag":[],"acf":[],"jetpack_sharing_enabled":true,"_links":{"self":[{"href":"http:\/\/pc-direkthandel.de\/wordpress\/wp-json\/wp\/v2\/product\/4371"}],"collection":[{"href":"http:\/\/pc-direkthandel.de\/wordpress\/wp-json\/wp\/v2\/product"}],"about":[{"href":"http:\/\/pc-direkthandel.de\/wordpress\/wp-json\/wp\/v2\/types\/product"}],"replies":[{"embeddable":true,"href":"http:\/\/pc-direkthandel.de\/wordpress\/wp-json\/wp\/v2\/comments?post=4371"}],"wp:featuredmedia":[{"embeddable":true,"href":"http:\/\/pc-direkthandel.de\/wordpress\/wp-json\/wp\/v2\/media\/4372"}],"wp:attachment":[{"href":"http:\/\/pc-direkthandel.de\/wordpress\/wp-json\/wp\/v2\/media?parent=4371"}],"wp:term":[{"taxonomy":"product_cat","embeddable":true,"href":"http:\/\/pc-direkthandel.de\/wordpress\/wp-json\/wp\/v2\/product_cat?post=4371"},{"taxonomy":"product_tag","embeddable":true,"href":"http:\/\/pc-direkthandel.de\/wordpress\/wp-json\/wp\/v2\/product_tag?post=4371"}],"curies":[{"name":"wp","href":"https:\/\/api.w.org\/{rel}","templated":true}]}}