{"id":4327,"date":"2019-10-10T21:36:08","date_gmt":"2019-10-10T19:36:08","guid":{"rendered":"http:\/\/pc-direkthandel.de\/wordpress\/?post_type=product&#038;p=4327"},"modified":"2019-10-10T21:37:33","modified_gmt":"2019-10-10T19:37:33","slug":"kaspersky-password-manager-for-ios","status":"publish","type":"product","link":"http:\/\/pc-direkthandel.de\/wordpress\/product\/kaspersky-password-manager-for-ios\/","title":{"rendered":"Kaspersky Password Manager for iOS"},"content":{"rendered":"<p>Einfacher Zugriff auf Konten und sicherer digitaler Speicher f\u00fcr Pass-, F\u00fchrerschein-, Bank- und andere pers\u00f6nliche Daten.<\/p>\n","protected":false},"excerpt":{"rendered":"<p>Einfacher Zugriff auf Konten und sicherer digitaler Speicher f\u00fcr Pass-, F\u00fchrerschein-, Bank- und andere pers\u00f6nliche Daten.<\/p>\n","protected":false},"featured_media":0,"comment_status":"open","ping_status":"closed","template":"","meta":{"_acf_changed":false},"product_cat":[318],"product_tag":[],"acf":[],"jetpack_sharing_enabled":true,"_links":{"self":[{"href":"http:\/\/pc-direkthandel.de\/wordpress\/wp-json\/wp\/v2\/product\/4327"}],"collection":[{"href":"http:\/\/pc-direkthandel.de\/wordpress\/wp-json\/wp\/v2\/product"}],"about":[{"href":"http:\/\/pc-direkthandel.de\/wordpress\/wp-json\/wp\/v2\/types\/product"}],"replies":[{"embeddable":true,"href":"http:\/\/pc-direkthandel.de\/wordpress\/wp-json\/wp\/v2\/comments?post=4327"}],"wp:attachment":[{"href":"http:\/\/pc-direkthandel.de\/wordpress\/wp-json\/wp\/v2\/media?parent=4327"}],"wp:term":[{"taxonomy":"product_cat","embeddable":true,"href":"http:\/\/pc-direkthandel.de\/wordpress\/wp-json\/wp\/v2\/product_cat?post=4327"},{"taxonomy":"product_tag","embeddable":true,"href":"http:\/\/pc-direkthandel.de\/wordpress\/wp-json\/wp\/v2\/product_tag?post=4327"}],"curies":[{"name":"wp","href":"https:\/\/api.w.org\/{rel}","templated":true}]}}