{"id":4326,"date":"2019-10-10T21:34:18","date_gmt":"2019-10-10T19:34:18","guid":{"rendered":"http:\/\/pc-direkthandel.de\/wordpress\/?post_type=product&#038;p=4326"},"modified":"2019-10-10T21:35:06","modified_gmt":"2019-10-10T19:35:06","slug":"kaspersky-password-manager-for-android","status":"publish","type":"product","link":"http:\/\/pc-direkthandel.de\/wordpress\/product\/kaspersky-password-manager-for-android\/","title":{"rendered":"Kaspersky Password Manager for Android"},"content":{"rendered":"<p>Einfacher Zugriff auf Konten und sicherer digitaler Speicher f\u00fcr Pass-, F\u00fchrerschein-, Bank- und andere pers\u00f6nliche Daten.<\/p>\n","protected":false},"excerpt":{"rendered":"<p>Einfacher Zugriff auf Konten und sicherer digitaler Speicher f\u00fcr Pass-, F\u00fchrerschein-, Bank- und andere pers\u00f6nliche Daten.<\/p>\n","protected":false},"featured_media":0,"comment_status":"open","ping_status":"closed","template":"","meta":{"_acf_changed":false},"product_cat":[318],"product_tag":[],"acf":[],"jetpack_sharing_enabled":true,"_links":{"self":[{"href":"http:\/\/pc-direkthandel.de\/wordpress\/wp-json\/wp\/v2\/product\/4326"}],"collection":[{"href":"http:\/\/pc-direkthandel.de\/wordpress\/wp-json\/wp\/v2\/product"}],"about":[{"href":"http:\/\/pc-direkthandel.de\/wordpress\/wp-json\/wp\/v2\/types\/product"}],"replies":[{"embeddable":true,"href":"http:\/\/pc-direkthandel.de\/wordpress\/wp-json\/wp\/v2\/comments?post=4326"}],"wp:attachment":[{"href":"http:\/\/pc-direkthandel.de\/wordpress\/wp-json\/wp\/v2\/media?parent=4326"}],"wp:term":[{"taxonomy":"product_cat","embeddable":true,"href":"http:\/\/pc-direkthandel.de\/wordpress\/wp-json\/wp\/v2\/product_cat?post=4326"},{"taxonomy":"product_tag","embeddable":true,"href":"http:\/\/pc-direkthandel.de\/wordpress\/wp-json\/wp\/v2\/product_tag?post=4326"}],"curies":[{"name":"wp","href":"https:\/\/api.w.org\/{rel}","templated":true}]}}