{"id":4323,"date":"2019-10-10T21:29:03","date_gmt":"2019-10-10T19:29:03","guid":{"rendered":"http:\/\/pc-direkthandel.de\/wordpress\/?post_type=product&#038;p=4323"},"modified":"2019-10-10T21:30:22","modified_gmt":"2019-10-10T19:30:22","slug":"kaspersky-internet-security-for-android","status":"publish","type":"product","link":"http:\/\/pc-direkthandel.de\/wordpress\/product\/kaspersky-internet-security-for-android\/","title":{"rendered":"Kaspersky Internet Security for Android"},"content":{"rendered":"<div class=\"excerpt\">\n<p><strong>Umfassende Sicherheit, die Sie \u00fcberall hin begleitet<\/strong><\/p>\n<\/div>\n<p>Viele Informationen \u00fcber Ihr Leben sind auf Ihrem Smartphone oder Tablet gespeichert. Deshalb brauchen Sie eine mobile Sicherheitsl\u00f6sung, die alle Ger\u00e4te sch\u00fctzt.<\/p>\n","protected":false},"excerpt":{"rendered":"<p>Umfassende Sicherheit, die Sie \u00fcberall hin begleitet Viele Informationen \u00fcber Ihr Leben sind auf Ihrem Smartphone oder Tablet gespeichert. Deshalb brauchen Sie eine mobile Sicherheitsl\u00f6sung, die alle Ger\u00e4te sch\u00fctzt.<\/p>\n","protected":false},"featured_media":4324,"comment_status":"open","ping_status":"closed","template":"","meta":{"_acf_changed":false},"product_cat":[318],"product_tag":[],"acf":[],"jetpack_sharing_enabled":true,"_links":{"self":[{"href":"http:\/\/pc-direkthandel.de\/wordpress\/wp-json\/wp\/v2\/product\/4323"}],"collection":[{"href":"http:\/\/pc-direkthandel.de\/wordpress\/wp-json\/wp\/v2\/product"}],"about":[{"href":"http:\/\/pc-direkthandel.de\/wordpress\/wp-json\/wp\/v2\/types\/product"}],"replies":[{"embeddable":true,"href":"http:\/\/pc-direkthandel.de\/wordpress\/wp-json\/wp\/v2\/comments?post=4323"}],"wp:featuredmedia":[{"embeddable":true,"href":"http:\/\/pc-direkthandel.de\/wordpress\/wp-json\/wp\/v2\/media\/4324"}],"wp:attachment":[{"href":"http:\/\/pc-direkthandel.de\/wordpress\/wp-json\/wp\/v2\/media?parent=4323"}],"wp:term":[{"taxonomy":"product_cat","embeddable":true,"href":"http:\/\/pc-direkthandel.de\/wordpress\/wp-json\/wp\/v2\/product_cat?post=4323"},{"taxonomy":"product_tag","embeddable":true,"href":"http:\/\/pc-direkthandel.de\/wordpress\/wp-json\/wp\/v2\/product_tag?post=4323"}],"curies":[{"name":"wp","href":"https:\/\/api.w.org\/{rel}","templated":true}]}}