{"id":4321,"date":"2019-10-10T21:27:15","date_gmt":"2019-10-10T19:27:15","guid":{"rendered":"http:\/\/pc-direkthandel.de\/wordpress\/?post_type=product&#038;p=4321"},"modified":"2019-10-10T21:28:48","modified_gmt":"2019-10-10T19:28:48","slug":"kaspersky-internet-security-for-mac","status":"publish","type":"product","link":"http:\/\/pc-direkthandel.de\/wordpress\/product\/kaspersky-internet-security-for-mac\/","title":{"rendered":"Kaspersky Internet Security for Mac"},"content":{"rendered":"<div class=\"excerpt\">\n<p>Egal wie sicher Ihr Mac vor Viren ist: Sie m\u00fcssen sich dennoch vor Identit\u00e4tsdiebstahl und Online-Angriffen sch\u00fctzen. Der umfassende Schutz bietet weit mehr als blo\u00dfen Virenschutz f\u00fcr Macs \u2013 er sch\u00fctzt Ihr gesamtes digitales Leben.<\/p>\n<\/div>\n<p>Wenn Sie online gehen ist Ihre Kommunikation sicher und Sie sind vor Bedrohungen gesch\u00fctzt. Au\u00dferdem erhalten Sie Schutz f\u00fcr Ihre Privatsph\u00e4re, Finanzen und beim Shoppen.<\/p>\n","protected":false},"excerpt":{"rendered":"<p>Egal wie sicher Ihr Mac vor Viren ist: Sie m\u00fcssen sich dennoch vor Identit\u00e4tsdiebstahl und Online-Angriffen sch\u00fctzen. Der umfassende Schutz bietet weit mehr als blo\u00dfen Virenschutz f\u00fcr Macs \u2013 er sch\u00fctzt Ihr gesamtes digitales Leben. Wenn Sie online gehen ist Ihre Kommunikation sicher und Sie sind vor Bedrohungen gesch\u00fctzt. Au\u00dferdem erhalten Sie Schutz f\u00fcr Ihre [&hellip;]<\/p>\n","protected":false},"featured_media":4322,"comment_status":"open","ping_status":"closed","template":"","meta":{"_acf_changed":false},"product_cat":[156,318],"product_tag":[],"acf":[],"jetpack_sharing_enabled":true,"_links":{"self":[{"href":"http:\/\/pc-direkthandel.de\/wordpress\/wp-json\/wp\/v2\/product\/4321"}],"collection":[{"href":"http:\/\/pc-direkthandel.de\/wordpress\/wp-json\/wp\/v2\/product"}],"about":[{"href":"http:\/\/pc-direkthandel.de\/wordpress\/wp-json\/wp\/v2\/types\/product"}],"replies":[{"embeddable":true,"href":"http:\/\/pc-direkthandel.de\/wordpress\/wp-json\/wp\/v2\/comments?post=4321"}],"wp:featuredmedia":[{"embeddable":true,"href":"http:\/\/pc-direkthandel.de\/wordpress\/wp-json\/wp\/v2\/media\/4322"}],"wp:attachment":[{"href":"http:\/\/pc-direkthandel.de\/wordpress\/wp-json\/wp\/v2\/media?parent=4321"}],"wp:term":[{"taxonomy":"product_cat","embeddable":true,"href":"http:\/\/pc-direkthandel.de\/wordpress\/wp-json\/wp\/v2\/product_cat?post=4321"},{"taxonomy":"product_tag","embeddable":true,"href":"http:\/\/pc-direkthandel.de\/wordpress\/wp-json\/wp\/v2\/product_tag?post=4321"}],"curies":[{"name":"wp","href":"https:\/\/api.w.org\/{rel}","templated":true}]}}