{"id":4316,"date":"2019-10-10T21:20:58","date_gmt":"2019-10-10T19:20:58","guid":{"rendered":"http:\/\/pc-direkthandel.de\/wordpress\/?post_type=product&#038;p=4316"},"modified":"2019-10-10T21:22:24","modified_gmt":"2019-10-10T19:22:24","slug":"kaspersky-total-security-2020","status":"publish","type":"product","link":"http:\/\/pc-direkthandel.de\/wordpress\/product\/kaspersky-total-security-2020\/","title":{"rendered":"Kaspersky Total Security 2020"},"content":{"rendered":"<div class=\"excerpt\">\n<p><strong>Die beste und beliebteste Kaspersky-Sicherheitsl\u00f6sung<\/strong><\/p>\n<\/div>\n<p>Sch\u00fctzt die ganze Familie auf allen Ger\u00e4ten vor Viren, Ransomware und dem unbefugten Zugriff auf Webcams und bietet einen Passwort-Manager, VPN-Schutz und 87 weiterer Technologien \u2013 mit nur einer Lizenz!<\/p>\n","protected":false},"excerpt":{"rendered":"<p>Die beste und beliebteste Kaspersky-Sicherheitsl\u00f6sung Sch\u00fctzt die ganze Familie auf allen Ger\u00e4ten vor Viren, Ransomware und dem unbefugten Zugriff auf Webcams und bietet einen Passwort-Manager, VPN-Schutz und 87 weiterer Technologien \u2013 mit nur einer Lizenz!<\/p>\n","protected":false},"featured_media":4317,"comment_status":"open","ping_status":"closed","template":"","meta":{"_acf_changed":false},"product_cat":[156,318],"product_tag":[],"acf":[],"jetpack_sharing_enabled":true,"_links":{"self":[{"href":"http:\/\/pc-direkthandel.de\/wordpress\/wp-json\/wp\/v2\/product\/4316"}],"collection":[{"href":"http:\/\/pc-direkthandel.de\/wordpress\/wp-json\/wp\/v2\/product"}],"about":[{"href":"http:\/\/pc-direkthandel.de\/wordpress\/wp-json\/wp\/v2\/types\/product"}],"replies":[{"embeddable":true,"href":"http:\/\/pc-direkthandel.de\/wordpress\/wp-json\/wp\/v2\/comments?post=4316"}],"wp:featuredmedia":[{"embeddable":true,"href":"http:\/\/pc-direkthandel.de\/wordpress\/wp-json\/wp\/v2\/media\/4317"}],"wp:attachment":[{"href":"http:\/\/pc-direkthandel.de\/wordpress\/wp-json\/wp\/v2\/media?parent=4316"}],"wp:term":[{"taxonomy":"product_cat","embeddable":true,"href":"http:\/\/pc-direkthandel.de\/wordpress\/wp-json\/wp\/v2\/product_cat?post=4316"},{"taxonomy":"product_tag","embeddable":true,"href":"http:\/\/pc-direkthandel.de\/wordpress\/wp-json\/wp\/v2\/product_tag?post=4316"}],"curies":[{"name":"wp","href":"https:\/\/api.w.org\/{rel}","templated":true}]}}