{"id":4314,"date":"2019-10-10T21:18:31","date_gmt":"2019-10-10T19:18:31","guid":{"rendered":"http:\/\/pc-direkthandel.de\/wordpress\/?post_type=product&#038;p=4314"},"modified":"2019-10-10T21:20:22","modified_gmt":"2019-10-10T19:20:22","slug":"kaspersky-internet-security-2020","status":"publish","type":"product","link":"http:\/\/pc-direkthandel.de\/wordpress\/product\/kaspersky-internet-security-2020\/","title":{"rendered":"Kaspersky Internet Security 2020"},"content":{"rendered":"<div class=\"excerpt\">\n<p><strong>Gehen Sie auf Nummer sicher \u2013 egal, was Sie bei der Arbeit und zu Hause tun<\/strong><\/p>\n<\/div>\n<p>Das umfassende Sicherheitspaket sch\u00fctzt Sie mit nur einer Lizenz auf PCs, Macs und Android-Ger\u00e4ten bei s\u00e4mtlichen Online-Aktivit\u00e4ten vor Malware, Webcam-Hacks, Betrugsversuchen und mehr.<\/p>\n","protected":false},"excerpt":{"rendered":"<p>Gehen Sie auf Nummer sicher \u2013 egal, was Sie bei der Arbeit und zu Hause tun Das umfassende Sicherheitspaket sch\u00fctzt Sie mit nur einer Lizenz auf PCs, Macs und Android-Ger\u00e4ten bei s\u00e4mtlichen Online-Aktivit\u00e4ten vor Malware, Webcam-Hacks, Betrugsversuchen und mehr.<\/p>\n","protected":false},"featured_media":4315,"comment_status":"open","ping_status":"closed","template":"","meta":{"_acf_changed":false},"product_cat":[156,318],"product_tag":[],"acf":[],"jetpack_sharing_enabled":true,"_links":{"self":[{"href":"http:\/\/pc-direkthandel.de\/wordpress\/wp-json\/wp\/v2\/product\/4314"}],"collection":[{"href":"http:\/\/pc-direkthandel.de\/wordpress\/wp-json\/wp\/v2\/product"}],"about":[{"href":"http:\/\/pc-direkthandel.de\/wordpress\/wp-json\/wp\/v2\/types\/product"}],"replies":[{"embeddable":true,"href":"http:\/\/pc-direkthandel.de\/wordpress\/wp-json\/wp\/v2\/comments?post=4314"}],"wp:featuredmedia":[{"embeddable":true,"href":"http:\/\/pc-direkthandel.de\/wordpress\/wp-json\/wp\/v2\/media\/4315"}],"wp:attachment":[{"href":"http:\/\/pc-direkthandel.de\/wordpress\/wp-json\/wp\/v2\/media?parent=4314"}],"wp:term":[{"taxonomy":"product_cat","embeddable":true,"href":"http:\/\/pc-direkthandel.de\/wordpress\/wp-json\/wp\/v2\/product_cat?post=4314"},{"taxonomy":"product_tag","embeddable":true,"href":"http:\/\/pc-direkthandel.de\/wordpress\/wp-json\/wp\/v2\/product_tag?post=4314"}],"curies":[{"name":"wp","href":"https:\/\/api.w.org\/{rel}","templated":true}]}}