{"id":4306,"date":"2019-10-10T19:52:20","date_gmt":"2019-10-10T17:52:20","guid":{"rendered":"http:\/\/pc-direkthandel.de\/wordpress\/?post_type=product&#038;p=4306"},"modified":"2019-10-10T19:53:43","modified_gmt":"2019-10-10T17:53:43","slug":"gigaset-care-tarif","status":"publish","type":"product","link":"http:\/\/pc-direkthandel.de\/wordpress\/product\/gigaset-care-tarif\/","title":{"rendered":"Gigaset care tarif"},"content":{"rendered":"<div class=\"b_product-view__column-introduction\">\n<div class=\"b_product-view__introduction-container\">\n<div class=\"b_product-view__column-introduction\">\n<div class=\"b_product-view__introduction-container\">\n<div class=\"b_product-view__column-introduction\">\n<div class=\"b_product-view__introduction-container\">\n<div class=\"b_product-view__column-introduction\">\n<div class=\"b_product-view__introduction-container\">\n<div class=\"b_product-view__subheadline\">Passend zu den drei Paketen smart motion, smart care und smart care + Phone.<\/p>\n<\/div>\n<div class=\"b_product-view__short-description\">\n<p>Der monatliche Tarif beinhaltet:<\/p>\n<ul>\n<li>Intelligente Cloud-L\u00f6sung<\/li>\n<li>smart care App<\/li>\n<li>Einbindung von bis zu vier Angeh\u00f6rigen\/Freunden<\/li>\n<li>Push-Benachrichtigungen im Alarmfall<\/li>\n<li>T\u00e4gliche statistische Auswertungen aller Routinen<br \/>\n(= definierte Anwendungen) zur Erkennung von Unregelm\u00e4\u00dfigkeiten im Tagesablauf<\/li>\n<\/ul>\n<\/div>\n<\/div>\n<\/div>\n<\/div>\n<\/div>\n<\/div>\n<\/div>\n<\/div>\n<\/div>\n","protected":false},"excerpt":{"rendered":"<p>Passend zu den drei Paketen smart motion, smart care und smart care + Phone. Der monatliche Tarif beinhaltet: Intelligente Cloud-L\u00f6sung smart care App Einbindung von bis zu vier Angeh\u00f6rigen\/Freunden Push-Benachrichtigungen im Alarmfall T\u00e4gliche statistische Auswertungen aller Routinen (= definierte Anwendungen) zur Erkennung von Unregelm\u00e4\u00dfigkeiten im Tagesablauf<\/p>\n","protected":false},"featured_media":4307,"comment_status":"open","ping_status":"closed","template":"","meta":{"_acf_changed":false},"product_cat":[317],"product_tag":[],"acf":[],"jetpack_sharing_enabled":true,"_links":{"self":[{"href":"http:\/\/pc-direkthandel.de\/wordpress\/wp-json\/wp\/v2\/product\/4306"}],"collection":[{"href":"http:\/\/pc-direkthandel.de\/wordpress\/wp-json\/wp\/v2\/product"}],"about":[{"href":"http:\/\/pc-direkthandel.de\/wordpress\/wp-json\/wp\/v2\/types\/product"}],"replies":[{"embeddable":true,"href":"http:\/\/pc-direkthandel.de\/wordpress\/wp-json\/wp\/v2\/comments?post=4306"}],"wp:featuredmedia":[{"embeddable":true,"href":"http:\/\/pc-direkthandel.de\/wordpress\/wp-json\/wp\/v2\/media\/4307"}],"wp:attachment":[{"href":"http:\/\/pc-direkthandel.de\/wordpress\/wp-json\/wp\/v2\/media?parent=4306"}],"wp:term":[{"taxonomy":"product_cat","embeddable":true,"href":"http:\/\/pc-direkthandel.de\/wordpress\/wp-json\/wp\/v2\/product_cat?post=4306"},{"taxonomy":"product_tag","embeddable":true,"href":"http:\/\/pc-direkthandel.de\/wordpress\/wp-json\/wp\/v2\/product_tag?post=4306"}],"curies":[{"name":"wp","href":"https:\/\/api.w.org\/{rel}","templated":true}]}}