{"id":4302,"date":"2019-10-10T19:46:14","date_gmt":"2019-10-10T17:46:14","guid":{"rendered":"http:\/\/pc-direkthandel.de\/wordpress\/?post_type=product&#038;p=4302"},"modified":"2019-10-10T19:47:21","modified_gmt":"2019-10-10T17:47:21","slug":"gigaset-thermostat","status":"publish","type":"product","link":"http:\/\/pc-direkthandel.de\/wordpress\/product\/gigaset-thermostat\/","title":{"rendered":"Gigaset thermostat"},"content":{"rendered":"<div class=\"b_product-view__column-introduction\">\n<div class=\"b_product-view__introduction-container\">\n<div class=\"b_product-view__column-introduction\">\n<div class=\"b_product-view__introduction-container\">\n<div class=\"b_product-view__subheadline\">Das Heizk\u00f6rperthermostat, das auf smarte Art f\u00fcr die richtige Raumtemperatur sorgt.<\/p>\n<\/div>\n<div class=\"b_product-view__short-description\">\n<p>Optimieren Sie Ihre Heizungssteuerung jetzt mit dem Gigaset thermostat. Das Heizk\u00f6rperthermostat l\u00e4sst sich mit der Gigaset elements App jederzeit und unabh\u00e4ngig vom Aufenthaltsort steuern. So genie\u00dfen Sie bei sich zuhause immer ein angenehmes Raumklima und k\u00f6nnen zus\u00e4tzlich Heizkosten sparen.<\/p>\n<ul>\n<li><strong>Regelt die Heizungstemperatur<\/strong><\/li>\n<li><strong>Spart Energie und Kosten<\/strong><\/li>\n<li><strong>Batteriebetrieben<\/strong><\/li>\n<li><strong>Funkgesteuert per App<\/strong><\/li>\n<li><strong>Einfache Installation<\/strong><\/li>\n<li><strong>Noch intelligentere Steuerung in Kombination mit dem Gigaset elements window<\/strong><\/li>\n<li><strong>Kompatibel mit den Gigaset elements Alarmsystemen S, M, und L<\/strong><\/li>\n<\/ul>\n<\/div>\n<\/div>\n<\/div>\n<\/div>\n<\/div>\n","protected":false},"excerpt":{"rendered":"<p>Das Heizk\u00f6rperthermostat, das auf smarte Art f\u00fcr die richtige Raumtemperatur sorgt. Optimieren Sie Ihre Heizungssteuerung jetzt mit dem Gigaset thermostat. Das Heizk\u00f6rperthermostat l\u00e4sst sich mit der Gigaset elements App jederzeit und unabh\u00e4ngig vom Aufenthaltsort steuern. So genie\u00dfen Sie bei sich zuhause immer ein angenehmes Raumklima und k\u00f6nnen zus\u00e4tzlich Heizkosten sparen. Regelt die Heizungstemperatur Spart Energie [&hellip;]<\/p>\n","protected":false},"featured_media":4303,"comment_status":"open","ping_status":"closed","template":"","meta":{"_acf_changed":false},"product_cat":[317],"product_tag":[],"acf":[],"jetpack_sharing_enabled":true,"_links":{"self":[{"href":"http:\/\/pc-direkthandel.de\/wordpress\/wp-json\/wp\/v2\/product\/4302"}],"collection":[{"href":"http:\/\/pc-direkthandel.de\/wordpress\/wp-json\/wp\/v2\/product"}],"about":[{"href":"http:\/\/pc-direkthandel.de\/wordpress\/wp-json\/wp\/v2\/types\/product"}],"replies":[{"embeddable":true,"href":"http:\/\/pc-direkthandel.de\/wordpress\/wp-json\/wp\/v2\/comments?post=4302"}],"wp:featuredmedia":[{"embeddable":true,"href":"http:\/\/pc-direkthandel.de\/wordpress\/wp-json\/wp\/v2\/media\/4303"}],"wp:attachment":[{"href":"http:\/\/pc-direkthandel.de\/wordpress\/wp-json\/wp\/v2\/media?parent=4302"}],"wp:term":[{"taxonomy":"product_cat","embeddable":true,"href":"http:\/\/pc-direkthandel.de\/wordpress\/wp-json\/wp\/v2\/product_cat?post=4302"},{"taxonomy":"product_tag","embeddable":true,"href":"http:\/\/pc-direkthandel.de\/wordpress\/wp-json\/wp\/v2\/product_tag?post=4302"}],"curies":[{"name":"wp","href":"https:\/\/api.w.org\/{rel}","templated":true}]}}