{"id":4300,"date":"2019-10-10T19:44:51","date_gmt":"2019-10-10T17:44:51","guid":{"rendered":"http:\/\/pc-direkthandel.de\/wordpress\/?post_type=product&#038;p=4300"},"modified":"2019-10-10T19:45:54","modified_gmt":"2019-10-10T17:45:54","slug":"gigaset-thermostat-3er-pack","status":"publish","type":"product","link":"http:\/\/pc-direkthandel.de\/wordpress\/product\/gigaset-thermostat-3er-pack\/","title":{"rendered":"Gigaset thermostat 3er pack"},"content":{"rendered":"<div class=\"b_product-view__column-introduction\">\n<div class=\"b_product-view__introduction-container\">\n<div class=\"b_product-view__column-introduction\">\n<div class=\"b_product-view__introduction-container\">\n<div class=\"b_product-view__subheadline\">Das Erweiterungspaket f\u00fcr die smarte Heizungssteuerung Ihres Zuhauses.<\/p>\n<\/div>\n<div class=\"b_product-view__short-description\">\n<p>Statten Sie Ihr Zuhause mit den smarten Heizk\u00f6rperthermostaten von Gigaset aus. Das Gigaset thermostat l\u00e4sst sich mit der Gigaset elements App jederzeit und unabh\u00e4ngig vom Aufenthaltsort steuern. So genie\u00dfen Sie in Ihrem Badezimmer, Wohnzimmer oder Schlafzimmer immer ein angenehmes Raumklima und k\u00f6nnen zus\u00e4tzlich Heizkosten sparen.<\/p>\n<ul>\n<li><strong>3 Gigaset thermostate<\/strong><\/li>\n<li><strong>Regeln die Heizungstemperatur<\/strong><\/li>\n<li><strong>Sparen Energie und Kosten<\/strong><\/li>\n<li><strong>Batteriebetrieben<\/strong><\/li>\n<li><strong>Funkgesteuert per App<\/strong><\/li>\n<li><strong>Einfache Installation<\/strong><\/li>\n<li><strong>Noch intelligentere Steuerung in Kombination mit dem Gigaset elements window<\/strong><\/li>\n<li><strong>Kompatibel mit den Gigaset elements Alarmsystemen S, M, und L und allen Gigaset Basistationen<\/strong><\/li>\n<\/ul>\n<\/div>\n<\/div>\n<\/div>\n<\/div>\n<\/div>\n","protected":false},"excerpt":{"rendered":"<p>Das Erweiterungspaket f\u00fcr die smarte Heizungssteuerung Ihres Zuhauses. Statten Sie Ihr Zuhause mit den smarten Heizk\u00f6rperthermostaten von Gigaset aus. Das Gigaset thermostat l\u00e4sst sich mit der Gigaset elements App jederzeit und unabh\u00e4ngig vom Aufenthaltsort steuern. So genie\u00dfen Sie in Ihrem Badezimmer, Wohnzimmer oder Schlafzimmer immer ein angenehmes Raumklima und k\u00f6nnen zus\u00e4tzlich Heizkosten sparen. 3 Gigaset [&hellip;]<\/p>\n","protected":false},"featured_media":4301,"comment_status":"open","ping_status":"closed","template":"","meta":{"_acf_changed":false},"product_cat":[317],"product_tag":[],"acf":[],"jetpack_sharing_enabled":true,"_links":{"self":[{"href":"http:\/\/pc-direkthandel.de\/wordpress\/wp-json\/wp\/v2\/product\/4300"}],"collection":[{"href":"http:\/\/pc-direkthandel.de\/wordpress\/wp-json\/wp\/v2\/product"}],"about":[{"href":"http:\/\/pc-direkthandel.de\/wordpress\/wp-json\/wp\/v2\/types\/product"}],"replies":[{"embeddable":true,"href":"http:\/\/pc-direkthandel.de\/wordpress\/wp-json\/wp\/v2\/comments?post=4300"}],"wp:featuredmedia":[{"embeddable":true,"href":"http:\/\/pc-direkthandel.de\/wordpress\/wp-json\/wp\/v2\/media\/4301"}],"wp:attachment":[{"href":"http:\/\/pc-direkthandel.de\/wordpress\/wp-json\/wp\/v2\/media?parent=4300"}],"wp:term":[{"taxonomy":"product_cat","embeddable":true,"href":"http:\/\/pc-direkthandel.de\/wordpress\/wp-json\/wp\/v2\/product_cat?post=4300"},{"taxonomy":"product_tag","embeddable":true,"href":"http:\/\/pc-direkthandel.de\/wordpress\/wp-json\/wp\/v2\/product_tag?post=4300"}],"curies":[{"name":"wp","href":"https:\/\/api.w.org\/{rel}","templated":true}]}}