{"id":4294,"date":"2019-10-10T19:40:03","date_gmt":"2019-10-10T17:40:03","guid":{"rendered":"http:\/\/pc-direkthandel.de\/wordpress\/?post_type=product&#038;p=4294"},"modified":"2019-10-10T19:41:17","modified_gmt":"2019-10-10T17:41:17","slug":"gigaset-elements-water","status":"publish","type":"product","link":"http:\/\/pc-direkthandel.de\/wordpress\/product\/gigaset-elements-water\/","title":{"rendered":"Gigaset elements water"},"content":{"rendered":"<div class=\"b_product-view__column-introduction\">\n<div class=\"b_product-view__introduction-container\">\n<div class=\"b_product-view__column-introduction\">\n<div class=\"b_product-view__introduction-container\">\n<div class=\"b_product-view__subheadline\">Der Wassermelder sch\u00fctzt vor Wassersch\u00e4den und Schimmel.<\/p>\n<\/div>\n<div class=\"b_product-view__short-description\">\n<p>Wassersch\u00e4den in Privatwohnungen kommen h\u00e4ufig vor und verursachen hohe Reparaturkosten. Der Gigaset elements water meldet zuverl\u00e4ssig jede Gefahr durch auslaufendes Wasser und hilft so, schlimmere Sch\u00e4den zu vermeiden.<\/p>\n<ul>\n<li><strong>Passend zu den Sensoren von Gigaset elements<\/strong><\/li>\n<li><strong>Warnt bei Wasseraustritt durch auslaufende Sp\u00fcl- und Waschmaschinen<\/strong><\/li>\n<li><strong>Verhindert kostenintensive Elementarsch\u00e4den im Haushalt<\/strong><\/li>\n<li><strong>Einfache Anbringung und Erreichbarkeit mit 1,5 m Kabel<\/strong><\/li>\n<li><strong>Informiert \u00fcber Temperatur und relative Luftfeuchtigkeit<\/strong><\/li>\n<li><strong>Lautes, alarmierendes Warnsignal<\/strong><\/li>\n<li><strong>Funktioniert auch ohne Verbindung zum Internet<\/strong><\/li>\n<li><strong>Batterie mit f\u00fcnf Jahren Lebensdauer<\/strong><\/li>\n<li><strong>Kompatibel mit den Gigaset elements Alarmsystemen S, M, und L<\/strong><\/li>\n<\/ul>\n<\/div>\n<\/div>\n<\/div>\n<\/div>\n<\/div>\n","protected":false},"excerpt":{"rendered":"<p>Der Wassermelder sch\u00fctzt vor Wassersch\u00e4den und Schimmel. Wassersch\u00e4den in Privatwohnungen kommen h\u00e4ufig vor und verursachen hohe Reparaturkosten. Der Gigaset elements water meldet zuverl\u00e4ssig jede Gefahr durch auslaufendes Wasser und hilft so, schlimmere Sch\u00e4den zu vermeiden. Passend zu den Sensoren von Gigaset elements Warnt bei Wasseraustritt durch auslaufende Sp\u00fcl- und Waschmaschinen Verhindert kostenintensive Elementarsch\u00e4den im Haushalt [&hellip;]<\/p>\n","protected":false},"featured_media":4295,"comment_status":"open","ping_status":"closed","template":"","meta":{"_acf_changed":false},"product_cat":[317],"product_tag":[],"acf":[],"jetpack_sharing_enabled":true,"_links":{"self":[{"href":"http:\/\/pc-direkthandel.de\/wordpress\/wp-json\/wp\/v2\/product\/4294"}],"collection":[{"href":"http:\/\/pc-direkthandel.de\/wordpress\/wp-json\/wp\/v2\/product"}],"about":[{"href":"http:\/\/pc-direkthandel.de\/wordpress\/wp-json\/wp\/v2\/types\/product"}],"replies":[{"embeddable":true,"href":"http:\/\/pc-direkthandel.de\/wordpress\/wp-json\/wp\/v2\/comments?post=4294"}],"wp:featuredmedia":[{"embeddable":true,"href":"http:\/\/pc-direkthandel.de\/wordpress\/wp-json\/wp\/v2\/media\/4295"}],"wp:attachment":[{"href":"http:\/\/pc-direkthandel.de\/wordpress\/wp-json\/wp\/v2\/media?parent=4294"}],"wp:term":[{"taxonomy":"product_cat","embeddable":true,"href":"http:\/\/pc-direkthandel.de\/wordpress\/wp-json\/wp\/v2\/product_cat?post=4294"},{"taxonomy":"product_tag","embeddable":true,"href":"http:\/\/pc-direkthandel.de\/wordpress\/wp-json\/wp\/v2\/product_tag?post=4294"}],"curies":[{"name":"wp","href":"https:\/\/api.w.org\/{rel}","templated":true}]}}