{"id":4290,"date":"2019-10-10T19:36:41","date_gmt":"2019-10-10T17:36:41","guid":{"rendered":"http:\/\/pc-direkthandel.de\/wordpress\/?post_type=product&#038;p=4290"},"modified":"2019-10-10T19:38:27","modified_gmt":"2019-10-10T17:38:27","slug":"gigaset-elements-universal","status":"publish","type":"product","link":"http:\/\/pc-direkthandel.de\/wordpress\/product\/gigaset-elements-universal\/","title":{"rendered":"Gigaset elements universal"},"content":{"rendered":"<div class=\"b_product-view__column-introduction\">\n<div class=\"b_product-view__introduction-container\">\n<div class=\"b_product-view__subheadline\">Der variabel einsetzbare Sensor \u00fcberwacht jede T\u00fcr und jedes Fenster.<\/p>\n<\/div>\n<div class=\"b_product-view__short-description\">\n<p>Fenster und T\u00fcren z\u00e4hlen zu den beliebtesten Einbruchsorten. Sch\u00fctzen Sie Ihr Zuhause! Der Gigaset elements Universalsensor universal sichert die Zug\u00e4nge zu Ihrer Wohnung oder Ihrem Haus. Sobald eine T\u00fcr oder ein Fenster ge\u00f6ffnet wird, werden Sie per App auf Ihrem Smartphone umgehend dar\u00fcber informiert. Bei gewaltsamem \u00d6ffnen schl\u00e4gt der Sensor Alarm.<\/p>\n<ul>\n<li><strong>Erweiterung des Gigaset elements alarm systems f\u00fcr jede Art von T\u00fcren und Fenster (Schiebet\u00fcren, Dachfenster, Katzenklappe etc.)<\/strong><\/li>\n<li><strong>Gibt Bescheid, wenn eine T\u00fcr oder ein Fenster ge\u00f6ffnet wird<\/strong><\/li>\n<li><strong>Kann zwischen offenem, geschlossenem und gekipptem Fenster unterscheiden<\/strong><\/li>\n<li><strong>Kann an allen Objekten, die \u00f6ffnen und schlie\u00dfen, angebracht werden<\/strong><\/li>\n<li><strong>Zeigt Raumtemperatur, Luftdruck und Pre-Alert an (per Softwareupdate ab September 2017)<\/strong><\/li>\n<li><strong>Kabellose Anbringung ohne Bohren (plug + play)<\/strong><\/li>\n<li><strong>50 Meter Reichweite<\/strong><\/li>\n<li><strong>Kompatibel mit den Gigaset elements Alarmsystemen S, M, und L<\/strong><\/li>\n<\/ul>\n<\/div>\n<\/div>\n<\/div>\n","protected":false},"excerpt":{"rendered":"<p>Der variabel einsetzbare Sensor \u00fcberwacht jede T\u00fcr und jedes Fenster. Fenster und T\u00fcren z\u00e4hlen zu den beliebtesten Einbruchsorten. Sch\u00fctzen Sie Ihr Zuhause! Der Gigaset elements Universalsensor universal sichert die Zug\u00e4nge zu Ihrer Wohnung oder Ihrem Haus. Sobald eine T\u00fcr oder ein Fenster ge\u00f6ffnet wird, werden Sie per App auf Ihrem Smartphone umgehend dar\u00fcber informiert. Bei [&hellip;]<\/p>\n","protected":false},"featured_media":4291,"comment_status":"open","ping_status":"closed","template":"","meta":{"_acf_changed":false},"product_cat":[317],"product_tag":[],"acf":[],"jetpack_sharing_enabled":true,"_links":{"self":[{"href":"http:\/\/pc-direkthandel.de\/wordpress\/wp-json\/wp\/v2\/product\/4290"}],"collection":[{"href":"http:\/\/pc-direkthandel.de\/wordpress\/wp-json\/wp\/v2\/product"}],"about":[{"href":"http:\/\/pc-direkthandel.de\/wordpress\/wp-json\/wp\/v2\/types\/product"}],"replies":[{"embeddable":true,"href":"http:\/\/pc-direkthandel.de\/wordpress\/wp-json\/wp\/v2\/comments?post=4290"}],"wp:featuredmedia":[{"embeddable":true,"href":"http:\/\/pc-direkthandel.de\/wordpress\/wp-json\/wp\/v2\/media\/4291"}],"wp:attachment":[{"href":"http:\/\/pc-direkthandel.de\/wordpress\/wp-json\/wp\/v2\/media?parent=4290"}],"wp:term":[{"taxonomy":"product_cat","embeddable":true,"href":"http:\/\/pc-direkthandel.de\/wordpress\/wp-json\/wp\/v2\/product_cat?post=4290"},{"taxonomy":"product_tag","embeddable":true,"href":"http:\/\/pc-direkthandel.de\/wordpress\/wp-json\/wp\/v2\/product_tag?post=4290"}],"curies":[{"name":"wp","href":"https:\/\/api.w.org\/{rel}","templated":true}]}}