{"id":4286,"date":"2019-10-10T19:28:44","date_gmt":"2019-10-10T17:28:44","guid":{"rendered":"http:\/\/pc-direkthandel.de\/wordpress\/?post_type=product&#038;p=4286"},"modified":"2019-10-10T19:34:20","modified_gmt":"2019-10-10T17:34:20","slug":"gigaset-elements-window","status":"publish","type":"product","link":"http:\/\/pc-direkthandel.de\/wordpress\/product\/gigaset-elements-window\/","title":{"rendered":"Gigaset elements window"},"content":{"rendered":"<div class=\"b_product-view__column-introduction\">\n<div class=\"b_product-view__introduction-container\">\n<div class=\"b_product-view__subheadline\">Mit diesem Sensor bleibt kein Fenster mehr unbeobachtet.<\/p>\n<\/div>\n<div class=\"b_product-view__short-description\">\n<p>Lassen Sie Ihre Fenster nicht l\u00e4nger unbewacht! Mit dieser Erg\u00e4nzung Ihres Gigaset elements alarm systems erfahren Sie als Erster, was an Ihrem Fenster, Ihrer Balkon- oder Terrassent\u00fcr vor sich geht. Der Fenstersensor informiert Sie zuverl\u00e4ssig, wenn das Fenster, die Terrassen- oder Balkont\u00fcr gekippt ist oder ge\u00f6ffnet wird. So wissen Sie unterwegs immer, ob zu Hause alles in Ordnung ist.<\/p>\n<ul>\n<li><strong>Erweiterung des Gigaset elements alarm systems<\/strong><\/li>\n<li><strong>Kennt den aktuellen Zustand Ihres Fensters bzw. der Terrassen- und Balkont\u00fcr (ge\u00f6ffnet, gekippt, geschlossen)<\/strong><\/li>\n<li><strong>Gibt Ihnen umgehend Bescheid, wenn Ihr Fenster bzw. die Terrassen- oder Balkont\u00fcr ge\u00f6ffnet wird<\/strong><\/li>\n<li><strong>Kabellose Anbringung ohne Bohren (plug&amp;play)<\/strong><\/li>\n<li><strong>Batteriebetrieben (Lebensdauer der Batterien ca. 1-2 Jahre, je nach Nutzung)<\/strong><\/li>\n<li><strong>Kompatibel mit den Gigaset elements Alarmsystemen S, M, und L<\/strong><\/li>\n<\/ul>\n<\/div>\n<\/div>\n<\/div>\n","protected":false},"excerpt":{"rendered":"<p>Mit diesem Sensor bleibt kein Fenster mehr unbeobachtet. Lassen Sie Ihre Fenster nicht l\u00e4nger unbewacht! Mit dieser Erg\u00e4nzung Ihres Gigaset elements alarm systems erfahren Sie als Erster, was an Ihrem Fenster, Ihrer Balkon- oder Terrassent\u00fcr vor sich geht. Der Fenstersensor informiert Sie zuverl\u00e4ssig, wenn das Fenster, die Terrassen- oder Balkont\u00fcr gekippt ist oder ge\u00f6ffnet wird. [&hellip;]<\/p>\n","protected":false},"featured_media":4287,"comment_status":"open","ping_status":"closed","template":"","meta":{"_acf_changed":false},"product_cat":[317],"product_tag":[],"acf":[],"jetpack_sharing_enabled":true,"_links":{"self":[{"href":"http:\/\/pc-direkthandel.de\/wordpress\/wp-json\/wp\/v2\/product\/4286"}],"collection":[{"href":"http:\/\/pc-direkthandel.de\/wordpress\/wp-json\/wp\/v2\/product"}],"about":[{"href":"http:\/\/pc-direkthandel.de\/wordpress\/wp-json\/wp\/v2\/types\/product"}],"replies":[{"embeddable":true,"href":"http:\/\/pc-direkthandel.de\/wordpress\/wp-json\/wp\/v2\/comments?post=4286"}],"wp:featuredmedia":[{"embeddable":true,"href":"http:\/\/pc-direkthandel.de\/wordpress\/wp-json\/wp\/v2\/media\/4287"}],"wp:attachment":[{"href":"http:\/\/pc-direkthandel.de\/wordpress\/wp-json\/wp\/v2\/media?parent=4286"}],"wp:term":[{"taxonomy":"product_cat","embeddable":true,"href":"http:\/\/pc-direkthandel.de\/wordpress\/wp-json\/wp\/v2\/product_cat?post=4286"},{"taxonomy":"product_tag","embeddable":true,"href":"http:\/\/pc-direkthandel.de\/wordpress\/wp-json\/wp\/v2\/product_tag?post=4286"}],"curies":[{"name":"wp","href":"https:\/\/api.w.org\/{rel}","templated":true}]}}