{"id":4284,"date":"2019-10-10T19:23:51","date_gmt":"2019-10-10T17:23:51","guid":{"rendered":"http:\/\/pc-direkthandel.de\/wordpress\/?post_type=product&#038;p=4284"},"modified":"2019-10-10T19:24:56","modified_gmt":"2019-10-10T17:24:56","slug":"gigaset-elements-button","status":"publish","type":"product","link":"http:\/\/pc-direkthandel.de\/wordpress\/product\/gigaset-elements-button\/","title":{"rendered":"Gigaset elements button"},"content":{"rendered":"<div class=\"b_product-view__column-introduction\">\n<div class=\"b_product-view__introduction-container\">\n<div class=\"b_product-view__subheadline\">Funktaster f\u00fcr Ihr Gigaset elements alarm system.<\/p>\n<\/div>\n<div class=\"b_product-view__short-description\">\n<p>Mit dieser Erweiterung haben Sie die volle Kontrolle \u00fcber Ihr Gigaset elements alarm system auch ohne Smartphone. Mit dem button schalten Sie einfach den Alarm ein oder aus. Auch Ihre Ger\u00e4te im Haus k\u00f6nnen Sie damit problemlos an- und ausmachen.<\/p>\n<ul>\n<li><strong>Erlaubt die Kontrolle \u00fcber das Gigaset elements alarm system ohne Smartphone<\/strong><\/li>\n<li><strong>Programmierbar mit Hilfe der Gigaset elements app<\/strong><\/li>\n<li><strong>Jeder button ist einzeln programmierbar<\/strong><\/li>\n<li><strong>Mehrere Ger\u00e4te steuerbar<\/strong><\/li>\n<li><strong>Verschiedene Klicktypen (kurz, lang, sehr lang, doppelt) je button m\u00f6glich<\/strong><\/li>\n<li><strong>button als Panikbutton verwendbar (bei Knopfdruck geht z.B. Sirene an)<\/strong><\/li>\n<li><strong>Kompatibel mit den Gigaset elements Alarmsystemen S, M, und L<\/strong><\/li>\n<\/ul>\n<\/div>\n<\/div>\n<\/div>\n","protected":false},"excerpt":{"rendered":"<p>Funktaster f\u00fcr Ihr Gigaset elements alarm system. Mit dieser Erweiterung haben Sie die volle Kontrolle \u00fcber Ihr Gigaset elements alarm system auch ohne Smartphone. Mit dem button schalten Sie einfach den Alarm ein oder aus. Auch Ihre Ger\u00e4te im Haus k\u00f6nnen Sie damit problemlos an- und ausmachen. Erlaubt die Kontrolle \u00fcber das Gigaset elements alarm [&hellip;]<\/p>\n","protected":false},"featured_media":4285,"comment_status":"open","ping_status":"closed","template":"","meta":{"_acf_changed":false},"product_cat":[317],"product_tag":[],"acf":[],"jetpack_sharing_enabled":true,"_links":{"self":[{"href":"http:\/\/pc-direkthandel.de\/wordpress\/wp-json\/wp\/v2\/product\/4284"}],"collection":[{"href":"http:\/\/pc-direkthandel.de\/wordpress\/wp-json\/wp\/v2\/product"}],"about":[{"href":"http:\/\/pc-direkthandel.de\/wordpress\/wp-json\/wp\/v2\/types\/product"}],"replies":[{"embeddable":true,"href":"http:\/\/pc-direkthandel.de\/wordpress\/wp-json\/wp\/v2\/comments?post=4284"}],"wp:featuredmedia":[{"embeddable":true,"href":"http:\/\/pc-direkthandel.de\/wordpress\/wp-json\/wp\/v2\/media\/4285"}],"wp:attachment":[{"href":"http:\/\/pc-direkthandel.de\/wordpress\/wp-json\/wp\/v2\/media?parent=4284"}],"wp:term":[{"taxonomy":"product_cat","embeddable":true,"href":"http:\/\/pc-direkthandel.de\/wordpress\/wp-json\/wp\/v2\/product_cat?post=4284"},{"taxonomy":"product_tag","embeddable":true,"href":"http:\/\/pc-direkthandel.de\/wordpress\/wp-json\/wp\/v2\/product_tag?post=4284"}],"curies":[{"name":"wp","href":"https:\/\/api.w.org\/{rel}","templated":true}]}}