{"id":4280,"date":"2019-10-10T19:21:13","date_gmt":"2019-10-10T17:21:13","guid":{"rendered":"http:\/\/pc-direkthandel.de\/wordpress\/?post_type=product&#038;p=4280"},"modified":"2019-10-10T19:22:18","modified_gmt":"2019-10-10T17:22:18","slug":"gigaset-elements-plug","status":"publish","type":"product","link":"http:\/\/pc-direkthandel.de\/wordpress\/product\/gigaset-elements-plug\/","title":{"rendered":"Gigaset elements plug"},"content":{"rendered":"<div class=\"b_product-view__column-introduction\">\n<div class=\"b_product-view__introduction-container\">\n<div class=\"b_product-view__subheadline\">Schaltsteckdose zur Simulation Ihrer Anwesenheit.<\/p>\n<\/div>\n<div class=\"b_product-view__short-description\">\n<p>Mit der Schaltsteckdose plug k\u00f6nnen Sie \u00fcber Ihr Alarmsystem von der Lampe bis zum Fernseher jedes elektrische Ger\u00e4t per App w\u00e4hrend Ihrer Abwesenheit an- und ausschalten. So wirkt es, als w\u00e4ren Sie tats\u00e4chlich zu Hause. Au\u00dferdem l\u00e4sst sich \u00fcber den Regelmanager bestimmen, dass alle Lampen automatisch angehen, sobald sich jemand im Raum bewegt.<\/p>\n<ul>\n<li><strong>Schaltsteckdose passend zu den Sensoren des Gigaset elements alarm systems<\/strong><\/li>\n<li><strong>Regelung Ihrer Ger\u00e4te auch in Abwesenheit \u00fcber App<\/strong><\/li>\n<li><strong>Manuelles Ein- und Ausschalten<\/strong><\/li>\n<li><strong>Timereinstellung<\/strong><\/li>\n<li><strong>Kompatibel mit den Gigaset elements Alarmsystemen S, M, und L<\/strong><\/li>\n<\/ul>\n<\/div>\n<\/div>\n<\/div>\n","protected":false},"excerpt":{"rendered":"<p>Schaltsteckdose zur Simulation Ihrer Anwesenheit. Mit der Schaltsteckdose plug k\u00f6nnen Sie \u00fcber Ihr Alarmsystem von der Lampe bis zum Fernseher jedes elektrische Ger\u00e4t per App w\u00e4hrend Ihrer Abwesenheit an- und ausschalten. So wirkt es, als w\u00e4ren Sie tats\u00e4chlich zu Hause. Au\u00dferdem l\u00e4sst sich \u00fcber den Regelmanager bestimmen, dass alle Lampen automatisch angehen, sobald sich jemand [&hellip;]<\/p>\n","protected":false},"featured_media":4281,"comment_status":"open","ping_status":"closed","template":"","meta":{"_acf_changed":false},"product_cat":[317],"product_tag":[],"acf":[],"jetpack_sharing_enabled":true,"_links":{"self":[{"href":"http:\/\/pc-direkthandel.de\/wordpress\/wp-json\/wp\/v2\/product\/4280"}],"collection":[{"href":"http:\/\/pc-direkthandel.de\/wordpress\/wp-json\/wp\/v2\/product"}],"about":[{"href":"http:\/\/pc-direkthandel.de\/wordpress\/wp-json\/wp\/v2\/types\/product"}],"replies":[{"embeddable":true,"href":"http:\/\/pc-direkthandel.de\/wordpress\/wp-json\/wp\/v2\/comments?post=4280"}],"wp:featuredmedia":[{"embeddable":true,"href":"http:\/\/pc-direkthandel.de\/wordpress\/wp-json\/wp\/v2\/media\/4281"}],"wp:attachment":[{"href":"http:\/\/pc-direkthandel.de\/wordpress\/wp-json\/wp\/v2\/media?parent=4280"}],"wp:term":[{"taxonomy":"product_cat","embeddable":true,"href":"http:\/\/pc-direkthandel.de\/wordpress\/wp-json\/wp\/v2\/product_cat?post=4280"},{"taxonomy":"product_tag","embeddable":true,"href":"http:\/\/pc-direkthandel.de\/wordpress\/wp-json\/wp\/v2\/product_tag?post=4280"}],"curies":[{"name":"wp","href":"https:\/\/api.w.org\/{rel}","templated":true}]}}