{"id":4274,"date":"2019-10-10T19:18:27","date_gmt":"2019-10-10T17:18:27","guid":{"rendered":"http:\/\/pc-direkthandel.de\/wordpress\/?post_type=product&#038;p=4274"},"modified":"2019-10-10T19:19:30","modified_gmt":"2019-10-10T17:19:30","slug":"gigaset-elements-siren","status":"publish","type":"product","link":"http:\/\/pc-direkthandel.de\/wordpress\/product\/gigaset-elements-siren\/","title":{"rendered":"Gigaset elements siren"},"content":{"rendered":"<div class=\"b_product-view__column-introduction\">\n<div class=\"b_product-view__introduction-container\">\n<div class=\"b_product-view__subheadline\">Alarmsirene zur effektiven Abschreckung.<\/p>\n<\/div>\n<div class=\"b_product-view__short-description\">\n<p>Bei Einbruchsverdacht l\u00f6st diese Erweiterung des Gigaset Alarmsystems sofort einen Alarm aus. Die Alarmsirene kann \u00fcber den button manuell oder per Gigaset elements app bedient werden.<\/p>\n<ul>\n<li><strong>Lautes, abschreckendes Alarmger\u00e4usch (100 dB)<\/strong><\/li>\n<li><strong>Automatisches Abschalten direkt per Gigaset elements app<\/strong><\/li>\n<li><strong>Einfach in eine Steckdose stecken<\/strong><\/li>\n<li><strong>Updatef\u00e4hig (kabellos \u00fcber die Gigaset elements App)<\/strong><\/li>\n<li><strong>Kompatibel mit den Gigaset elements Alarmsystemen S, M, und L<\/strong><\/li>\n<\/ul>\n<\/div>\n<\/div>\n<\/div>\n","protected":false},"excerpt":{"rendered":"<p>Alarmsirene zur effektiven Abschreckung. Bei Einbruchsverdacht l\u00f6st diese Erweiterung des Gigaset Alarmsystems sofort einen Alarm aus. Die Alarmsirene kann \u00fcber den button manuell oder per Gigaset elements app bedient werden. Lautes, abschreckendes Alarmger\u00e4usch (100 dB) Automatisches Abschalten direkt per Gigaset elements app Einfach in eine Steckdose stecken Updatef\u00e4hig (kabellos \u00fcber die Gigaset elements App) Kompatibel [&hellip;]<\/p>\n","protected":false},"featured_media":4275,"comment_status":"open","ping_status":"closed","template":"","meta":{"_acf_changed":false},"product_cat":[317],"product_tag":[],"acf":[],"jetpack_sharing_enabled":true,"_links":{"self":[{"href":"http:\/\/pc-direkthandel.de\/wordpress\/wp-json\/wp\/v2\/product\/4274"}],"collection":[{"href":"http:\/\/pc-direkthandel.de\/wordpress\/wp-json\/wp\/v2\/product"}],"about":[{"href":"http:\/\/pc-direkthandel.de\/wordpress\/wp-json\/wp\/v2\/types\/product"}],"replies":[{"embeddable":true,"href":"http:\/\/pc-direkthandel.de\/wordpress\/wp-json\/wp\/v2\/comments?post=4274"}],"wp:featuredmedia":[{"embeddable":true,"href":"http:\/\/pc-direkthandel.de\/wordpress\/wp-json\/wp\/v2\/media\/4275"}],"wp:attachment":[{"href":"http:\/\/pc-direkthandel.de\/wordpress\/wp-json\/wp\/v2\/media?parent=4274"}],"wp:term":[{"taxonomy":"product_cat","embeddable":true,"href":"http:\/\/pc-direkthandel.de\/wordpress\/wp-json\/wp\/v2\/product_cat?post=4274"},{"taxonomy":"product_tag","embeddable":true,"href":"http:\/\/pc-direkthandel.de\/wordpress\/wp-json\/wp\/v2\/product_tag?post=4274"}],"curies":[{"name":"wp","href":"https:\/\/api.w.org\/{rel}","templated":true}]}}