{"id":4272,"date":"2019-10-10T19:17:07","date_gmt":"2019-10-10T17:17:07","guid":{"rendered":"http:\/\/pc-direkthandel.de\/wordpress\/?post_type=product&#038;p=4272"},"modified":"2019-10-10T19:18:12","modified_gmt":"2019-10-10T17:18:12","slug":"gigaset-elements-motion","status":"publish","type":"product","link":"http:\/\/pc-direkthandel.de\/wordpress\/product\/gigaset-elements-motion\/","title":{"rendered":"Gigaset elements motion"},"content":{"rendered":"<div class=\"b_product-view__column-introduction\">\n<div class=\"b_product-view__introduction-container\">\n<div class=\"b_product-view__subheadline\">Die sinnvolle Erg\u00e4nzung f\u00fcr Ihr Gigaset elements alarm system f\u00fcr gr\u00f6\u00dfere H\u00e4user und Wohnungen.<\/div>\n<div class=\"b_product-view__short-description\">\n<p>Der Bewegungssensor erweitert das Gigaset elements alarm system f\u00fcr jeden beliebigen Raum. Wenn sich Menschen bewegen, wird der Infrarot-Bewegungsmelder aktiviert.<\/p>\n<ul>\n<li><strong>Erweiterung f\u00fcr einen weiteren Raum\u00a0<\/strong><\/li>\n<li><strong>Infrarot-Bewegungsmelder f\u00fcr den Innenbereich<\/strong><\/li>\n<li><strong>Meldet, sobald sich Menschen zuhause bewegen (immun gegen kleine Haustiere bis ca. 25 kg)<\/strong><\/li>\n<li><strong>Kabellose Anbringung ohne Bohren (plug&amp;play)<\/strong><\/li>\n<li><strong>Batteriebetrieben (Lebensdauer der Batterien ca. 1-2 Jahre, je nach Nutzung)<\/strong><\/li>\n<li><strong>Kompatibel mit den Gigaset elements Alarmsystemen S, M, und L<\/strong><\/li>\n<\/ul>\n<\/div>\n<\/div>\n<\/div>\n","protected":false},"excerpt":{"rendered":"<p>Die sinnvolle Erg\u00e4nzung f\u00fcr Ihr Gigaset elements alarm system f\u00fcr gr\u00f6\u00dfere H\u00e4user und Wohnungen. Der Bewegungssensor erweitert das Gigaset elements alarm system f\u00fcr jeden beliebigen Raum. Wenn sich Menschen bewegen, wird der Infrarot-Bewegungsmelder aktiviert. Erweiterung f\u00fcr einen weiteren Raum\u00a0 Infrarot-Bewegungsmelder f\u00fcr den Innenbereich Meldet, sobald sich Menschen zuhause bewegen (immun gegen kleine Haustiere bis ca. [&hellip;]<\/p>\n","protected":false},"featured_media":4273,"comment_status":"open","ping_status":"closed","template":"","meta":{"_acf_changed":false},"product_cat":[317],"product_tag":[],"acf":[],"jetpack_sharing_enabled":true,"_links":{"self":[{"href":"http:\/\/pc-direkthandel.de\/wordpress\/wp-json\/wp\/v2\/product\/4272"}],"collection":[{"href":"http:\/\/pc-direkthandel.de\/wordpress\/wp-json\/wp\/v2\/product"}],"about":[{"href":"http:\/\/pc-direkthandel.de\/wordpress\/wp-json\/wp\/v2\/types\/product"}],"replies":[{"embeddable":true,"href":"http:\/\/pc-direkthandel.de\/wordpress\/wp-json\/wp\/v2\/comments?post=4272"}],"wp:featuredmedia":[{"embeddable":true,"href":"http:\/\/pc-direkthandel.de\/wordpress\/wp-json\/wp\/v2\/media\/4273"}],"wp:attachment":[{"href":"http:\/\/pc-direkthandel.de\/wordpress\/wp-json\/wp\/v2\/media?parent=4272"}],"wp:term":[{"taxonomy":"product_cat","embeddable":true,"href":"http:\/\/pc-direkthandel.de\/wordpress\/wp-json\/wp\/v2\/product_cat?post=4272"},{"taxonomy":"product_tag","embeddable":true,"href":"http:\/\/pc-direkthandel.de\/wordpress\/wp-json\/wp\/v2\/product_tag?post=4272"}],"curies":[{"name":"wp","href":"https:\/\/api.w.org\/{rel}","templated":true}]}}