{"id":4270,"date":"2019-10-10T19:15:47","date_gmt":"2019-10-10T17:15:47","guid":{"rendered":"http:\/\/pc-direkthandel.de\/wordpress\/?post_type=product&#038;p=4270"},"modified":"2019-10-10T19:16:50","modified_gmt":"2019-10-10T17:16:50","slug":"gigaset-elements-alarm-system-l","status":"publish","type":"product","link":"http:\/\/pc-direkthandel.de\/wordpress\/product\/gigaset-elements-alarm-system-l\/","title":{"rendered":"Gigaset elements alarm system L"},"content":{"rendered":"<div class=\"b_product-view__column-introduction\">\n<div class=\"b_product-view__introduction-container\">\n<div class=\"b_product-view__subheadline\">Die perfekte Sicherheitsl\u00f6sung mit WLAN Indoor-Kamera f\u00fcr gro\u00dfe Wohnungen und H\u00e4user.<\/p>\n<\/div>\n<div class=\"b_product-view__short-description\">\n<p>Verschiedene Sensoren schenken Ihrem Heim ein H\u00f6chstma\u00df an Sicherheit. Dabei zeigt Ihnen eine WLAN Indoor-Kamera, was zu Hause gerade passiert.<\/p>\n<p>elements alarm system L<\/p>\n<ul>\n<li><strong>1<\/strong><strong>\u00a0Basisstation base<\/strong><\/li>\n<li><strong>1 T\u00fcrsensor door\u00a0(universal)<\/strong><\/li>\n<li><strong>1 Bewegungssensor motion<\/strong><\/li>\n<li><strong>2 Fenstersensoren window\u00a0(universal)<\/strong><\/li>\n<li><strong>1 Alarmsirene siren<\/strong><\/li>\n<li><strong>1 WLAN-Indoor-Kamera camera<\/strong><\/li>\n<\/ul>\n<\/div>\n<\/div>\n<\/div>\n","protected":false},"excerpt":{"rendered":"<p>Die perfekte Sicherheitsl\u00f6sung mit WLAN Indoor-Kamera f\u00fcr gro\u00dfe Wohnungen und H\u00e4user. Verschiedene Sensoren schenken Ihrem Heim ein H\u00f6chstma\u00df an Sicherheit. Dabei zeigt Ihnen eine WLAN Indoor-Kamera, was zu Hause gerade passiert. elements alarm system L 1\u00a0Basisstation base 1 T\u00fcrsensor door\u00a0(universal) 1 Bewegungssensor motion 2 Fenstersensoren window\u00a0(universal) 1 Alarmsirene siren 1 WLAN-Indoor-Kamera camera<\/p>\n","protected":false},"featured_media":4271,"comment_status":"open","ping_status":"closed","template":"","meta":{"_acf_changed":false},"product_cat":[317],"product_tag":[],"acf":[],"jetpack_sharing_enabled":true,"_links":{"self":[{"href":"http:\/\/pc-direkthandel.de\/wordpress\/wp-json\/wp\/v2\/product\/4270"}],"collection":[{"href":"http:\/\/pc-direkthandel.de\/wordpress\/wp-json\/wp\/v2\/product"}],"about":[{"href":"http:\/\/pc-direkthandel.de\/wordpress\/wp-json\/wp\/v2\/types\/product"}],"replies":[{"embeddable":true,"href":"http:\/\/pc-direkthandel.de\/wordpress\/wp-json\/wp\/v2\/comments?post=4270"}],"wp:featuredmedia":[{"embeddable":true,"href":"http:\/\/pc-direkthandel.de\/wordpress\/wp-json\/wp\/v2\/media\/4271"}],"wp:attachment":[{"href":"http:\/\/pc-direkthandel.de\/wordpress\/wp-json\/wp\/v2\/media?parent=4270"}],"wp:term":[{"taxonomy":"product_cat","embeddable":true,"href":"http:\/\/pc-direkthandel.de\/wordpress\/wp-json\/wp\/v2\/product_cat?post=4270"},{"taxonomy":"product_tag","embeddable":true,"href":"http:\/\/pc-direkthandel.de\/wordpress\/wp-json\/wp\/v2\/product_tag?post=4270"}],"curies":[{"name":"wp","href":"https:\/\/api.w.org\/{rel}","templated":true}]}}