{"id":4268,"date":"2019-10-10T19:14:22","date_gmt":"2019-10-10T17:14:22","guid":{"rendered":"http:\/\/pc-direkthandel.de\/wordpress\/?post_type=product&#038;p=4268"},"modified":"2019-10-10T19:15:30","modified_gmt":"2019-10-10T17:15:30","slug":"gigaset-elements-alarm-system-m","status":"publish","type":"product","link":"http:\/\/pc-direkthandel.de\/wordpress\/product\/gigaset-elements-alarm-system-m\/","title":{"rendered":"Gigaset elements alarm system M"},"content":{"rendered":"<div class=\"b_product-view__column-introduction\">\n<div class=\"b_product-view__introduction-container\">\n<div class=\"b_product-view__subheadline\">Die perfekte Sicherheitsl\u00f6sung f\u00fcr Einfamilienh\u00e4user und ebenerdige Wohnungen.<\/div>\n<div class=\"b_product-view__short-description\">\n<p>Je ein T\u00fcr- und Bewegungssensor sowie zwei Fenstersensoren sorgen f\u00fcr Sicherheit Zuhause. Sobald etwas ge\u00f6ffnet wird oder sich jemand im Raum bewegt, werden Sie informiert.<\/p>\n<p>elements alarm system M<\/p>\n<ul>\n<li><strong>1<\/strong><strong>\u00a0Basisstation base<\/strong><\/li>\n<li><strong>1 T\u00fcrsensor door (universal)<\/strong><\/li>\n<li><strong>1 Bewegungssensor motion<\/strong><\/li>\n<li><strong>2 Fenstersensoren window (universal)<\/strong><\/li>\n<li><strong>1 Alarmsirene siren<\/strong><\/li>\n<\/ul>\n<\/div>\n<\/div>\n<\/div>\n","protected":false},"excerpt":{"rendered":"<p>Die perfekte Sicherheitsl\u00f6sung f\u00fcr Einfamilienh\u00e4user und ebenerdige Wohnungen. Je ein T\u00fcr- und Bewegungssensor sowie zwei Fenstersensoren sorgen f\u00fcr Sicherheit Zuhause. Sobald etwas ge\u00f6ffnet wird oder sich jemand im Raum bewegt, werden Sie informiert. elements alarm system M 1\u00a0Basisstation base 1 T\u00fcrsensor door (universal) 1 Bewegungssensor motion 2 Fenstersensoren window (universal) 1 Alarmsirene siren<\/p>\n","protected":false},"featured_media":4269,"comment_status":"open","ping_status":"closed","template":"","meta":{"_acf_changed":false},"product_cat":[317],"product_tag":[],"acf":[],"jetpack_sharing_enabled":true,"_links":{"self":[{"href":"http:\/\/pc-direkthandel.de\/wordpress\/wp-json\/wp\/v2\/product\/4268"}],"collection":[{"href":"http:\/\/pc-direkthandel.de\/wordpress\/wp-json\/wp\/v2\/product"}],"about":[{"href":"http:\/\/pc-direkthandel.de\/wordpress\/wp-json\/wp\/v2\/types\/product"}],"replies":[{"embeddable":true,"href":"http:\/\/pc-direkthandel.de\/wordpress\/wp-json\/wp\/v2\/comments?post=4268"}],"wp:featuredmedia":[{"embeddable":true,"href":"http:\/\/pc-direkthandel.de\/wordpress\/wp-json\/wp\/v2\/media\/4269"}],"wp:attachment":[{"href":"http:\/\/pc-direkthandel.de\/wordpress\/wp-json\/wp\/v2\/media?parent=4268"}],"wp:term":[{"taxonomy":"product_cat","embeddable":true,"href":"http:\/\/pc-direkthandel.de\/wordpress\/wp-json\/wp\/v2\/product_cat?post=4268"},{"taxonomy":"product_tag","embeddable":true,"href":"http:\/\/pc-direkthandel.de\/wordpress\/wp-json\/wp\/v2\/product_tag?post=4268"}],"curies":[{"name":"wp","href":"https:\/\/api.w.org\/{rel}","templated":true}]}}